{"id":108717,"date":"2024-09-25T16:57:29","date_gmt":"2024-09-25T14:57:29","guid":{"rendered":"https:\/\/watchdeluxe.it\/prodotto\/hublot-classic-fusion-king-gold-ref-591-ox-1480-rx\/"},"modified":"2026-04-10T16:35:10","modified_gmt":"2026-04-10T14:35:10","slug":"hublot-classic-fusion-king-gold-ref-591-ox-1480-rx","status":"publish","type":"product","link":"https:\/\/watchdeluxe.it\/fr\/prodotto\/hublot-classic-fusion-king-gold-ref-591-ox-1480-rx\/","title":{"rendered":"Hublot Classic Fusion King Gold r\u00e9f. 591.OX.1480.RX"},"content":{"rendered":"<p>Hublot Classic Fusion King Gold r\u00e9f. 591.OX.1480.RX<\/p>\n<p>FormeRonde<br \/>\nTaille29 mm<br \/>\nMat\u00e9riau du bo\u00eetierKing Gold 18K<br \/>\nType de verreSaphir<br \/>\n\u00c9tanch\u00e9it\u00e950 m<\/p>\n<p>Mouvement<\/p>\n<p>Mouvement\u00c0 quartz<br \/>\nCalibreHUB2915<\/p>\n<p>Fonctions<\/p>\n<p>ComplicationSimple<br \/>\nGuichet dateDate<\/p>\n<p>Cadran<\/p>\n<p>CadranNoir<\/p>\n<p>Bracelet<\/p>\n<p>BraceletCaoutchouc<\/p>\n","protected":false},"excerpt":{"rendered":"<p>Hublot Classic Fusion King Gold r\u00e9f. 591.OX.1480.RX FormeRonde Taille29 mm Mat\u00e9riau du bo\u00eetierKing Gold 18K Type de verreSaphir \u00c9tanch\u00e9it\u00e950 m Mouvement Mouvement\u00c0 quartz CalibreHUB2915 Fonctions ComplicationSimple Guichet dateDate Cadran CadranNoir Bracelet BraceletCaoutchouc<\/p>\n","protected":false},"featured_media":108708,"template":"","meta":{"_crdt_document":"","advanced_seo_description":"","jetpack_seo_html_title":"","jetpack_seo_noindex":false},"product_brand":[],"product_cat":[2223],"product_tag":[2227],"berocket_brand":[],"woo-feed-brand":[],"class_list":{"0":"post-108717","1":"product","2":"type-product","3":"status-publish","4":"has-post-thumbnail","6":"product_cat-hublot-fr","7":"product_tag-fusion-classique","9":"first","10":"instock","11":"sale","12":"taxable","13":"shipping-taxable","14":"purchasable","15":"product-type-simple"},"bundled_by":[],"bundle_stock_status":"instock","bundle_stock_quantity":1,"bundle_virtual":false,"bundle_layout":"","bundle_add_to_cart_form_location":"","bundle_editable_in_cart":false,"bundle_sold_individually_context":"","bundle_item_grouping":"","bundle_min_size":"","bundle_max_size":"","bundle_price":[],"bundled_items":[],"bundle_sell_ids":[],"group_of_quantity":0,"min_quantity":0,"max_quantity":"","exclude_order_quantity_value_rules":"no","exclude_category_quantity_rules":"no","combine_variations":"no","exclude_global_add_ons":[],"addons":[],"jetpack_sharing_enabled":true,"jetpack_likes_enabled":true,"_links":{"self":[{"href":"https:\/\/watchdeluxe.it\/fr\/wp-json\/wp\/v2\/product\/108717","targetHints":{"allow":["GET"]}}],"collection":[{"href":"https:\/\/watchdeluxe.it\/fr\/wp-json\/wp\/v2\/product"}],"about":[{"href":"https:\/\/watchdeluxe.it\/fr\/wp-json\/wp\/v2\/types\/product"}],"wp:featuredmedia":[{"embeddable":true,"href":"https:\/\/watchdeluxe.it\/fr\/wp-json\/wp\/v2\/media\/108708"}],"wp:attachment":[{"href":"https:\/\/watchdeluxe.it\/fr\/wp-json\/wp\/v2\/media?parent=108717"}],"wp:term":[{"taxonomy":"product_brand","embeddable":true,"href":"https:\/\/watchdeluxe.it\/fr\/wp-json\/wp\/v2\/product_brand?post=108717"},{"taxonomy":"product_cat","embeddable":true,"href":"https:\/\/watchdeluxe.it\/fr\/wp-json\/wp\/v2\/product_cat?post=108717"},{"taxonomy":"product_tag","embeddable":true,"href":"https:\/\/watchdeluxe.it\/fr\/wp-json\/wp\/v2\/product_tag?post=108717"},{"taxonomy":"berocket_brand","embeddable":true,"href":"https:\/\/watchdeluxe.it\/fr\/wp-json\/wp\/v2\/berocket_brand?post=108717"},{"taxonomy":"woo-feed-brand","embeddable":true,"href":"https:\/\/watchdeluxe.it\/fr\/wp-json\/wp\/v2\/woo-feed-brand?post=108717"}],"curies":[{"name":"wp","href":"https:\/\/api.w.org\/{rel}","templated":true}]}}