{"id":108688,"date":"2024-09-25T15:01:01","date_gmt":"2024-09-25T13:01:01","guid":{"rendered":"https:\/\/watchdeluxe.it\/prodotto\/longines-master-34-mm-ref-l23574706\/"},"modified":"2024-09-25T15:01:01","modified_gmt":"2024-09-25T13:01:01","slug":"longines-master-34-mm-ref-l23574706","status":"publish","type":"product","link":"https:\/\/watchdeluxe.it\/fr\/prodotto\/longines-master-34-mm-ref-l23574706\/","title":{"rendered":"Longines Master 34 mm ref.\nL23574706"},"content":{"rendered":"<p>Longines Master 34 mm ref.<br \/>\nL23574706<\/p>\n<table width=\"100%\">\n<tbody>\n<tr>\n<td>Mouvement<\/td>\n<td>Automatique avec une fr\u00e9quence de 28&#8217;800 alternances par heure et une r\u00e9serve de marche d&#8217;environ 45 heures.<\/td>\n<\/tr>\n<tr style=\"height: 19px;\">\n<td>Antimagn\u00e9tique<\/td>\n<td>Non<\/td>\n<\/tr>\n<tr style=\"height: 10px;\">\n<td><strong>Cas<\/strong><\/td>\n<td><\/td>\n<\/tr>\n<tr>\n<td>Forme<\/td>\n<td>Ronde<\/td>\n<\/tr>\n<tr>\n<td>Cadran<\/td>\n<td>Argent avec chiffres arabes grav\u00e9s en rose<\/td>\n<\/tr>\n<tr>\n<td>Mat\u00e9riau<\/td>\n<td>Acier inoxydable<\/td>\n<\/tr>\n<tr>\n<td>Verre<\/td>\n<td>Verre saphir inrayable<\/td>\n<\/tr>\n<tr>\n<td>Dos<\/td>\n<td>Fond transparent en verre saphir<\/td>\n<\/tr>\n<tr>\n<td>Diam\u00e8tre<\/td>\n<td>34,00 mm<\/td>\n<\/tr>\n<tr>\n<td><strong>Courroie<\/strong><\/td>\n<td><\/td>\n<\/tr>\n<tr>\n<td>Mat\u00e9riau<\/td>\n<td>Acier inoxydable<\/td>\n<\/tr>\n<tr>\n<td>Couleur<\/td>\n<td>Acier<\/td>\n<\/tr>\n<tr>\n<td>Boucle<\/td>\n<td>Avec m\u00e9canisme d&#8217;ouverture par poussoir de la boucle d\u00e9ployante<\/td>\n<\/tr>\n<\/tbody>\n<\/table>\n","protected":false},"excerpt":{"rendered":"<p>Longines Master 34 mm ref. L23574706 Mouvement Automatique avec une fr\u00e9quence de 28&#8217;800 alternances par heure et une r\u00e9serve de marche d&#8217;environ 45 heures. Antimagn\u00e9tique Non Cas Forme Ronde Cadran Argent avec chiffres arabes grav\u00e9s en rose Mat\u00e9riau Acier inoxydable Verre Verre saphir inrayable Dos Fond transparent en verre saphir Diam\u00e8tre 34,00 mm Courroie Mat\u00e9riau [&hellip;]<\/p>\n","protected":false},"featured_media":108683,"template":"","meta":{"_crdt_document":"","advanced_seo_description":"","jetpack_seo_html_title":"","jetpack_seo_noindex":false},"product_brand":[],"product_cat":[2191],"product_tag":[2988],"berocket_brand":[],"woo-feed-brand":[],"class_list":{"0":"post-108688","1":"product","2":"type-product","3":"status-publish","4":"has-post-thumbnail","6":"product_cat-longines-en","7":"product_tag-master-en","9":"first","10":"instock","11":"sale","12":"taxable","13":"shipping-taxable","14":"purchasable","15":"product-type-simple"},"bundled_by":[],"bundle_stock_status":"instock","bundle_stock_quantity":null,"bundle_virtual":false,"bundle_layout":"","bundle_add_to_cart_form_location":"","bundle_editable_in_cart":false,"bundle_sold_individually_context":"","bundle_item_grouping":"","bundle_min_size":"","bundle_max_size":"","bundle_price":[],"bundled_items":[],"bundle_sell_ids":[],"group_of_quantity":0,"min_quantity":0,"max_quantity":"","exclude_order_quantity_value_rules":"no","exclude_category_quantity_rules":"no","combine_variations":"no","jetpack_sharing_enabled":true,"jetpack_likes_enabled":true,"_links":{"self":[{"href":"https:\/\/watchdeluxe.it\/fr\/wp-json\/wp\/v2\/product\/108688","targetHints":{"allow":["GET"]}}],"collection":[{"href":"https:\/\/watchdeluxe.it\/fr\/wp-json\/wp\/v2\/product"}],"about":[{"href":"https:\/\/watchdeluxe.it\/fr\/wp-json\/wp\/v2\/types\/product"}],"wp:featuredmedia":[{"embeddable":true,"href":"https:\/\/watchdeluxe.it\/fr\/wp-json\/wp\/v2\/media\/108683"}],"wp:attachment":[{"href":"https:\/\/watchdeluxe.it\/fr\/wp-json\/wp\/v2\/media?parent=108688"}],"wp:term":[{"taxonomy":"product_brand","embeddable":true,"href":"https:\/\/watchdeluxe.it\/fr\/wp-json\/wp\/v2\/product_brand?post=108688"},{"taxonomy":"product_cat","embeddable":true,"href":"https:\/\/watchdeluxe.it\/fr\/wp-json\/wp\/v2\/product_cat?post=108688"},{"taxonomy":"product_tag","embeddable":true,"href":"https:\/\/watchdeluxe.it\/fr\/wp-json\/wp\/v2\/product_tag?post=108688"},{"taxonomy":"berocket_brand","embeddable":true,"href":"https:\/\/watchdeluxe.it\/fr\/wp-json\/wp\/v2\/berocket_brand?post=108688"},{"taxonomy":"woo-feed-brand","embeddable":true,"href":"https:\/\/watchdeluxe.it\/fr\/wp-json\/wp\/v2\/woo-feed-brand?post=108688"}],"curies":[{"name":"wp","href":"https:\/\/api.w.org\/{rel}","templated":true}]}}