{"id":108632,"date":"2024-11-27T15:59:34","date_gmt":"2024-11-27T14:59:34","guid":{"rendered":"https:\/\/watchdeluxe.it\/prodotto\/tag-heuer-carrera-extreme-sport-chronograph-ref-cbu2080-ft6272\/"},"modified":"2024-11-27T15:59:44","modified_gmt":"2024-11-27T14:59:44","slug":"tag-heuer-carrera-extreme-sport-chronograph-ref-cbu2080-ft6272","status":"publish","type":"product","link":"https:\/\/watchdeluxe.it\/fr\/prodotto\/tag-heuer-carrera-extreme-sport-chronograph-ref-cbu2080-ft6272\/","title":{"rendered":"Tag Heuer Carrera Extreme Sport Chronograph Ref.\nCBU2080.FT6272"},"content":{"rendered":"<p>Tag Heuer Carrera Extreme Sport Chronograph Ref.<br \/>\nCBU2080.FT6272<\/p>\n<div class=\"col-12 col-lg-4\">\n<p> <span class=\"spec-title text-uppercase\"> Taille <\/span> <span class=\"spec-value\"> 44 mm <\/span> <\/p>\n<\/div>\n<div class=\"col-12 col-lg-4\">\n<p> <span class=\"spec-title text-uppercase\"> Epaisseur <\/span> <span class=\"spec-value\"> 15,1 mm <\/span> <\/p>\n<\/div>\n<div class=\"col-12 col-lg-4\">\n<p> <span class=\"spec-title text-uppercase\"> Distance entre les ergots <\/span> <span class=\"spec-value\"> 22,1 mm <\/span> <\/p>\n<\/div>\n<div class=\"col-12 col-lg-4\">\n<p> <span class=\"spec-title text-uppercase\"> R\u00e9sistance \u00e0 l&#8217;eau <\/span> <span class=\"spec-value\"> 100 m <\/span> <\/p>\n<\/div>\n<div class=\"col-12 col-lg-4\">\n<p> <span class=\"spec-title text-uppercase\"> Corps du bo\u00eetier <\/span> <span class=\"spec-value\"> Titane avec rev\u00eatement DLC Satin\u00e9\/ sabl\u00e9 <\/span> <\/p>\n<\/div>\n<div class=\"col-12 col-lg-4\">\n<p> <span class=\"spec-title text-uppercase\"> Couronne <\/span> <span class=\"spec-value\"> Titane DLC noir <\/span> <\/p>\n<\/div>\n<div class=\"col-12 col-lg-4\">\n<p><span class=\"spec-title text-uppercase\">  Dos de l&#8217;\u00e9tui  <\/span> <span class=\"spec-value\">  Verre saphir &#8211; Titane DLC noir  <\/span><\/p>\n<div class=\"col-12 col-lg-4\">\n<p> <span class=\"spec-title text-uppercase\"> Calibre <\/span> <span class=\"spec-value\"> TH20-00 <\/span> <\/p>\n<\/div>\n<div class=\"col-12 col-lg-4\">\n<p> <span class=\"spec-title text-uppercase\"> Mouvement <\/span> <span class=\"spec-value\"> Automatique <\/span> <\/p>\n<\/div>\n<div class=\"col-12 col-lg-4\">\n<p> <span class=\"spec-title text-uppercase\"> Mouvement de manufacture <\/span> <span class=\"spec-value\"> Oui <\/span> <\/p>\n<\/div>\n<div class=\"col-12 col-lg-4\">\n<p> <span class=\"spec-title text-uppercase\"> R\u00e9serve de marche (heures) <\/span> <span class=\"spec-value\"> 80 <\/span> <\/p>\n<\/div>\n<div class=\"col-12 col-lg-4\">\n<p> <span class=\"spec-title text-uppercase\"> Fr\u00e9quence de la bascule <\/span> <span class=\"spec-value\"> 28800 (4Hz) <\/span> <\/p>\n<\/div>\n<div class=\"col-12 col-lg-4\">\n<p> <span class=\"spec-title text-uppercase\"> Fonctions <\/span> <span class=\"spec-value\"> Heures, minutes, secondes, chronographe : 1\/4 de seconde, compteur 30 minutes, compteur 12 heures, date <\/span> <\/p>\n<div id=\"collapsestrap\" class=\"collapse show\" aria-labelledby=\"headingstrap\" data-parent=\"#tech-accordion\">\n<div class=\"card-body\">\n<div class=\"row\">\n<div class=\"col-12 col-lg-4\">\n<p> <span class=\"spec-title text-uppercase\"> Mat\u00e9riau du bracelet <\/span> <span class=\"spec-value\"> caoutchouc <\/span> <\/p>\n<\/div>\n<div class=\"col-12 col-lg-4\">\n<p> <span class=\"spec-title text-uppercase\"> Couleur <\/span> <span class=\"spec-value\"> Noir <\/span> <\/p>\n<\/div>\n<div class=\"col-12 col-lg-4\">\n<p> <span class=\"spec-title text-uppercase\"> Boucle <\/span> <span class=\"spec-value\"> Boucle d\u00e9ployante avec boutons &#8211; Titane DLC noir <\/span> <\/p>\n<\/div>\n<\/div>\n<\/div>\n<\/div>\n<\/div>\n<\/div>\n","protected":false},"excerpt":{"rendered":"<p>Tag Heuer Carrera Extreme Sport Chronograph Ref. CBU2080.FT6272 Taille 44 mm Epaisseur 15,1 mm Distance entre les ergots 22,1 mm R\u00e9sistance \u00e0 l&#8217;eau 100 m Corps du bo\u00eetier Titane avec rev\u00eatement DLC Satin\u00e9\/ sabl\u00e9 Couronne Titane DLC noir Dos de l&#8217;\u00e9tui Verre saphir &#8211; Titane DLC noir Calibre TH20-00 Mouvement Automatique Mouvement de manufacture Oui [&hellip;]<\/p>\n","protected":false},"featured_media":108627,"template":"","meta":{"_crdt_document":"","advanced_seo_description":"","jetpack_seo_html_title":"","jetpack_seo_noindex":false},"product_brand":[2161],"product_cat":[1920],"product_tag":[3738],"berocket_brand":[],"woo-feed-brand":[],"class_list":{"0":"post-108632","1":"product","2":"type-product","3":"status-publish","4":"has-post-thumbnail","6":"product_brand-tag-heuer","7":"product_cat-tag-heuer","8":"product_tag-carrera-2","10":"first","11":"instock","12":"sale","13":"taxable","14":"shipping-taxable","15":"purchasable","16":"product-type-simple"},"bundled_by":[],"bundle_stock_status":"instock","bundle_stock_quantity":1,"bundle_virtual":false,"bundle_layout":"","bundle_add_to_cart_form_location":"","bundle_editable_in_cart":false,"bundle_sold_individually_context":"","bundle_item_grouping":"","bundle_min_size":"","bundle_max_size":"","bundle_price":[],"bundled_items":[],"bundle_sell_ids":[],"group_of_quantity":0,"min_quantity":0,"max_quantity":"","exclude_order_quantity_value_rules":"no","exclude_category_quantity_rules":"no","combine_variations":"no","jetpack_sharing_enabled":true,"jetpack_likes_enabled":true,"_links":{"self":[{"href":"https:\/\/watchdeluxe.it\/fr\/wp-json\/wp\/v2\/product\/108632","targetHints":{"allow":["GET"]}}],"collection":[{"href":"https:\/\/watchdeluxe.it\/fr\/wp-json\/wp\/v2\/product"}],"about":[{"href":"https:\/\/watchdeluxe.it\/fr\/wp-json\/wp\/v2\/types\/product"}],"wp:featuredmedia":[{"embeddable":true,"href":"https:\/\/watchdeluxe.it\/fr\/wp-json\/wp\/v2\/media\/108627"}],"wp:attachment":[{"href":"https:\/\/watchdeluxe.it\/fr\/wp-json\/wp\/v2\/media?parent=108632"}],"wp:term":[{"taxonomy":"product_brand","embeddable":true,"href":"https:\/\/watchdeluxe.it\/fr\/wp-json\/wp\/v2\/product_brand?post=108632"},{"taxonomy":"product_cat","embeddable":true,"href":"https:\/\/watchdeluxe.it\/fr\/wp-json\/wp\/v2\/product_cat?post=108632"},{"taxonomy":"product_tag","embeddable":true,"href":"https:\/\/watchdeluxe.it\/fr\/wp-json\/wp\/v2\/product_tag?post=108632"},{"taxonomy":"berocket_brand","embeddable":true,"href":"https:\/\/watchdeluxe.it\/fr\/wp-json\/wp\/v2\/berocket_brand?post=108632"},{"taxonomy":"woo-feed-brand","embeddable":true,"href":"https:\/\/watchdeluxe.it\/fr\/wp-json\/wp\/v2\/woo-feed-brand?post=108632"}],"curies":[{"name":"wp","href":"https:\/\/api.w.org\/{rel}","templated":true}]}}