{"id":108418,"date":"2023-03-17T19:17:49","date_gmt":"2023-03-17T18:17:49","guid":{"rendered":"https:\/\/watchdeluxe.it\/prodotto\/breitling-superocean-heritage-ii-chronographe-ref-ab0162121b1a1\/"},"modified":"2023-03-17T19:17:49","modified_gmt":"2023-03-17T18:17:49","slug":"breitling-superocean-heritage-ii-chronographe-ref-ab0162121b1a1","status":"publish","type":"product","link":"https:\/\/watchdeluxe.it\/fr\/prodotto\/breitling-superocean-heritage-ii-chronographe-ref-ab0162121b1a1\/","title":{"rendered":"Breitling Superocean H\u00e9ritage II Chronographe ref.AB0162121B1A1"},"content":{"rendered":"<table>\n<tbody>\n<tr>\n<td><strong>Num\u00e9ro de l&#8217;offre<\/strong><\/td>\n<td><\/td>\n<\/tr>\n<tr>\n<td><strong>Num\u00e9ro de r\u00e9f\u00e9rence<\/strong><\/td>\n<td>AB0162121B1A1<\/td>\n<\/tr>\n<tr>\n<td><strong>Marque<\/strong><\/td>\n<td>Breitling<\/td>\n<\/tr>\n<tr>\n<td><strong>Mod\u00e8le (Montre)<\/strong><\/td>\n<td>Superocean H\u00e9ritage II Chronographe<\/td>\n<\/tr>\n<tr>\n<td><strong>Chargement<\/strong><\/td>\n<td>Automatique<\/td>\n<\/tr>\n<tr>\n<td><strong>Mat\u00e9riau du bo\u00eetier<\/strong><\/td>\n<td>Acier<\/td>\n<\/tr>\n<tr>\n<td><strong>Mat\u00e9riau de la sangle<\/strong><\/td>\n<td>Acier<\/td>\n<\/tr>\n<tr>\n<td><strong>Ann\u00e9e<\/strong><\/td>\n<td>2019<\/td>\n<\/tr>\n<tr>\n<td><strong>\u00c9tat de conservation<\/strong><\/td>\n<td>Nouveau (neuf et non marqu\u00e9)<\/td>\n<\/tr>\n<tr>\n<td><strong>Kit<\/strong><\/td>\n<td><i class=\"i-info js-popover text-muted pointer pull-right\" title=\"\" data-placement=\"left\" data-original-title=\"\"><\/i> Avec la bo\u00eete et les documents d&#8217;origine<\/td>\n<\/tr>\n<tr>\n<td><strong>Genre<\/strong><\/td>\n<td>Montre pour hommes\/Unisexe<\/td>\n<\/tr>\n<tr>\n<td><strong>Si\u00e8ge social<\/strong><\/td>\n<td>Italie, Torino<\/td>\n<\/tr>\n<\/tbody>\n<tbody>\n<tr>\n<td colspan=\"2\">\n<p class=\"h3 text-left m-b-0\">Calibre<\/p>\n<\/td>\n<\/tr>\n<tr>\n<td><strong>Chargement<\/strong><\/td>\n<td>Automatique<\/td>\n<\/tr>\n<tr>\n<td><strong>R\u00e9serve de marche<\/strong><\/td>\n<td>70 h<\/td>\n<\/tr>\n<tr>\n<td><strong>Nombre de pierres<\/strong><\/td>\n<td>47<\/td>\n<\/tr>\n<\/tbody>\n<tbody>\n<tr>\n<td colspan=\"2\">\n<p class=\"h3 text-left m-b-0\">Cas<\/p>\n<\/td>\n<\/tr>\n<tr>\n<td><strong>Mat\u00e9riau du bo\u00eetier<\/strong><\/td>\n<td>Acier<\/td>\n<\/tr>\n<tr>\n<td><strong>Diam\u00e8tre<\/strong><\/td>\n<td>44 mm<\/td>\n<\/tr>\n<tr>\n<td><strong>Imperm\u00e9able \u00e0 l&#8217;eau<\/strong><\/td>\n<td>20 ATM<\/td>\n<\/tr>\n<tr>\n<td><strong>Verre saphir<\/strong><\/td>\n<td>Verre saphir<\/td>\n<\/tr>\n<tr>\n<td><strong>Cadran<\/strong><\/td>\n<td>Noir<\/td>\n<\/tr>\n<\/tbody>\n<tbody>\n<tr>\n<td colspan=\"2\">\n<p class=\"h3 text-left m-b-0\">Courroie<\/p>\n<\/td>\n<\/tr>\n<tr>\n<td><strong>Mat\u00e9riau de la sangle<\/strong><\/td>\n<td>Acier<\/td>\n<\/tr>\n<tr>\n<td><strong>Couleur du bracelet<\/strong><\/td>\n<td>Acier<\/td>\n<\/tr>\n<tr>\n<td><strong>Fermeture<\/strong><\/td>\n<td>D\u00e9ployante<\/td>\n<\/tr>\n<tr>\n<td><strong>Mat\u00e9riau de fermeture<\/strong><\/td>\n<td>Acier<\/td>\n<\/tr>\n<\/tbody>\n<tbody>\n<tr>\n<td colspan=\"2\">\n<p class=\"h3 text-left m-b-0\">Fonctions<\/p>\n<\/td>\n<\/tr>\n<tr>\n<td colspan=\"2\">Chronographe, Date<\/td>\n<\/tr>\n<\/tbody>\n<\/table>\n","protected":false},"excerpt":{"rendered":"<p>Num\u00e9ro de l&#8217;offre Num\u00e9ro de r\u00e9f\u00e9rence AB0162121B1A1 Marque Breitling Mod\u00e8le (Montre) Superocean H\u00e9ritage II Chronographe Chargement Automatique Mat\u00e9riau du bo\u00eetier Acier Mat\u00e9riau de la sangle Acier Ann\u00e9e 2019 \u00c9tat de conservation Nouveau (neuf et non marqu\u00e9) Kit Avec la bo\u00eete et les documents d&#8217;origine Genre Montre pour hommes\/Unisexe Si\u00e8ge social Italie, Torino Calibre Chargement Automatique [&hellip;]<\/p>\n","protected":false},"featured_media":108412,"template":"","meta":{"_crdt_document":"","advanced_seo_description":"","jetpack_seo_html_title":"","jetpack_seo_noindex":false},"product_brand":[],"product_cat":[2657],"product_tag":[],"berocket_brand":[],"woo-feed-brand":[],"class_list":{"0":"post-108418","1":"product","2":"type-product","3":"status-publish","4":"has-post-thumbnail","6":"product_cat-breitling-fr","8":"first","9":"instock","10":"sale","11":"taxable","12":"shipping-taxable","13":"purchasable","14":"product-type-simple"},"bundled_by":[],"bundle_stock_status":"instock","bundle_stock_quantity":1,"bundle_virtual":false,"bundle_layout":"","bundle_add_to_cart_form_location":"","bundle_editable_in_cart":false,"bundle_sold_individually_context":"","bundle_item_grouping":"","bundle_min_size":"","bundle_max_size":"","bundle_price":[],"bundled_items":[],"bundle_sell_ids":[],"group_of_quantity":0,"min_quantity":0,"max_quantity":"","exclude_order_quantity_value_rules":"no","exclude_category_quantity_rules":"no","combine_variations":"no","jetpack_sharing_enabled":true,"jetpack_likes_enabled":true,"_links":{"self":[{"href":"https:\/\/watchdeluxe.it\/fr\/wp-json\/wp\/v2\/product\/108418","targetHints":{"allow":["GET"]}}],"collection":[{"href":"https:\/\/watchdeluxe.it\/fr\/wp-json\/wp\/v2\/product"}],"about":[{"href":"https:\/\/watchdeluxe.it\/fr\/wp-json\/wp\/v2\/types\/product"}],"wp:featuredmedia":[{"embeddable":true,"href":"https:\/\/watchdeluxe.it\/fr\/wp-json\/wp\/v2\/media\/108412"}],"wp:attachment":[{"href":"https:\/\/watchdeluxe.it\/fr\/wp-json\/wp\/v2\/media?parent=108418"}],"wp:term":[{"taxonomy":"product_brand","embeddable":true,"href":"https:\/\/watchdeluxe.it\/fr\/wp-json\/wp\/v2\/product_brand?post=108418"},{"taxonomy":"product_cat","embeddable":true,"href":"https:\/\/watchdeluxe.it\/fr\/wp-json\/wp\/v2\/product_cat?post=108418"},{"taxonomy":"product_tag","embeddable":true,"href":"https:\/\/watchdeluxe.it\/fr\/wp-json\/wp\/v2\/product_tag?post=108418"},{"taxonomy":"berocket_brand","embeddable":true,"href":"https:\/\/watchdeluxe.it\/fr\/wp-json\/wp\/v2\/berocket_brand?post=108418"},{"taxonomy":"woo-feed-brand","embeddable":true,"href":"https:\/\/watchdeluxe.it\/fr\/wp-json\/wp\/v2\/woo-feed-brand?post=108418"}],"curies":[{"name":"wp","href":"https:\/\/api.w.org\/{rel}","templated":true}]}}