{"id":108347,"date":"2024-09-19T18:17:43","date_gmt":"2024-09-19T16:17:43","guid":{"rendered":"https:\/\/watchdeluxe.it\/prodotto\/tag-heuer-carrera-date-lady-diamants-ref-wbn231c-ba0001\/"},"modified":"2026-01-19T12:13:55","modified_gmt":"2026-01-19T11:13:55","slug":"tag-heuer-carrera-date-lady-diamants-ref-wbn231c-ba0001","status":"publish","type":"product","link":"https:\/\/watchdeluxe.it\/fr\/prodotto\/tag-heuer-carrera-date-lady-diamants-ref-wbn231c-ba0001\/","title":{"rendered":"Tag Heuer carrera date lady diamants ref.\nWBN231C.BA0001"},"content":{"rendered":"<p>Tag Heuer carrera date lady diamants ref.<br \/>\nWBN231C.BA0001<\/p>\n<div class=\"bg-light-gray p-3 p-lg-4\">\n<div class=\"row\"><\/div>\n<div class=\"row\">\n<div class=\"col-5 col-lg-4\">Type Temps seulement<\/div>\n<\/div>\n<div class=\"row\">\n<div class=\"col-5 col-lg-4\">Mouvement automatique<\/div>\n<\/div>\n<div class=\"row\">\n<div class=\"col-5 col-lg-4\">Dimensions du bo\u00eetier \u00d8 36 MM<\/div>\n<\/div>\n<div class=\"row\">\n<div class=\"col-5 col-lg-4\">Mat\u00e9riau Acier<\/div>\n<\/div>\n<div class=\"row\">\n<div class=\"col-5 col-lg-4\">Sangle d&#8217;acier<\/div>\n<\/div>\n<div class=\"row\">\n<div class=\"col-5 col-lg-4\">R\u00e9sistance \u00e0 l&#8217;eau 5 ATM<\/div>\n<\/div>\n<div class=\"row\">\n<div class=\"col-5 col-lg-4\">Cadran en nacre<\/div>\n<\/div>\n<div class=\"row\">\n<div class=\"col-5 col-lg-4\">Verre saphir<\/div>\n<\/div>\n<div class=\"row\">\n<div class=\"col-5 col-lg-4\">Fermeture par pliage<\/div>\n<\/div>\n<div class=\"row\"><\/div>\n<div class=\"row\">\n<div class=\"col-5 col-lg-4\"><\/div>\n<div class=\"col-7 col-lg-8\">Femme<\/div>\n<\/div>\n<\/div>\n","protected":false},"excerpt":{"rendered":"<p>Tag Heuer carrera date lady diamants ref. WBN231C.BA0001 Type Temps seulement Mouvement automatique Dimensions du bo\u00eetier \u00d8 36 MM Mat\u00e9riau Acier Sangle d&#8217;acier R\u00e9sistance \u00e0 l&#8217;eau 5 ATM Cadran en nacre Verre saphir Fermeture par pliage Femme<\/p>\n","protected":false},"featured_media":108342,"template":"","meta":{"_crdt_document":"","advanced_seo_description":"","jetpack_seo_html_title":"","jetpack_seo_noindex":false},"product_brand":[2161],"product_cat":[2909],"product_tag":[2357],"berocket_brand":[],"woo-feed-brand":[],"class_list":{"0":"post-108347","1":"product","2":"type-product","3":"status-publish","4":"has-post-thumbnail","6":"product_brand-tag-heuer","7":"product_cat-tag-heuer-en","8":"product_tag-carrera-en","10":"first","11":"instock","12":"sale","13":"taxable","14":"shipping-taxable","15":"purchasable","16":"product-type-simple"},"bundled_by":[],"bundle_stock_status":"instock","bundle_stock_quantity":1,"bundle_virtual":false,"bundle_layout":"","bundle_add_to_cart_form_location":"","bundle_editable_in_cart":false,"bundle_sold_individually_context":"","bundle_item_grouping":"","bundle_min_size":"","bundle_max_size":"","bundle_price":[],"bundled_items":[],"bundle_sell_ids":[],"group_of_quantity":0,"min_quantity":0,"max_quantity":"","exclude_order_quantity_value_rules":"no","exclude_category_quantity_rules":"no","combine_variations":"no","jetpack_sharing_enabled":true,"jetpack_likes_enabled":true,"_links":{"self":[{"href":"https:\/\/watchdeluxe.it\/fr\/wp-json\/wp\/v2\/product\/108347","targetHints":{"allow":["GET"]}}],"collection":[{"href":"https:\/\/watchdeluxe.it\/fr\/wp-json\/wp\/v2\/product"}],"about":[{"href":"https:\/\/watchdeluxe.it\/fr\/wp-json\/wp\/v2\/types\/product"}],"wp:featuredmedia":[{"embeddable":true,"href":"https:\/\/watchdeluxe.it\/fr\/wp-json\/wp\/v2\/media\/108342"}],"wp:attachment":[{"href":"https:\/\/watchdeluxe.it\/fr\/wp-json\/wp\/v2\/media?parent=108347"}],"wp:term":[{"taxonomy":"product_brand","embeddable":true,"href":"https:\/\/watchdeluxe.it\/fr\/wp-json\/wp\/v2\/product_brand?post=108347"},{"taxonomy":"product_cat","embeddable":true,"href":"https:\/\/watchdeluxe.it\/fr\/wp-json\/wp\/v2\/product_cat?post=108347"},{"taxonomy":"product_tag","embeddable":true,"href":"https:\/\/watchdeluxe.it\/fr\/wp-json\/wp\/v2\/product_tag?post=108347"},{"taxonomy":"berocket_brand","embeddable":true,"href":"https:\/\/watchdeluxe.it\/fr\/wp-json\/wp\/v2\/berocket_brand?post=108347"},{"taxonomy":"woo-feed-brand","embeddable":true,"href":"https:\/\/watchdeluxe.it\/fr\/wp-json\/wp\/v2\/woo-feed-brand?post=108347"}],"curies":[{"name":"wp","href":"https:\/\/api.w.org\/{rel}","templated":true}]}}