{"id":107881,"date":"2024-09-16T17:58:44","date_gmt":"2024-09-16T15:58:44","guid":{"rendered":"https:\/\/watchdeluxe.it\/prodotto\/montblanc-1858-geosphere-carbo%e2%82%82-0-oxygen-limited-edition-ref-132300\/"},"modified":"2026-04-09T09:33:06","modified_gmt":"2026-04-09T07:33:06","slug":"montblanc-1858-geosphere-carbo%e2%82%82-0-oxygen-limited-edition-ref-132300","status":"publish","type":"product","link":"https:\/\/watchdeluxe.it\/fr\/prodotto\/montblanc-1858-geosphere-carbo%e2%82%82-0-oxygen-limited-edition-ref-132300\/","title":{"rendered":"Montblanc 1858 Geosphere Carbo\u2082 0 Oxygen \u00c9dition Limit\u00e9e r\u00e9f. 132300"},"content":{"rendered":"<p>Montblanc 1858 Geosphere Carbo\u2082 0 Oxygen \u00c9dition Limit\u00e9e r\u00e9f. 132300<\/p>\n<p>FormeRonde<br \/>\nTaille43,5 MM<br \/>\nMat\u00e9riau du bo\u00eetierCARBONE ET TITANE<br \/>\nType de verreSaphir<br \/>\n\u00c9tanch\u00e9it\u00e9100 M<\/p>\n<p>Mouvement<\/p>\n<p>MouvementAutomatique<br \/>\nCalibreMB 29.25<\/p>\n<p>Fonctions<\/p>\n<p>ComplicationHEURES DU MONDE, DOUBLE FUSEAU<br \/>\nDateDate<\/p>\n<p>Cadran<\/p>\n<p>CadranNoir d\u00e9grad\u00e9<\/p>\n<p>Bracelet<\/p>\n<p>BraceletCaoutchouc<\/p>\n<p>Plus de d\u00e9tails<\/p>\n<p>Ligne1858<br \/>\n\u00c9dition\u00c9dition limit\u00e9e \u00e0 1969 exemplaires<\/p>\n","protected":false},"excerpt":{"rendered":"<p>Montblanc 1858 Geosphere Carbo\u2082 0 Oxygen \u00c9dition Limit\u00e9e r\u00e9f. 132300 FormeRonde Taille43,5 MM Mat\u00e9riau du bo\u00eetierCARBONE ET TITANE Type de verreSaphir \u00c9tanch\u00e9it\u00e9100 M Mouvement MouvementAutomatique CalibreMB 29.25 Fonctions ComplicationHEURES DU MONDE, DOUBLE FUSEAU DateDate Cadran CadranNoir d\u00e9grad\u00e9 Bracelet BraceletCaoutchouc Plus de d\u00e9tails Ligne1858 \u00c9dition\u00c9dition limit\u00e9e \u00e0 1969 exemplaires<\/p>\n","protected":false},"featured_media":107873,"template":"","meta":{"_crdt_document":"","advanced_seo_description":"","jetpack_seo_html_title":"","jetpack_seo_noindex":false},"product_brand":[],"product_cat":[2241],"product_tag":[2410],"berocket_brand":[],"woo-feed-brand":[],"class_list":{"0":"post-107881","1":"product","2":"type-product","3":"status-publish","4":"has-post-thumbnail","6":"product_cat-montblanc-fr","7":"product_tag-1858-fr","9":"first","10":"instock","11":"sale","12":"taxable","13":"shipping-taxable","14":"purchasable","15":"product-type-simple"},"bundled_by":[],"bundle_stock_status":"instock","bundle_stock_quantity":1,"bundle_virtual":false,"bundle_layout":"","bundle_add_to_cart_form_location":"","bundle_editable_in_cart":false,"bundle_sold_individually_context":"","bundle_item_grouping":"","bundle_min_size":"","bundle_max_size":"","bundle_price":[],"bundled_items":[],"bundle_sell_ids":[],"group_of_quantity":0,"min_quantity":0,"max_quantity":"","exclude_order_quantity_value_rules":"no","exclude_category_quantity_rules":"no","combine_variations":"no","exclude_global_add_ons":[],"addons":[],"jetpack_sharing_enabled":true,"jetpack_likes_enabled":true,"_links":{"self":[{"href":"https:\/\/watchdeluxe.it\/fr\/wp-json\/wp\/v2\/product\/107881","targetHints":{"allow":["GET"]}}],"collection":[{"href":"https:\/\/watchdeluxe.it\/fr\/wp-json\/wp\/v2\/product"}],"about":[{"href":"https:\/\/watchdeluxe.it\/fr\/wp-json\/wp\/v2\/types\/product"}],"wp:featuredmedia":[{"embeddable":true,"href":"https:\/\/watchdeluxe.it\/fr\/wp-json\/wp\/v2\/media\/107873"}],"wp:attachment":[{"href":"https:\/\/watchdeluxe.it\/fr\/wp-json\/wp\/v2\/media?parent=107881"}],"wp:term":[{"taxonomy":"product_brand","embeddable":true,"href":"https:\/\/watchdeluxe.it\/fr\/wp-json\/wp\/v2\/product_brand?post=107881"},{"taxonomy":"product_cat","embeddable":true,"href":"https:\/\/watchdeluxe.it\/fr\/wp-json\/wp\/v2\/product_cat?post=107881"},{"taxonomy":"product_tag","embeddable":true,"href":"https:\/\/watchdeluxe.it\/fr\/wp-json\/wp\/v2\/product_tag?post=107881"},{"taxonomy":"berocket_brand","embeddable":true,"href":"https:\/\/watchdeluxe.it\/fr\/wp-json\/wp\/v2\/berocket_brand?post=107881"},{"taxonomy":"woo-feed-brand","embeddable":true,"href":"https:\/\/watchdeluxe.it\/fr\/wp-json\/wp\/v2\/woo-feed-brand?post=107881"}],"curies":[{"name":"wp","href":"https:\/\/api.w.org\/{rel}","templated":true}]}}