{"id":107226,"date":"2025-01-10T10:56:47","date_gmt":"2025-01-10T09:56:47","guid":{"rendered":"https:\/\/watchdeluxe.it\/prodotto\/breitling-endurance-pro-44-orange-ref-x82310a51b1s2\/"},"modified":"2025-01-10T10:56:59","modified_gmt":"2025-01-10T09:56:59","slug":"breitling-endurance-pro-44-orange-ref-x82310a51b1s2","status":"publish","type":"product","link":"https:\/\/watchdeluxe.it\/fr\/prodotto\/breitling-endurance-pro-44-orange-ref-x82310a51b1s2\/","title":{"rendered":"Breitling Endurance Pro 44 orange ref.\nX82310A51B1S2"},"content":{"rendered":"<p>Breitling Endurance Pro 44 orange ref.<br \/>\nX82310A51B1S2<\/p>\n<div class=\"content-technical-data mt-15 pb-10\">\n<h3 class=\"font-weight-bold title\">Mouvement<\/h3>\n<table class=\"mt-10 w-100\">\n<tbody>\n<tr>\n<th class=\"pl-0 pr-5 text-left vertical-align-top\" scope=\"row\">Calibre<\/th>\n<td class=\"vertical-align-top\">Breitling 82<\/td>\n<\/tr>\n<tr>\n<th class=\"pl-0 pr-5 text-left vertical-align-top\" scope=\"row\">Mouvement<\/th>\n<td class=\"vertical-align-top\">SuperQuartz\u2122 thermocompens\u00e9<\/td>\n<\/tr>\n<tr>\n<th class=\"pl-0 pr-5 text-left vertical-align-top\" scope=\"row\">Chronographe<\/th>\n<td class=\"vertical-align-top\">1\/10e de seconde, 30 minutes<\/td>\n<\/tr>\n<tr>\n<th class=\"pl-0 pr-5 text-left vertical-align-top\" scope=\"row\">Rubis<\/th>\n<td class=\"vertical-align-top\">4 rubis<\/td>\n<\/tr>\n<tr>\n<th class=\"pl-0 pr-5 text-left vertical-align-top\" scope=\"row\">Calendrier<\/th>\n<td class=\"vertical-align-top\">Fen\u00eatre dans le cadran<\/td>\n<\/tr>\n<tr>\n<th class=\"pl-0 pr-5 text-left vertical-align-top\" scope=\"row\">Type de batterie et dur\u00e9e de vie<\/th>\n<td class=\"vertical-align-top\">Environ 2 ans<\/td>\n<\/tr>\n<\/tbody>\n<\/table>\n<\/div>\n<div class=\"content-technical-data mt-15 pb-10\">\n<h3 class=\"font-weight-bold title\">Cas<\/h3>\n<table class=\"mt-10 w-100\">\n<tbody>\n<tr>\n<th class=\"pl-0 pr-5 text-left vertical-align-top\" scope=\"row\">Mat\u00e9riau du bo\u00eetier<\/th>\n<td class=\"vertical-align-top\">Breitlight<\/td>\n<\/tr>\n<tr>\n<th class=\"pl-0 pr-5 text-left vertical-align-top\" scope=\"row\">Retour<\/th>\n<td class=\"vertical-align-top\">A visser<\/td>\n<\/tr>\n<tr>\n<th class=\"pl-0 pr-5 text-left vertical-align-top\" scope=\"row\">R\u00e9sistance \u00e0 l&#8217;eau<\/th>\n<td class=\"vertical-align-top\">10 bars <span class=\"align-items-center bg-primary-yellow cursor-pointer d-flex justify-content-center ml-5 rounded-circle text-white water-resistance-description-open-popup\" tabindex=\"0\" role=\"button\" aria-label=\"price information\" data-popin-id=\"water_resistance\" data-popin-title=\"Impermeabilit\u00e0\" data-uw-rm-kbnav=\"role\">i<\/span><\/td>\n<\/tr>\n<tr>\n<th class=\"pl-0 pr-5 text-left vertical-align-top\" scope=\"row\">Lunette<\/th>\n<td class=\"vertical-align-top\">Bidirectionnelle, rose des vents<\/td>\n<\/tr>\n<tr>\n<th class=\"pl-0 pr-5 text-left vertical-align-top\" scope=\"row\">Couronne<\/th>\n<td class=\"vertical-align-top\">Non viss\u00e9e, deux joints<\/td>\n<\/tr>\n<tr>\n<th class=\"pl-0 pr-5 text-left vertical-align-top\" scope=\"row\">Verre<\/th>\n<td class=\"vertical-align-top\">Saphir, antireflet sur les deux faces<\/td>\n<\/tr>\n<\/tbody>\n<\/table>\n<\/div>\n<div class=\"content-technical-data mt-15 pb-10\">\n<h3 class=\"font-weight-bold title\">Dimensions<\/h3>\n<table class=\"mt-10 w-100\">\n<tbody>\n<tr>\n<th class=\"pl-0 pr-5 text-left vertical-align-top\" scope=\"row\">Poids du produit (approx.)<\/th>\n<td class=\"vertical-align-top\">56,0 g<\/td>\n<\/tr>\n<tr>\n<th class=\"pl-0 pr-5 text-left vertical-align-top\" scope=\"row\">Poids de la t\u00eate de montre (approx.)<\/th>\n<td class=\"vertical-align-top\">35,5 g.<\/td>\n<\/tr>\n<tr>\n<th class=\"pl-0 pr-5 text-left vertical-align-top\" scope=\"row\">Diam\u00e8tre<\/th>\n<td class=\"vertical-align-top\">44,0 mm<\/td>\n<\/tr>\n<tr>\n<th class=\"pl-0 pr-5 text-left vertical-align-top\" scope=\"row\">Epaisseur<\/th>\n<td class=\"vertical-align-top\">12,5 mm<\/td>\n<\/tr>\n<tr>\n<th class=\"pl-0 pr-5 text-left vertical-align-top\" scope=\"row\">Hauteur (de l&#8217;extr\u00e9mit\u00e9 sup\u00e9rieure de la boucle \u00e0 l&#8217;extr\u00e9mit\u00e9 inf\u00e9rieure de la boucle)<\/th>\n<td class=\"vertical-align-top\">52,4 mm<\/td>\n<\/tr>\n<tr>\n<th class=\"pl-0 pr-5 text-left vertical-align-top\" scope=\"row\">Largeur de l&#8217;ailette (boucle interm\u00e9diaire)<\/th>\n<td class=\"vertical-align-top\">22,0 mm<\/td>\n<\/tr>\n<\/tbody>\n<\/table>\n<\/div>\n<div class=\"content-technical-data mt-15 pb-10\">\n<h3 class=\"font-weight-bold title\">Courroie<\/h3>\n<table class=\"mt-10 w-100\">\n<tbody>\n<tr>\n<th class=\"pl-0 pr-5 text-left vertical-align-top\" scope=\"row\">Mat\u00e9riau du bracelet<\/th>\n<td class=\"vertical-align-top\">caoutchouc<\/td>\n<\/tr>\n<tr>\n<th class=\"pl-0 pr-5 text-left vertical-align-top\" scope=\"row\">Couleur du bracelet<\/th>\n<td class=\"vertical-align-top\">orange<\/td>\n<\/tr>\n<tr>\n<th class=\"pl-0 pr-5 text-left vertical-align-top\" scope=\"row\">Type de sangle<\/th>\n<td class=\"vertical-align-top\">Droit<\/td>\n<\/tr>\n<tr>\n<th class=\"pl-0 pr-5 text-left vertical-align-top\" scope=\"row\">Distance entre les ergots<\/th>\n<td class=\"vertical-align-top\">22\/18 mm<\/td>\n<\/tr>\n<tr>\n<th class=\"pl-0 pr-5 text-left vertical-align-top\" scope=\"row\">Mat\u00e9riau de la boucle<\/th>\n<td class=\"vertical-align-top\">Breitlight<\/td>\n<\/tr>\n<tr>\n<th class=\"pl-0 pr-5 text-left vertical-align-top\" scope=\"row\">Fermeture<\/th>\n<td class=\"vertical-align-top\">Boucle<\/td>\n<\/tr>\n<tr>\n<th class=\"pl-0 pr-5 text-left vertical-align-top\" scope=\"row\">Taille de la boucle<\/th>\n<td class=\"vertical-align-top\">18 mm<\/td>\n<\/tr>\n<\/tbody>\n<\/table>\n<\/div>\n","protected":false},"excerpt":{"rendered":"<p>Breitling Endurance Pro 44 orange ref. X82310A51B1S2 Mouvement Calibre Breitling 82 Mouvement SuperQuartz\u2122 thermocompens\u00e9 Chronographe 1\/10e de seconde, 30 minutes Rubis 4 rubis Calendrier Fen\u00eatre dans le cadran Type de batterie et dur\u00e9e de vie Environ 2 ans Cas Mat\u00e9riau du bo\u00eetier Breitlight Retour A visser R\u00e9sistance \u00e0 l&#8217;eau 10 bars i Lunette Bidirectionnelle, rose [&hellip;]<\/p>\n","protected":false},"featured_media":107221,"template":"","meta":{"_crdt_document":"","advanced_seo_description":"","jetpack_seo_html_title":"","jetpack_seo_noindex":false},"product_brand":[],"product_cat":[2657],"product_tag":[4608],"berocket_brand":[],"woo-feed-brand":[],"class_list":{"0":"post-107226","1":"product","2":"type-product","3":"status-publish","4":"has-post-thumbnail","6":"product_cat-breitling-fr","7":"product_tag-endurance-pro-fr","9":"first","10":"instock","11":"sale","12":"taxable","13":"shipping-taxable","14":"purchasable","15":"product-type-simple"},"bundled_by":[],"bundle_stock_status":"instock","bundle_stock_quantity":1,"bundle_virtual":false,"bundle_layout":"","bundle_add_to_cart_form_location":"","bundle_editable_in_cart":false,"bundle_sold_individually_context":"","bundle_item_grouping":"","bundle_min_size":"","bundle_max_size":"","bundle_price":[],"bundled_items":[],"bundle_sell_ids":[],"group_of_quantity":0,"min_quantity":0,"max_quantity":"","exclude_order_quantity_value_rules":"no","exclude_category_quantity_rules":"no","combine_variations":"no","jetpack_sharing_enabled":true,"jetpack_likes_enabled":true,"_links":{"self":[{"href":"https:\/\/watchdeluxe.it\/fr\/wp-json\/wp\/v2\/product\/107226","targetHints":{"allow":["GET"]}}],"collection":[{"href":"https:\/\/watchdeluxe.it\/fr\/wp-json\/wp\/v2\/product"}],"about":[{"href":"https:\/\/watchdeluxe.it\/fr\/wp-json\/wp\/v2\/types\/product"}],"wp:featuredmedia":[{"embeddable":true,"href":"https:\/\/watchdeluxe.it\/fr\/wp-json\/wp\/v2\/media\/107221"}],"wp:attachment":[{"href":"https:\/\/watchdeluxe.it\/fr\/wp-json\/wp\/v2\/media?parent=107226"}],"wp:term":[{"taxonomy":"product_brand","embeddable":true,"href":"https:\/\/watchdeluxe.it\/fr\/wp-json\/wp\/v2\/product_brand?post=107226"},{"taxonomy":"product_cat","embeddable":true,"href":"https:\/\/watchdeluxe.it\/fr\/wp-json\/wp\/v2\/product_cat?post=107226"},{"taxonomy":"product_tag","embeddable":true,"href":"https:\/\/watchdeluxe.it\/fr\/wp-json\/wp\/v2\/product_tag?post=107226"},{"taxonomy":"berocket_brand","embeddable":true,"href":"https:\/\/watchdeluxe.it\/fr\/wp-json\/wp\/v2\/berocket_brand?post=107226"},{"taxonomy":"woo-feed-brand","embeddable":true,"href":"https:\/\/watchdeluxe.it\/fr\/wp-json\/wp\/v2\/woo-feed-brand?post=107226"}],"curies":[{"name":"wp","href":"https:\/\/api.w.org\/{rel}","templated":true}]}}