{"id":106304,"date":"2024-07-24T15:40:29","date_gmt":"2024-07-24T13:40:29","guid":{"rendered":"https:\/\/watchdeluxe.it\/prodotto\/longines-conquest-acier-et-or-rose-ref-l34305726\/"},"modified":"2024-07-24T15:40:29","modified_gmt":"2024-07-24T13:40:29","slug":"longines-conquest-acier-et-or-rose-ref-l34305726","status":"publish","type":"product","link":"https:\/\/watchdeluxe.it\/fr\/prodotto\/longines-conquest-acier-et-or-rose-ref-l34305726\/","title":{"rendered":"Longines Conquest acier et or rose ref.\nL34305726"},"content":{"rendered":"<p>Longines Conquest acier et or rose ref.<br \/>\nL34305726<\/p>\n<ul>\n<li class=\"ProductPageData_Item__oMdBV\" data-code=\"case_shape\">\n<h3 class=\"MuiTypography-root MuiTypography-label Typography_Container__MrWZd css-12mg4kq\" aria-hidden=\"false\">empreinte<\/h3>\n<p class=\"MuiTypography-root MuiTypography-body1 Typography_Container__MrWZd Typography_Color_mediumGrey___tE24 css-1n3xcbr\" aria-hidden=\"false\"><span class=\"MuiTypography-root MuiTypography-label Typography_Container__MrWZd css-1br7w99\">Rotonde<\/span><\/p>\n<\/li>\n<li class=\"ProductPageData_Item__oMdBV\" data-code=\"case_material\">\n<h3 class=\"MuiTypography-root MuiTypography-label Typography_Container__MrWZd css-12mg4kq\" aria-hidden=\"false\">Mat\u00e9riau<\/h3>\n<p class=\"MuiTypography-root MuiTypography-body1 Typography_Container__MrWZd Typography_Color_mediumGrey___tE24 css-1n3xcbr\" aria-hidden=\"false\"><span class=\"MuiTypography-root MuiTypography-label Typography_Container__MrWZd css-1br7w99\">Acier avec maillon central rev\u00eatu d&#8217;or rose 18K, 200 microns<\/span><\/p>\n<\/li>\n<li class=\"ProductPageData_Item__oMdBV\" data-code=\"case_glass\">\n<h3 class=\"MuiTypography-root MuiTypography-label Typography_Container__MrWZd css-12mg4kq\" aria-hidden=\"false\">Verre<\/h3>\n<p class=\"MuiTypography-root MuiTypography-body1 Typography_Container__MrWZd Typography_Color_mediumGrey___tE24 css-1n3xcbr\" aria-hidden=\"false\"><span class=\"MuiTypography-root MuiTypography-label Typography_Container__MrWZd css-1br7w99\">Verre saphir inrayable avec traitement antireflet multicouche sur les deux faces<\/span><\/p>\n<\/li>\n<li class=\"ProductPageData_Item__oMdBV\" data-code=\"case_case_back\">\n<h3 class=\"MuiTypography-root MuiTypography-label Typography_Container__MrWZd css-12mg4kq\" aria-hidden=\"false\">Dos de l&#8217;\u00e9tui<\/h3>\n<p class=\"MuiTypography-root MuiTypography-body1 Typography_Container__MrWZd Typography_Color_mediumGrey___tE24 css-1n3xcbr\" aria-hidden=\"false\"><span class=\"MuiTypography-root MuiTypography-label Typography_Container__MrWZd css-1br7w99\">Fond transparent viss\u00e9 avec verre saphir<\/span><\/p>\n<\/li>\n<li class=\"ProductPageData_Item__oMdBV\" data-code=\"case_dimension\">\n<h3 class=\"MuiTypography-root MuiTypography-label Typography_Container__MrWZd css-12mg4kq\" aria-hidden=\"false\">Dimensions<\/h3>\n<p class=\"MuiTypography-root MuiTypography-body1 Typography_Container__MrWZd Typography_Color_mediumGrey___tE24 css-1n3xcbr\" aria-hidden=\"false\"><span class=\"MuiTypography-root MuiTypography-label Typography_Container__MrWZd css-1br7w99\">34,00 mm dia.<\/span><\/p>\n<\/li>\n<li class=\"ProductPageData_Item__oMdBV\" data-code=\"case_lug_distance\">\n<h3 class=\"MuiTypography-root MuiTypography-label Typography_Container__MrWZd css-12mg4kq\" aria-hidden=\"false\">Distance entre les boucles<\/h3>\n<p class=\"MuiTypography-root MuiTypography-body1 Typography_Container__MrWZd Typography_Color_mediumGrey___tE24 css-1n3xcbr\" aria-hidden=\"false\"><span class=\"MuiTypography-root MuiTypography-label Typography_Container__MrWZd css-1br7w99\">17 mm<\/span><\/p>\n<\/li>\n<li class=\"ProductPageData_Item__oMdBV\" data-code=\"case_lug_to_lug\">\n<h3 class=\"MuiTypography-root MuiTypography-label Typography_Container__MrWZd css-12mg4kq\" aria-hidden=\"false\">De l&#8217;anse \u00e0 l&#8217;anse<\/h3>\n<p class=\"MuiTypography-root MuiTypography-body1 Typography_Container__MrWZd Typography_Color_mediumGrey___tE24 css-1n3xcbr\" aria-hidden=\"false\"><span class=\"MuiTypography-root MuiTypography-label Typography_Container__MrWZd css-1br7w99\">41,10 mm<\/span><\/p>\n<\/li>\n<li class=\"ProductPageData_Item__oMdBV\" data-code=\"case_thickness\">\n<h3 class=\"MuiTypography-root MuiTypography-label Typography_Container__MrWZd css-12mg4kq\" aria-hidden=\"false\">\u00c9paisseur<\/h3>\n<p class=\"MuiTypography-root MuiTypography-body1 Typography_Container__MrWZd Typography_Color_mediumGrey___tE24 css-1n3xcbr\" aria-hidden=\"false\"><span class=\"MuiTypography-root MuiTypography-label Typography_Container__MrWZd css-1br7w99\">10,90 mm<\/span><\/p>\n<\/li>\n<li class=\"ProductPageData_Item__oMdBV\" data-code=\"case_water_resistance\">\n<h3 class=\"MuiTypography-root MuiTypography-label Typography_Container__MrWZd css-12mg4kq\" aria-hidden=\"false\">Imperm\u00e9able \u00e0 l&#8217;eau<\/h3>\n<p class=\"MuiTypography-root MuiTypography-body1 Typography_Container__MrWZd Typography_Color_mediumGrey___tE24 css-1n3xcbr\" aria-hidden=\"false\"><span class=\"MuiTypography-root MuiTypography-label Typography_Container__MrWZd css-1br7w99\">\u00c9tanch\u00e9it\u00e9 jusqu&#8217;\u00e0 10 bars<\/span><\/p>\n<\/li>\n<li class=\"ProductPageData_Item__oMdBV\" data-code=\"case_specificities\">\n<h3 class=\"MuiTypography-root MuiTypography-label Typography_Container__MrWZd css-12mg4kq\" aria-hidden=\"false\">Caract\u00e9ristiques<\/h3>\n<p class=\"MuiTypography-root MuiTypography-body1 Typography_Container__MrWZd Typography_Color_mediumGrey___tE24 css-1n3xcbr\" aria-hidden=\"false\"><span class=\"MuiTypography-root MuiTypography-label Typography_Container__MrWZd css-1br7w99\">Couronne de vis<\/span><\/p>\n<\/li>\n<li class=\"ProductPageData_Item__oMdBV\" data-code=\"case_weight\">\n<h3 class=\"MuiTypography-root MuiTypography-label Typography_Container__MrWZd css-12mg4kq\" aria-hidden=\"false\">Poids<\/h3>\n<p class=\"MuiTypography-root MuiTypography-body1 Typography_Container__MrWZd Typography_Color_mediumGrey___tE24 css-1n3xcbr\" aria-hidden=\"false\"><span class=\"MuiTypography-root MuiTypography-label Typography_Container__MrWZd css-1br7w99\">97.3 g<\/span><\/p>\n<\/li>\n<\/ul>\n<p>&nbsp;<\/p>\n","protected":false},"excerpt":{"rendered":"<p>Longines Conquest acier et or rose ref. L34305726 empreinte Rotonde Mat\u00e9riau Acier avec maillon central rev\u00eatu d&#8217;or rose 18K, 200 microns Verre Verre saphir inrayable avec traitement antireflet multicouche sur les deux faces Dos de l&#8217;\u00e9tui Fond transparent viss\u00e9 avec verre saphir Dimensions 34,00 mm dia. Distance entre les boucles 17 mm De l&#8217;anse \u00e0 [&hellip;]<\/p>\n","protected":false},"featured_media":106299,"template":"","meta":{"_crdt_document":"","advanced_seo_description":"","jetpack_seo_html_title":"","jetpack_seo_noindex":false},"product_brand":[2151],"product_cat":[2188],"product_tag":[2408],"berocket_brand":[],"woo-feed-brand":[],"class_list":{"0":"post-106304","1":"product","2":"type-product","3":"status-publish","4":"has-post-thumbnail","6":"product_brand-longines","7":"product_cat-longines-fr","8":"product_tag-conquete","10":"first","11":"instock","12":"sale","13":"taxable","14":"shipping-taxable","15":"purchasable","16":"product-type-simple"},"bundled_by":[],"bundle_stock_status":"instock","bundle_stock_quantity":1,"bundle_virtual":false,"bundle_layout":"","bundle_add_to_cart_form_location":"","bundle_editable_in_cart":false,"bundle_sold_individually_context":"","bundle_item_grouping":"","bundle_min_size":"","bundle_max_size":"","bundle_price":[],"bundled_items":[],"bundle_sell_ids":[],"group_of_quantity":0,"min_quantity":0,"max_quantity":"","exclude_order_quantity_value_rules":"no","exclude_category_quantity_rules":"no","combine_variations":"no","jetpack_sharing_enabled":true,"jetpack_likes_enabled":true,"_links":{"self":[{"href":"https:\/\/watchdeluxe.it\/fr\/wp-json\/wp\/v2\/product\/106304","targetHints":{"allow":["GET"]}}],"collection":[{"href":"https:\/\/watchdeluxe.it\/fr\/wp-json\/wp\/v2\/product"}],"about":[{"href":"https:\/\/watchdeluxe.it\/fr\/wp-json\/wp\/v2\/types\/product"}],"wp:featuredmedia":[{"embeddable":true,"href":"https:\/\/watchdeluxe.it\/fr\/wp-json\/wp\/v2\/media\/106299"}],"wp:attachment":[{"href":"https:\/\/watchdeluxe.it\/fr\/wp-json\/wp\/v2\/media?parent=106304"}],"wp:term":[{"taxonomy":"product_brand","embeddable":true,"href":"https:\/\/watchdeluxe.it\/fr\/wp-json\/wp\/v2\/product_brand?post=106304"},{"taxonomy":"product_cat","embeddable":true,"href":"https:\/\/watchdeluxe.it\/fr\/wp-json\/wp\/v2\/product_cat?post=106304"},{"taxonomy":"product_tag","embeddable":true,"href":"https:\/\/watchdeluxe.it\/fr\/wp-json\/wp\/v2\/product_tag?post=106304"},{"taxonomy":"berocket_brand","embeddable":true,"href":"https:\/\/watchdeluxe.it\/fr\/wp-json\/wp\/v2\/berocket_brand?post=106304"},{"taxonomy":"woo-feed-brand","embeddable":true,"href":"https:\/\/watchdeluxe.it\/fr\/wp-json\/wp\/v2\/woo-feed-brand?post=106304"}],"curies":[{"name":"wp","href":"https:\/\/api.w.org\/{rel}","templated":true}]}}