{"id":106167,"date":"2024-07-18T15:03:12","date_gmt":"2024-07-18T13:03:12","guid":{"rendered":"https:\/\/watchdeluxe.it\/prodotto\/hamilton-ardmore-quartz-ref-h11261760\/"},"modified":"2024-07-18T15:03:12","modified_gmt":"2024-07-18T13:03:12","slug":"hamilton-ardmore-quartz-ref-h11261760","status":"publish","type":"product","link":"https:\/\/watchdeluxe.it\/fr\/prodotto\/hamilton-ardmore-quartz-ref-h11261760\/","title":{"rendered":"Hamilton Ardmore quartz ref. H11261760"},"content":{"rendered":"<p>Hamilton Ardmore quartz ref. H11261760<\/p>\n<div>\n<div>\n<ul>\n<li>Calibre : 980.163<br \/>\nCollection : American Classic<br \/>\nMouvement : Quartz<br \/>\nDimensions du bo\u00eetier : 18,7 mm x 27 mm<br \/>\nCouleur du cadran : Vert<br \/>\nMat\u00e9riau du bo\u00eetier : Acier roul\u00e9 dor\u00e9<br \/>\nVerre : Min\u00e9ral<br \/>\nLargeur de la boucle : 14 mm<br \/>\nR\u00e9sistance \u00e0 l&#8217;eau : 3 bars (30m)<\/li>\n<\/ul>\n<\/div>\n<\/div>\n<p>&nbsp;<\/p>\n<ul>\n<li>\n<h4>BRACELET\/BRACELET<\/h4>\n<p>Accessoire REF : H11261760<br \/>\nType de bracelet : Cuir de vachette<br \/>\nType de boucle : Boucle \u00e0 ardillon<br \/>\nLargeur de la boucle : 12mm<\/li>\n<\/ul>\n","protected":false},"excerpt":{"rendered":"<p>Hamilton Ardmore quartz ref. H11261760 Calibre : 980.163 Collection : American Classic Mouvement : Quartz Dimensions du bo\u00eetier : 18,7 mm x 27 mm Couleur du cadran : Vert Mat\u00e9riau du bo\u00eetier : Acier roul\u00e9 dor\u00e9 Verre : Min\u00e9ral Largeur de la boucle : 14 mm R\u00e9sistance \u00e0 l&#8217;eau : 3 bars (30m) &nbsp; BRACELET\/BRACELET [&hellip;]<\/p>\n","protected":false},"featured_media":106161,"template":"","meta":{"_crdt_document":"","advanced_seo_description":"","jetpack_seo_html_title":"","jetpack_seo_noindex":false},"product_brand":[],"product_cat":[2292],"product_tag":[2855],"berocket_brand":[],"woo-feed-brand":[],"class_list":{"0":"post-106167","1":"product","2":"type-product","3":"status-publish","4":"has-post-thumbnail","6":"product_cat-hamilton-fr","7":"product_tag-ardmore-fr","9":"first","10":"instock","11":"sale","12":"taxable","13":"shipping-taxable","14":"purchasable","15":"product-type-simple"},"bundled_by":[],"bundle_stock_status":"instock","bundle_stock_quantity":1,"bundle_virtual":false,"bundle_layout":"","bundle_add_to_cart_form_location":"","bundle_editable_in_cart":false,"bundle_sold_individually_context":"","bundle_item_grouping":"","bundle_min_size":"","bundle_max_size":"","bundle_price":[],"bundled_items":[],"bundle_sell_ids":[],"group_of_quantity":0,"min_quantity":0,"max_quantity":"","exclude_order_quantity_value_rules":"no","exclude_category_quantity_rules":"no","combine_variations":"no","exclude_global_add_ons":[],"addons":[],"jetpack_sharing_enabled":true,"jetpack_likes_enabled":true,"_links":{"self":[{"href":"https:\/\/watchdeluxe.it\/fr\/wp-json\/wp\/v2\/product\/106167","targetHints":{"allow":["GET"]}}],"collection":[{"href":"https:\/\/watchdeluxe.it\/fr\/wp-json\/wp\/v2\/product"}],"about":[{"href":"https:\/\/watchdeluxe.it\/fr\/wp-json\/wp\/v2\/types\/product"}],"wp:featuredmedia":[{"embeddable":true,"href":"https:\/\/watchdeluxe.it\/fr\/wp-json\/wp\/v2\/media\/106161"}],"wp:attachment":[{"href":"https:\/\/watchdeluxe.it\/fr\/wp-json\/wp\/v2\/media?parent=106167"}],"wp:term":[{"taxonomy":"product_brand","embeddable":true,"href":"https:\/\/watchdeluxe.it\/fr\/wp-json\/wp\/v2\/product_brand?post=106167"},{"taxonomy":"product_cat","embeddable":true,"href":"https:\/\/watchdeluxe.it\/fr\/wp-json\/wp\/v2\/product_cat?post=106167"},{"taxonomy":"product_tag","embeddable":true,"href":"https:\/\/watchdeluxe.it\/fr\/wp-json\/wp\/v2\/product_tag?post=106167"},{"taxonomy":"berocket_brand","embeddable":true,"href":"https:\/\/watchdeluxe.it\/fr\/wp-json\/wp\/v2\/berocket_brand?post=106167"},{"taxonomy":"woo-feed-brand","embeddable":true,"href":"https:\/\/watchdeluxe.it\/fr\/wp-json\/wp\/v2\/woo-feed-brand?post=106167"}],"curies":[{"name":"wp","href":"https:\/\/api.w.org\/{rel}","templated":true}]}}