{"id":105488,"date":"2024-07-10T17:16:03","date_gmt":"2024-07-10T15:16:03","guid":{"rendered":"https:\/\/watchdeluxe.it\/prodotto\/montblanc-meisterstuck-x-olympic-heritage-biros-ref-131373\/"},"modified":"2026-01-16T11:38:48","modified_gmt":"2026-01-16T10:38:48","slug":"montblanc-meisterstuck-x-olympic-heritage-biros-ref-131373","status":"publish","type":"product","link":"https:\/\/watchdeluxe.it\/fr\/prodotto\/montblanc-meisterstuck-x-olympic-heritage-biros-ref-131373\/","title":{"rendered":"Montblanc Meisterstuck X Olympic heritage biros ref. 131373"},"content":{"rendered":"<p>Montblanc Meisterstuck X Olympic heritage biros ref. 131373<\/p>\n<p>Mat\u00e9riau : <strong>m\u00e9tal<\/strong><br \/>\nCouleur : <strong>platine<\/strong><br \/>\nType de stylo : Stylo <strong>\u00e0 bille<\/strong><br \/>\nLongueur (cm) : <strong>14,24<\/strong><br \/>\nLargeur (cm) : <strong>1,41<\/strong><br \/>\nProfondeur (cm) : <strong>1,41<\/strong><\/p>\n<div>\n<p class=\"read-more-wrap\">Pour c\u00e9l\u00e9brer le centenaire du Meisterst\u00fcck en 2024, Montblanc rend hommage aux origines de ces instruments d&#8217;\u00e9criture embl\u00e9matiques dans une collection inspir\u00e9e par l&#8217;esprit des Jeux Olympiques de Chamonix en 1924. Par chance, 1924 marque le lancement de l&#8217;instrument d&#8217;\u00e9criture qui deviendra l&#8217;un des chefs-d&#8217;\u0153uvre les plus convoit\u00e9s de la marque ainsi que les premiers Jeux olympiques d&#8217;hiver \u00e0 Chamonix, au pied du Mont-Blanc. Au centre, Montblanc et les Jeux Olympiques de Chamonix 1924.  <span class=\"read-more-target\">  incarner, avec les ma\u00eetres artisans et les h\u00e9ros sportifs, la poursuite du meilleur accomplissement humain possible. L&#8217;\u00e9dition Solitaire est dot\u00e9e d&#8217;un capuchon en platine et d&#8217;un corps grav\u00e9 du paysage montagneux de la vall\u00e9e de Chamonix. Les anneaux olympiques font partie du logo olympique traditionnel, grav\u00e9 sur l&#8217;anneau au sommet de la casquette, encadr\u00e9 par une couronne de feuilles, rappelant celles offertes aux vainqueurs des meilleures performances aux Jeux olympiques dans l&#8217;Antiquit\u00e9. La casquette est grav\u00e9e des mots &#8220;Jeux Olympiques Chamonix 1924&#8221; dans un cadre inspir\u00e9 de la couverture des articles officiels sur les Jeux Olympiques. L&#8217;anneau du capuchon porte \u00e0 la fois &#8220;1924&#8221; et &#8220;2024&#8221;, symbolisant l&#8217;importance de ces deux ann\u00e9es. L&#8217;embl\u00e8me Montblanc sur le dessus du capuchon en r\u00e9sine corail pr\u00e9cieuse, la couleur embl\u00e9matique de Montblanc, vient compl\u00e9ter l&#8217;\u00e9dition. Comit\u00e9 international olympique &#8211; Tous droits r\u00e9serv\u00e9s  <\/span><\/p>\n<\/div>\n","protected":false},"excerpt":{"rendered":"<p>Montblanc Meisterstuck X Olympic heritage biros ref. 131373 Mat\u00e9riau : m\u00e9tal Couleur : platine Type de stylo : Stylo \u00e0 bille Longueur (cm) : 14,24 Largeur (cm) : 1,41 Profondeur (cm) : 1,41 Pour c\u00e9l\u00e9brer le centenaire du Meisterst\u00fcck en 2024, Montblanc rend hommage aux origines de ces instruments d&#8217;\u00e9criture embl\u00e9matiques dans une collection inspir\u00e9e [&hellip;]<\/p>\n","protected":false},"featured_media":105483,"template":"","meta":{"_crdt_document":"","advanced_seo_description":"","jetpack_seo_html_title":"","jetpack_seo_noindex":false},"product_brand":[1907],"product_cat":[2241],"product_tag":[2252],"berocket_brand":[],"woo-feed-brand":[],"class_list":{"0":"post-105488","1":"product","2":"type-product","3":"status-publish","4":"has-post-thumbnail","6":"product_brand-montblanc","7":"product_cat-montblanc-fr","8":"product_tag-stylos","10":"first","11":"outofstock","12":"sale","13":"taxable","14":"shipping-taxable","15":"purchasable","16":"product-type-simple"},"bundled_by":[],"bundle_stock_status":"outofstock","bundle_stock_quantity":0,"bundle_virtual":false,"bundle_layout":"","bundle_add_to_cart_form_location":"","bundle_editable_in_cart":false,"bundle_sold_individually_context":"","bundle_item_grouping":"","bundle_min_size":"","bundle_max_size":"","bundle_price":[],"bundled_items":[],"bundle_sell_ids":[],"group_of_quantity":0,"min_quantity":0,"max_quantity":"","exclude_order_quantity_value_rules":"no","exclude_category_quantity_rules":"no","combine_variations":"no","jetpack_sharing_enabled":true,"jetpack_likes_enabled":true,"_links":{"self":[{"href":"https:\/\/watchdeluxe.it\/fr\/wp-json\/wp\/v2\/product\/105488","targetHints":{"allow":["GET"]}}],"collection":[{"href":"https:\/\/watchdeluxe.it\/fr\/wp-json\/wp\/v2\/product"}],"about":[{"href":"https:\/\/watchdeluxe.it\/fr\/wp-json\/wp\/v2\/types\/product"}],"wp:featuredmedia":[{"embeddable":true,"href":"https:\/\/watchdeluxe.it\/fr\/wp-json\/wp\/v2\/media\/105483"}],"wp:attachment":[{"href":"https:\/\/watchdeluxe.it\/fr\/wp-json\/wp\/v2\/media?parent=105488"}],"wp:term":[{"taxonomy":"product_brand","embeddable":true,"href":"https:\/\/watchdeluxe.it\/fr\/wp-json\/wp\/v2\/product_brand?post=105488"},{"taxonomy":"product_cat","embeddable":true,"href":"https:\/\/watchdeluxe.it\/fr\/wp-json\/wp\/v2\/product_cat?post=105488"},{"taxonomy":"product_tag","embeddable":true,"href":"https:\/\/watchdeluxe.it\/fr\/wp-json\/wp\/v2\/product_tag?post=105488"},{"taxonomy":"berocket_brand","embeddable":true,"href":"https:\/\/watchdeluxe.it\/fr\/wp-json\/wp\/v2\/berocket_brand?post=105488"},{"taxonomy":"woo-feed-brand","embeddable":true,"href":"https:\/\/watchdeluxe.it\/fr\/wp-json\/wp\/v2\/woo-feed-brand?post=105488"}],"curies":[{"name":"wp","href":"https:\/\/api.w.org\/{rel}","templated":true}]}}