{"id":105332,"date":"2024-07-10T15:43:02","date_gmt":"2024-07-10T13:43:02","guid":{"rendered":"https:\/\/watchdeluxe.it\/prodotto\/montblanc-meisterstuck-the-origin-collection-doue-classique-m-stylo-plume-ref-131350\/"},"modified":"2026-01-22T12:08:56","modified_gmt":"2026-01-22T11:08:56","slug":"montblanc-meisterstuck-the-origin-collection-doue-classique-m-stylo-plume-ref-131350","status":"publish","type":"product","link":"https:\/\/watchdeluxe.it\/fr\/prodotto\/montblanc-meisterstuck-the-origin-collection-doue-classique-m-stylo-plume-ref-131350\/","title":{"rendered":"Montblanc Meisterst\u00fcck The Origin Collection Dou\u00e9 Classique M stylo plume ref. 131350"},"content":{"rendered":"<p>Montblanc Meisterst\u00fcck The Origin Collection Dou\u00e9 Classique M stylo plume ref. 131350<\/p>\n<div class=\"section-content\">\n<div class=\"product-description \">\n<div class=\"rte-content\">\n<p><strong>Montblanc<\/strong> a \u00e9tudi\u00e9 ses archives en profondeur et a cr\u00e9\u00e9 la <strong>collection Origin<\/strong>, qui rend hommage \u00e0 la riche histoire et au patrimoine de la marque. La collection s&#8217;inspire des premiers dessins conserv\u00e9s dans les archives de l&#8217;entreprise et des \u00e9l\u00e9ments d\u00e9coratifs des premi\u00e8res \u00e9ditions du <strong>Meisterst\u00fcck<\/strong>.<\/p>\n<p>Le motif du capuchon dor\u00e9, partiellement recouvert de <strong>laque verte<\/strong>, rappelle un design jamais utilis\u00e9 et inspir\u00e9 de la p\u00e9riode Art d\u00e9co. L&#8217;agrafe rend hommage aux premi\u00e8res formes d&#8217;agrafe que l&#8217;on trouve dans certains des premiers instruments d&#8217;\u00e9criture, et fait \u00e9cho au logo original du <strong>Meisterst\u00fcck<\/strong>, qui orne le capuchon depuis sa cr\u00e9ation.<\/p>\n<p>Cette <strong>\u00e9dition anniversaire<\/strong> est dot\u00e9e d&#8217;une <strong>plume M en or 18 carats<\/strong>.<\/p>\n<\/div>\n<\/div>\n<\/div>\n","protected":false},"excerpt":{"rendered":"<p>Montblanc Meisterst\u00fcck The Origin Collection Dou\u00e9 Classique M stylo plume ref. 131350 Montblanc a \u00e9tudi\u00e9 ses archives en profondeur et a cr\u00e9\u00e9 la collection Origin, qui rend hommage \u00e0 la riche histoire et au patrimoine de la marque. La collection s&#8217;inspire des premiers dessins conserv\u00e9s dans les archives de l&#8217;entreprise et des \u00e9l\u00e9ments d\u00e9coratifs des [&hellip;]<\/p>\n","protected":false},"featured_media":105327,"template":"","meta":{"_crdt_document":"","advanced_seo_description":"","jetpack_seo_html_title":"","jetpack_seo_noindex":false},"product_brand":[1907],"product_cat":[1929],"product_tag":[2252],"berocket_brand":[],"woo-feed-brand":[],"class_list":{"0":"post-105332","1":"product","2":"type-product","3":"status-publish","4":"has-post-thumbnail","6":"product_brand-montblanc","7":"product_cat-montblanc","8":"product_tag-stylos","10":"first","11":"instock","12":"sale","13":"taxable","14":"shipping-taxable","15":"purchasable","16":"product-type-simple"},"bundled_by":[],"bundle_stock_status":"instock","bundle_stock_quantity":1,"bundle_virtual":false,"bundle_layout":"","bundle_add_to_cart_form_location":"","bundle_editable_in_cart":false,"bundle_sold_individually_context":"","bundle_item_grouping":"","bundle_min_size":"","bundle_max_size":"","bundle_price":[],"bundled_items":[],"bundle_sell_ids":[],"group_of_quantity":0,"min_quantity":0,"max_quantity":"","exclude_order_quantity_value_rules":"no","exclude_category_quantity_rules":"no","combine_variations":"no","jetpack_sharing_enabled":true,"jetpack_likes_enabled":true,"_links":{"self":[{"href":"https:\/\/watchdeluxe.it\/fr\/wp-json\/wp\/v2\/product\/105332","targetHints":{"allow":["GET"]}}],"collection":[{"href":"https:\/\/watchdeluxe.it\/fr\/wp-json\/wp\/v2\/product"}],"about":[{"href":"https:\/\/watchdeluxe.it\/fr\/wp-json\/wp\/v2\/types\/product"}],"wp:featuredmedia":[{"embeddable":true,"href":"https:\/\/watchdeluxe.it\/fr\/wp-json\/wp\/v2\/media\/105327"}],"wp:attachment":[{"href":"https:\/\/watchdeluxe.it\/fr\/wp-json\/wp\/v2\/media?parent=105332"}],"wp:term":[{"taxonomy":"product_brand","embeddable":true,"href":"https:\/\/watchdeluxe.it\/fr\/wp-json\/wp\/v2\/product_brand?post=105332"},{"taxonomy":"product_cat","embeddable":true,"href":"https:\/\/watchdeluxe.it\/fr\/wp-json\/wp\/v2\/product_cat?post=105332"},{"taxonomy":"product_tag","embeddable":true,"href":"https:\/\/watchdeluxe.it\/fr\/wp-json\/wp\/v2\/product_tag?post=105332"},{"taxonomy":"berocket_brand","embeddable":true,"href":"https:\/\/watchdeluxe.it\/fr\/wp-json\/wp\/v2\/berocket_brand?post=105332"},{"taxonomy":"woo-feed-brand","embeddable":true,"href":"https:\/\/watchdeluxe.it\/fr\/wp-json\/wp\/v2\/woo-feed-brand?post=105332"}],"curies":[{"name":"wp","href":"https:\/\/api.w.org\/{rel}","templated":true}]}}