{"id":105099,"date":"2024-06-21T16:52:52","date_gmt":"2024-06-21T14:52:52","guid":{"rendered":"https:\/\/watchdeluxe.it\/prodotto\/tag-heuer-aquaracer-professional-300-date-ref-wbp5110-ft6257\/"},"modified":"2026-01-19T15:05:46","modified_gmt":"2026-01-19T14:05:46","slug":"tag-heuer-aquaracer-professional-300-date-ref-wbp5110-ft6257","status":"publish","type":"product","link":"https:\/\/watchdeluxe.it\/fr\/prodotto\/tag-heuer-aquaracer-professional-300-date-ref-wbp5110-ft6257\/","title":{"rendered":"Tag Heuer Aquaracer professional 300 date ref. WBP5110.FT6257"},"content":{"rendered":"<p>Tag Heuer Aquaracer professional 300 date ref. WBP5110.FT6257<\/p>\n<div class=\"col-12 col-lg-6\">\n<p> <span class=\"spec-title\"> Taille <\/span> <span class=\"spec-value\"> 42 mm <\/span> <\/p>\n<\/div>\n<div class=\"col-12 col-lg-6\">\n<p> <span class=\"spec-title\"> R\u00e9sistance \u00e0 l&#8217;eau <\/span> <span class=\"spec-value\"> 300 m <\/span> <\/p>\n<\/div>\n<div class=\"col-12 col-lg-6\">\n<p> <span class=\"spec-title\"> Corps du bo\u00eetier <\/span> <span class=\"spec-value\"> Acier Finition satin\u00e9e\/polissage <\/span> <\/p>\n<\/div>\n<div class=\"col-12 col-lg-6\">\n<p> <span class=\"spec-title\"> Lunette <\/span> <span class=\"spec-value\"> Lunette tournante C\u00e9ramique <\/span> <\/p>\n<\/div>\n<div class=\"col-12 col-lg-6\">\n<p> <span class=\"spec-title\"> Couronne <\/span> <span class=\"spec-value\"> Acier viss\u00e9 <\/span> <\/p>\n<\/div>\n<div class=\"col-12 col-lg-6\">\n<p> <span class=\"spec-title\"> Retour <\/span> <span class=\"spec-value\"> Lisse &#8211; Acier <\/span> <\/p>\n<div class=\"col-12 col-lg-6\">\n<p> <span class=\"spec-title\"> Mat\u00e9riau du bracelet <\/span> <span class=\"spec-value\"> caoutchouc <\/span> <\/p>\n<\/div>\n<div class=\"col-12 col-lg-6\">\n<p> <span class=\"spec-title\"> Couleur <\/span> <span class=\"spec-value\"> Noir <\/span> <\/p>\n<\/div>\n<div class=\"col-12 col-lg-6\">\n<p> <span class=\"spec-title\"> Boucle <\/span> <span class=\"spec-value\"> Boucle d\u00e9ployante avec boutons &#8211; Acier <\/span> <\/p>\n<div class=\"col-12 col-lg-6\">\n<p> <span class=\"spec-title\"> Calibre <\/span> <span class=\"spec-value\"> TH31-00 COSC <\/span> <\/p>\n<\/div>\n<div class=\"col-12 col-lg-6\">\n<p> <span class=\"spec-title\"> Mouvement <\/span> <span class=\"spec-value\"> Automatique <\/span> <\/p>\n<\/div>\n<div class=\"col-12 col-lg-6\">\n<p> <span class=\"spec-title\"> R\u00e9serve de marche (heures) <\/span> <span class=\"spec-value\"> 80 <\/span> <\/p>\n<\/div>\n<div class=\"col-12 col-lg-6\">\n<p> <span class=\"spec-title\"> Fr\u00e9quence de la bascule <\/span> <span class=\"spec-value\"> 28800 (4Hz) <\/span> <\/p>\n<\/div>\n<div class=\"col-12 col-lg-6\">\n<p> <span class=\"spec-title\"> Fonctions <\/span> <span class=\"spec-value\"> Heures, minutes, secondes, date <\/span> <\/p>\n<\/div>\n<\/div>\n<\/div>\n","protected":false},"excerpt":{"rendered":"<p>Tag Heuer Aquaracer professional 300 date ref. WBP5110.FT6257 Taille 42 mm R\u00e9sistance \u00e0 l&#8217;eau 300 m Corps du bo\u00eetier Acier Finition satin\u00e9e\/polissage Lunette Lunette tournante C\u00e9ramique Couronne Acier viss\u00e9 Retour Lisse &#8211; Acier Mat\u00e9riau du bracelet caoutchouc Couleur Noir Boucle Boucle d\u00e9ployante avec boutons &#8211; Acier Calibre TH31-00 COSC Mouvement Automatique R\u00e9serve de marche (heures) [&hellip;]<\/p>\n","protected":false},"featured_media":105093,"template":"","meta":{"_crdt_document":"","advanced_seo_description":"","jetpack_seo_html_title":"","jetpack_seo_noindex":false},"product_brand":[2161],"product_cat":[2243],"product_tag":[3970],"berocket_brand":[],"woo-feed-brand":[],"class_list":{"0":"post-105099","1":"product","2":"type-product","3":"status-publish","4":"has-post-thumbnail","6":"product_brand-tag-heuer","7":"product_cat-tag-heuer-fr","8":"product_tag-aquaracer-fr","10":"first","11":"instock","12":"sale","13":"taxable","14":"shipping-taxable","15":"purchasable","16":"product-type-simple"},"bundled_by":[],"bundle_stock_status":"instock","bundle_stock_quantity":1,"bundle_virtual":false,"bundle_layout":"","bundle_add_to_cart_form_location":"","bundle_editable_in_cart":false,"bundle_sold_individually_context":"","bundle_item_grouping":"","bundle_min_size":"","bundle_max_size":"","bundle_price":[],"bundled_items":[],"bundle_sell_ids":[],"group_of_quantity":0,"min_quantity":0,"max_quantity":"","exclude_order_quantity_value_rules":"no","exclude_category_quantity_rules":"no","combine_variations":"no","jetpack_sharing_enabled":true,"jetpack_likes_enabled":true,"_links":{"self":[{"href":"https:\/\/watchdeluxe.it\/fr\/wp-json\/wp\/v2\/product\/105099","targetHints":{"allow":["GET"]}}],"collection":[{"href":"https:\/\/watchdeluxe.it\/fr\/wp-json\/wp\/v2\/product"}],"about":[{"href":"https:\/\/watchdeluxe.it\/fr\/wp-json\/wp\/v2\/types\/product"}],"wp:featuredmedia":[{"embeddable":true,"href":"https:\/\/watchdeluxe.it\/fr\/wp-json\/wp\/v2\/media\/105093"}],"wp:attachment":[{"href":"https:\/\/watchdeluxe.it\/fr\/wp-json\/wp\/v2\/media?parent=105099"}],"wp:term":[{"taxonomy":"product_brand","embeddable":true,"href":"https:\/\/watchdeluxe.it\/fr\/wp-json\/wp\/v2\/product_brand?post=105099"},{"taxonomy":"product_cat","embeddable":true,"href":"https:\/\/watchdeluxe.it\/fr\/wp-json\/wp\/v2\/product_cat?post=105099"},{"taxonomy":"product_tag","embeddable":true,"href":"https:\/\/watchdeluxe.it\/fr\/wp-json\/wp\/v2\/product_tag?post=105099"},{"taxonomy":"berocket_brand","embeddable":true,"href":"https:\/\/watchdeluxe.it\/fr\/wp-json\/wp\/v2\/berocket_brand?post=105099"},{"taxonomy":"woo-feed-brand","embeddable":true,"href":"https:\/\/watchdeluxe.it\/fr\/wp-json\/wp\/v2\/woo-feed-brand?post=105099"}],"curies":[{"name":"wp","href":"https:\/\/api.w.org\/{rel}","templated":true}]}}