{"id":105023,"date":"2024-06-21T16:08:13","date_gmt":"2024-06-21T14:08:13","guid":{"rendered":"https:\/\/watchdeluxe.it\/prodotto\/omega-seamaster-aquaterra-shades-gold-34mm-ref-220-50-34-20-02-001\/"},"modified":"2024-06-21T16:08:13","modified_gmt":"2024-06-21T14:08:13","slug":"omega-seamaster-aquaterra-shades-gold-34mm-ref-220-50-34-20-02-001","status":"publish","type":"product","link":"https:\/\/watchdeluxe.it\/fr\/prodotto\/omega-seamaster-aquaterra-shades-gold-34mm-ref-220-50-34-20-02-001\/","title":{"rendered":"Omega seamaster aquaterra shades gold 34mm ref. 220.50.34.20.02.001"},"content":{"rendered":"<p>Omega seamaster aquaterra shades gold 34mm ref. 220.50.34.20.02.001<\/p>\n<div class=\"sidebar__inner\">\n<div class=\"ow-pp-top__info\"><\/div>\n<\/div>\n<div id=\"collapsible-abbf-5c0b-3dfa-7f21\" class=\"ow-collapsible__content\" data-role=\"content\">\n<dl>\n<dd class=\"technical-data-value\" data-code=\"sku\"><\/dd>\n<dt class=\"ow-font-bold\">Distance entre les boucles <span class=\"product-info\" data-role=\"open-product-info-measure\"> <span class=\"hidden\">Cas ouvert Mesure Modale<\/span> <\/span> <\/dt>\n<dd class=\"technical-data-value\" data-code=\"watch_between_lugs_size\">16 mm<\/dd>\n<dt class=\"ow-font-bold\">Bight \u00e0 Bight <span class=\"product-info\" data-role=\"open-product-info-measure\"> <span class=\"hidden\">Cas ouvert Mesure Modale<\/span> <\/span> <\/dt>\n<dd class=\"technical-data-value\" data-code=\"watch_lug_to_lug\">40,5 mm<\/dd>\n<dt class=\"ow-font-bold\">\u00c9paisseur <span class=\"product-info\" data-role=\"open-product-info-measure\"> <span class=\"hidden\">Cas ouvert Mesure Modale<\/span> <\/span> <\/dt>\n<dd class=\"technical-data-value\" data-code=\"watch_thickness\">12,0 mm<\/dd>\n<dt class=\"ow-font-bold\">Diam\u00e8tre <span class=\"product-info\" data-role=\"open-product-info-measure\"> <span class=\"hidden\">Cas ouvert Mesure Modale<\/span> <\/span> <\/dt>\n<dd class=\"technical-data-value\" data-code=\"watch_casediameter\">34 mm<\/dd>\n<dt class=\"ow-font-bold\">Cas<\/dt>\n<dd class=\"technical-data-value\" data-code=\"watch_watchcase\">Gold Moonshine\u2122<\/dd>\n<dt class=\"ow-font-bold\">Couleur du cadran<\/dt>\n<dd class=\"technical-data-value\" data-code=\"watch_dial\">Argent<\/dd>\n<dt class=\"ow-font-bold\">Verre<\/dt>\n<dd class=\"technical-data-value\" data-code=\"watch_crystal\">Verre saphir bomb\u00e9 inrayable avec traitement antireflet sur les deux faces<\/dd>\n<dt class=\"ow-font-bold\">Imperm\u00e9able \u00e0 l&#8217;eau<\/dt>\n<dd class=\"technical-data-value\" data-code=\"watch_waterresistance\">15 bar (150 m\u00e8tres \/ 500 pieds)<\/dd>\n<dt class=\"ow-font-bold\">Calibre<\/dt>\n<dd class=\"technical-data-value\" data-code=\"caliber_product_caliber_option_id\">Omega 8801<\/dd>\n<dt class=\"ow-font-bold\">Type de mouvement<\/dt>\n<dd class=\"technical-data-value\" data-code=\"caliber_movement_label\">Chargement automatique<\/dd>\n<dt class=\"ow-font-bold\">R\u00e9serve de marche<\/dt>\n<dd class=\"technical-data-value\" data-code=\"caliber_power_reserve\">55 heures<\/dd>\n<\/dl>\n<\/div>\n","protected":false},"excerpt":{"rendered":"<p>Omega seamaster aquaterra shades gold 34mm ref. 220.50.34.20.02.001 Distance entre les boucles Cas ouvert Mesure Modale 16 mm Bight \u00e0 Bight Cas ouvert Mesure Modale 40,5 mm \u00c9paisseur Cas ouvert Mesure Modale 12,0 mm Diam\u00e8tre Cas ouvert Mesure Modale 34 mm Cas Gold Moonshine\u2122 Couleur du cadran Argent Verre Verre saphir bomb\u00e9 inrayable avec traitement [&hellip;]<\/p>\n","protected":false},"featured_media":105017,"template":"","meta":{"_crdt_document":"","advanced_seo_description":"","jetpack_seo_html_title":"","jetpack_seo_noindex":false,"jetpack_post_was_ever_published":false},"product_brand":[2155],"product_cat":[2310],"product_tag":[2312],"berocket_brand":[],"woo-feed-brand":[],"class_list":{"0":"post-105023","1":"product","2":"type-product","3":"status-publish","4":"has-post-thumbnail","6":"product_brand-omega","7":"product_cat-omega-fr","8":"product_tag-seamaster-fr","10":"first","11":"instock","12":"sale","13":"taxable","14":"shipping-taxable","15":"purchasable","16":"product-type-simple"},"bundled_by":[],"bundle_stock_status":"instock","bundle_stock_quantity":1,"bundle_virtual":false,"bundle_layout":"","bundle_add_to_cart_form_location":"","bundle_editable_in_cart":false,"bundle_sold_individually_context":"","bundle_item_grouping":"","bundle_min_size":"","bundle_max_size":"","bundle_price":[],"bundled_items":[],"bundle_sell_ids":[],"group_of_quantity":0,"min_quantity":0,"max_quantity":"","exclude_order_quantity_value_rules":"no","exclude_category_quantity_rules":"no","combine_variations":"no","exclude_global_add_ons":[],"addons":[],"jetpack_sharing_enabled":true,"jetpack_likes_enabled":true,"_links":{"self":[{"href":"https:\/\/watchdeluxe.it\/fr\/wp-json\/wp\/v2\/product\/105023","targetHints":{"allow":["GET"]}}],"collection":[{"href":"https:\/\/watchdeluxe.it\/fr\/wp-json\/wp\/v2\/product"}],"about":[{"href":"https:\/\/watchdeluxe.it\/fr\/wp-json\/wp\/v2\/types\/product"}],"wp:featuredmedia":[{"embeddable":true,"href":"https:\/\/watchdeluxe.it\/fr\/wp-json\/wp\/v2\/media\/105017"}],"wp:attachment":[{"href":"https:\/\/watchdeluxe.it\/fr\/wp-json\/wp\/v2\/media?parent=105023"}],"wp:term":[{"taxonomy":"product_brand","embeddable":true,"href":"https:\/\/watchdeluxe.it\/fr\/wp-json\/wp\/v2\/product_brand?post=105023"},{"taxonomy":"product_cat","embeddable":true,"href":"https:\/\/watchdeluxe.it\/fr\/wp-json\/wp\/v2\/product_cat?post=105023"},{"taxonomy":"product_tag","embeddable":true,"href":"https:\/\/watchdeluxe.it\/fr\/wp-json\/wp\/v2\/product_tag?post=105023"},{"taxonomy":"berocket_brand","embeddable":true,"href":"https:\/\/watchdeluxe.it\/fr\/wp-json\/wp\/v2\/berocket_brand?post=105023"},{"taxonomy":"woo-feed-brand","embeddable":true,"href":"https:\/\/watchdeluxe.it\/fr\/wp-json\/wp\/v2\/woo-feed-brand?post=105023"}],"curies":[{"name":"wp","href":"https:\/\/api.w.org\/{rel}","templated":true}]}}