{"id":105010,"date":"2024-06-21T16:01:01","date_gmt":"2024-06-21T14:01:01","guid":{"rendered":"https:\/\/watchdeluxe.it\/prodotto\/omega-seamaster-aqua-terra-shades-ref-220-20-34-20-08-001\/"},"modified":"2025-04-30T17:33:11","modified_gmt":"2025-04-30T15:33:11","slug":"omega-seamaster-aqua-terra-shades-ref-220-20-34-20-08-001","status":"publish","type":"product","link":"https:\/\/watchdeluxe.it\/fr\/prodotto\/omega-seamaster-aqua-terra-shades-ref-220-20-34-20-08-001\/","title":{"rendered":"Omega Seamaster aqua terra shades 34mm ref. 220.20.34.20.08.001"},"content":{"rendered":"<p>Omega Seamaster aqua terra shades ref. 220.20.34.20.08.001<\/p>\n<div class=\"ow-collapsible\" data-role=\"collapsible\">\n<div id=\"collapsible-b66e-4fb3-2d8f-723c\" class=\"ow-collapsible__content\" data-role=\"content\">\n<dl>\n<dt class=\"ow-font-bold\">Distance entre les boucles <span class=\"product-info\" data-role=\"open-product-info-measure\"> <span class=\"hidden\">Cas ouvert Mesure Modale<\/span> <\/span> <\/dt>\n<dd class=\"technical-data-value\" data-code=\"watch_between_lugs_size\">16 mm<\/dd>\n<dt class=\"ow-font-bold\">Bight \u00e0 Bight <span class=\"product-info\" data-role=\"open-product-info-measure\"> <span class=\"hidden\">Cas ouvert Mesure Modale<\/span> <\/span> <\/dt>\n<dd class=\"technical-data-value\" data-code=\"watch_lug_to_lug\">40,5 mm<\/dd>\n<dt class=\"ow-font-bold\">\u00c9paisseur <span class=\"product-info\" data-role=\"open-product-info-measure\"> <span class=\"hidden\">Cas ouvert Mesure Modale<\/span> <\/span> <\/dt>\n<dd class=\"technical-data-value\" data-code=\"watch_thickness\">12,0 mm<\/dd>\n<dt class=\"ow-font-bold\">Diam\u00e8tre <span class=\"product-info\" data-role=\"open-product-info-measure\"> <span class=\"hidden\">Cas ouvert Mesure Modale<\/span> <\/span> <\/dt>\n<dd class=\"technical-data-value\" data-code=\"watch_casediameter\">34 mm<\/dd>\n<dt class=\"ow-font-bold\">Cas<\/dt>\n<dd class=\"technical-data-value\" data-code=\"watch_watchcase\">acier &#8211; or Moonshine\u2122<\/dd>\n<dt class=\"ow-font-bold\">Couleur du cadran<\/dt>\n<dd class=\"technical-data-value\" data-code=\"watch_dial\">Jaune<\/dd>\n<dt class=\"ow-font-bold\">Verre<\/dt>\n<dd class=\"technical-data-value\" data-code=\"watch_crystal\">Verre saphir bomb\u00e9 inrayable avec traitement antireflet sur les deux faces<\/dd>\n<dt class=\"ow-font-bold\">Imperm\u00e9able \u00e0 l&#8217;eau<\/dt>\n<dd class=\"technical-data-value\" data-code=\"watch_waterresistance\">15 bar (150 m\u00e8tres \/ 500 pieds)<\/dd>\n<dt class=\"ow-font-bold\">Calibre<\/dt>\n<dd class=\"technical-data-value\" data-code=\"caliber_product_caliber_option_id\">Omega 8800<\/dd>\n<dt class=\"ow-font-bold\">Type de mouvement<\/dt>\n<dd class=\"technical-data-value\" data-code=\"caliber_movement_label\">Chargement automatique<\/dd>\n<dt class=\"ow-font-bold\">R\u00e9serve de marche<\/dt>\n<dd class=\"technical-data-value\" data-code=\"caliber_power_reserve\">55 heures<\/dd>\n<\/dl>\n<\/div>\n<\/div>\n<div class=\"ow-collapsible\" data-role=\"collapsible\"><\/div>\n","protected":false},"excerpt":{"rendered":"<p>Omega Seamaster aqua terra shades ref. 220.20.34.20.08.001 Distance entre les boucles Cas ouvert Mesure Modale 16 mm Bight \u00e0 Bight Cas ouvert Mesure Modale 40,5 mm \u00c9paisseur Cas ouvert Mesure Modale 12,0 mm Diam\u00e8tre Cas ouvert Mesure Modale 34 mm Cas acier &#8211; or Moonshine\u2122 Couleur du cadran Jaune Verre Verre saphir bomb\u00e9 inrayable avec [&hellip;]<\/p>\n","protected":false},"featured_media":105003,"template":"","meta":{"_crdt_document":"","advanced_seo_description":"","jetpack_seo_html_title":"","jetpack_seo_noindex":false},"product_brand":[2155],"product_cat":[1921],"product_tag":[2312],"berocket_brand":[],"woo-feed-brand":[],"class_list":{"0":"post-105010","1":"product","2":"type-product","3":"status-publish","4":"has-post-thumbnail","6":"product_brand-omega","7":"product_cat-omega","8":"product_tag-seamaster-fr","10":"first","11":"instock","12":"sale","13":"taxable","14":"shipping-taxable","15":"purchasable","16":"product-type-simple"},"bundled_by":[],"bundle_stock_status":"instock","bundle_stock_quantity":1,"bundle_virtual":false,"bundle_layout":"","bundle_add_to_cart_form_location":"","bundle_editable_in_cart":false,"bundle_sold_individually_context":"","bundle_item_grouping":"","bundle_min_size":"","bundle_max_size":"","bundle_price":[],"bundled_items":[],"bundle_sell_ids":[],"group_of_quantity":0,"min_quantity":0,"max_quantity":"","exclude_order_quantity_value_rules":"no","exclude_category_quantity_rules":"no","combine_variations":"no","jetpack_sharing_enabled":true,"jetpack_likes_enabled":true,"_links":{"self":[{"href":"https:\/\/watchdeluxe.it\/fr\/wp-json\/wp\/v2\/product\/105010","targetHints":{"allow":["GET"]}}],"collection":[{"href":"https:\/\/watchdeluxe.it\/fr\/wp-json\/wp\/v2\/product"}],"about":[{"href":"https:\/\/watchdeluxe.it\/fr\/wp-json\/wp\/v2\/types\/product"}],"wp:featuredmedia":[{"embeddable":true,"href":"https:\/\/watchdeluxe.it\/fr\/wp-json\/wp\/v2\/media\/105003"}],"wp:attachment":[{"href":"https:\/\/watchdeluxe.it\/fr\/wp-json\/wp\/v2\/media?parent=105010"}],"wp:term":[{"taxonomy":"product_brand","embeddable":true,"href":"https:\/\/watchdeluxe.it\/fr\/wp-json\/wp\/v2\/product_brand?post=105010"},{"taxonomy":"product_cat","embeddable":true,"href":"https:\/\/watchdeluxe.it\/fr\/wp-json\/wp\/v2\/product_cat?post=105010"},{"taxonomy":"product_tag","embeddable":true,"href":"https:\/\/watchdeluxe.it\/fr\/wp-json\/wp\/v2\/product_tag?post=105010"},{"taxonomy":"berocket_brand","embeddable":true,"href":"https:\/\/watchdeluxe.it\/fr\/wp-json\/wp\/v2\/berocket_brand?post=105010"},{"taxonomy":"woo-feed-brand","embeddable":true,"href":"https:\/\/watchdeluxe.it\/fr\/wp-json\/wp\/v2\/woo-feed-brand?post=105010"}],"curies":[{"name":"wp","href":"https:\/\/api.w.org\/{rel}","templated":true}]}}