{"id":104825,"date":"2025-03-12T16:07:28","date_gmt":"2025-03-12T15:07:28","guid":{"rendered":"https:\/\/watchdeluxe.it\/prodotto\/portugaise-iwc-reserve-de-marche-7-jours-ref-iw501702\/"},"modified":"2026-04-10T16:36:14","modified_gmt":"2026-04-10T14:36:14","slug":"portugaise-iwc-reserve-de-marche-7-jours-ref-iw501702","status":"publish","type":"product","link":"https:\/\/watchdeluxe.it\/fr\/prodotto\/portugaise-iwc-reserve-de-marche-7-jours-ref-iw501702\/","title":{"rendered":"IWC Portugaise 7 jours r\u00e9serve de marche r\u00e9f. IW501702"},"content":{"rendered":"<p>IWC Portugaise 7 jours r\u00e9serve de marche r\u00e9f. IW501702<\/p>\n<p>FormeRonde<br \/>\nDimension42,4 mm<br \/>\nMat\u00e9riau du bo\u00eetierAcier<br \/>\nType de verreSaphir<br \/>\n\u00c9tanch\u00e9it\u00e950 m<\/p>\n<p>Mouvement<\/p>\n<p>MouvementAutomatique<br \/>\nCalibre52011<\/p>\n<p>Fonctions<\/p>\n<p>ComplicationHEURE SEULE, R\u00c9SERVE DE MARCHE 7 JOURS<br \/>\nDateurDate<\/p>\n<p>Cadran<\/p>\n<p>CadranArgent<\/p>\n<p>Bracelet<\/p>\n<p>BraceletAlligator<\/p>\n","protected":false},"excerpt":{"rendered":"<p>IWC Portugaise 7 jours r\u00e9serve de marche r\u00e9f. IW501702 FormeRonde Dimension42,4 mm Mat\u00e9riau du bo\u00eetierAcier Type de verreSaphir \u00c9tanch\u00e9it\u00e950 m Mouvement MouvementAutomatique Calibre52011 Fonctions ComplicationHEURE SEULE, R\u00c9SERVE DE MARCHE 7 JOURS DateurDate Cadran CadranArgent Bracelet BraceletAlligator<\/p>\n","protected":false},"featured_media":168758,"template":"","meta":{"_crdt_document":"","advanced_seo_description":"","jetpack_seo_html_title":"","jetpack_seo_noindex":false},"product_brand":[],"product_cat":[2229],"product_tag":[2882],"berocket_brand":[],"woo-feed-brand":[],"class_list":{"0":"post-104825","1":"product","2":"type-product","3":"status-publish","4":"has-post-thumbnail","6":"product_cat-iwc-fr","7":"product_tag-portugais","9":"first","10":"instock","11":"sale","12":"taxable","13":"shipping-taxable","14":"purchasable","15":"product-type-simple"},"bundled_by":[],"bundle_stock_status":"instock","bundle_stock_quantity":1,"bundle_virtual":false,"bundle_layout":"","bundle_add_to_cart_form_location":"","bundle_editable_in_cart":false,"bundle_sold_individually_context":"","bundle_item_grouping":"","bundle_min_size":"","bundle_max_size":"","bundle_price":[],"bundled_items":[],"bundle_sell_ids":[],"group_of_quantity":0,"min_quantity":0,"max_quantity":"","exclude_order_quantity_value_rules":"no","exclude_category_quantity_rules":"no","combine_variations":"no","exclude_global_add_ons":[],"addons":[],"jetpack_sharing_enabled":true,"jetpack_likes_enabled":true,"_links":{"self":[{"href":"https:\/\/watchdeluxe.it\/fr\/wp-json\/wp\/v2\/product\/104825","targetHints":{"allow":["GET"]}}],"collection":[{"href":"https:\/\/watchdeluxe.it\/fr\/wp-json\/wp\/v2\/product"}],"about":[{"href":"https:\/\/watchdeluxe.it\/fr\/wp-json\/wp\/v2\/types\/product"}],"wp:featuredmedia":[{"embeddable":true,"href":"https:\/\/watchdeluxe.it\/fr\/wp-json\/wp\/v2\/media\/168758"}],"wp:attachment":[{"href":"https:\/\/watchdeluxe.it\/fr\/wp-json\/wp\/v2\/media?parent=104825"}],"wp:term":[{"taxonomy":"product_brand","embeddable":true,"href":"https:\/\/watchdeluxe.it\/fr\/wp-json\/wp\/v2\/product_brand?post=104825"},{"taxonomy":"product_cat","embeddable":true,"href":"https:\/\/watchdeluxe.it\/fr\/wp-json\/wp\/v2\/product_cat?post=104825"},{"taxonomy":"product_tag","embeddable":true,"href":"https:\/\/watchdeluxe.it\/fr\/wp-json\/wp\/v2\/product_tag?post=104825"},{"taxonomy":"berocket_brand","embeddable":true,"href":"https:\/\/watchdeluxe.it\/fr\/wp-json\/wp\/v2\/berocket_brand?post=104825"},{"taxonomy":"woo-feed-brand","embeddable":true,"href":"https:\/\/watchdeluxe.it\/fr\/wp-json\/wp\/v2\/woo-feed-brand?post=104825"}],"curies":[{"name":"wp","href":"https:\/\/api.w.org\/{rel}","templated":true}]}}