{"id":104725,"date":"2024-06-19T15:47:52","date_gmt":"2024-06-19T13:47:52","guid":{"rendered":"https:\/\/watchdeluxe.it\/prodotto\/hamilton-khaki-navy-yellow-ref-h82395332\/"},"modified":"2024-06-19T15:47:52","modified_gmt":"2024-06-19T13:47:52","slug":"hamilton-khaki-navy-yellow-ref-h82395332","status":"publish","type":"product","link":"https:\/\/watchdeluxe.it\/fr\/prodotto\/hamilton-khaki-navy-yellow-ref-h82395332\/","title":{"rendered":"Hamilton Khaki navy yellow ref. H82395332"},"content":{"rendered":"<p>Hamilton Khaki navy yellow ref. H82395332<\/p>\n<ul>\n<li><strong>Bo\u00eetier : <\/strong>acier inoxydable &#8211; diam\u00e8tre 40 mm<\/li>\n<li><strong>Fond : <\/strong>acier inoxydable herm\u00e9tique<\/li>\n<li><strong>Embout : <\/strong>pivotant en acier inoxydable noir<\/li>\n<li><strong>Verre : <\/strong>Saphir<\/li>\n<li><strong>Cadran : <\/strong>noir<\/li>\n<li><strong>Bracelet : <\/strong>caoutchouc jaune avec boucle \u00e0 ardillon<\/li>\n<li><strong>Mouvement : <\/strong>Automatique Hamilton Calibre H-10 R\u00e9serve de marche de 80 heures Swiss Made<\/li>\n<li><strong>Fonctions : <\/strong>Heure uniquement<\/li>\n<li><strong>R\u00e9sistance \u00e0 l&#8217;eau : <\/strong>100 m\u00e8tres<\/li>\n<\/ul>\n<p>&nbsp;<\/p>\n","protected":false},"excerpt":{"rendered":"<p>Hamilton Khaki navy yellow ref. H82395332 Bo\u00eetier : acier inoxydable &#8211; diam\u00e8tre 40 mm Fond : acier inoxydable herm\u00e9tique Embout : pivotant en acier inoxydable noir Verre : Saphir Cadran : noir Bracelet : caoutchouc jaune avec boucle \u00e0 ardillon Mouvement : Automatique Hamilton Calibre H-10 R\u00e9serve de marche de 80 heures Swiss Made Fonctions [&hellip;]<\/p>\n","protected":false},"featured_media":104719,"template":"","meta":{"_crdt_document":"","advanced_seo_description":"","jetpack_seo_html_title":"","jetpack_seo_noindex":false,"jetpack_post_was_ever_published":false},"product_brand":[2144],"product_cat":[2292],"product_tag":[2306],"berocket_brand":[],"woo-feed-brand":[],"class_list":{"0":"post-104725","1":"product","2":"type-product","3":"status-publish","4":"has-post-thumbnail","6":"product_brand-hamitlon","7":"product_cat-hamilton-fr","8":"product_tag-kaki","10":"first","11":"instock","12":"sale","13":"taxable","14":"shipping-taxable","15":"purchasable","16":"product-type-simple"},"bundled_by":[],"bundle_stock_status":"instock","bundle_stock_quantity":1,"bundle_virtual":false,"bundle_layout":"","bundle_add_to_cart_form_location":"","bundle_editable_in_cart":false,"bundle_sold_individually_context":"","bundle_item_grouping":"","bundle_min_size":"","bundle_max_size":"","bundle_price":[],"bundled_items":[],"bundle_sell_ids":[],"group_of_quantity":0,"min_quantity":0,"max_quantity":"","exclude_order_quantity_value_rules":"no","exclude_category_quantity_rules":"no","combine_variations":"no","exclude_global_add_ons":[],"addons":[],"jetpack_sharing_enabled":true,"jetpack_likes_enabled":true,"_links":{"self":[{"href":"https:\/\/watchdeluxe.it\/fr\/wp-json\/wp\/v2\/product\/104725","targetHints":{"allow":["GET"]}}],"collection":[{"href":"https:\/\/watchdeluxe.it\/fr\/wp-json\/wp\/v2\/product"}],"about":[{"href":"https:\/\/watchdeluxe.it\/fr\/wp-json\/wp\/v2\/types\/product"}],"wp:featuredmedia":[{"embeddable":true,"href":"https:\/\/watchdeluxe.it\/fr\/wp-json\/wp\/v2\/media\/104719"}],"wp:attachment":[{"href":"https:\/\/watchdeluxe.it\/fr\/wp-json\/wp\/v2\/media?parent=104725"}],"wp:term":[{"taxonomy":"product_brand","embeddable":true,"href":"https:\/\/watchdeluxe.it\/fr\/wp-json\/wp\/v2\/product_brand?post=104725"},{"taxonomy":"product_cat","embeddable":true,"href":"https:\/\/watchdeluxe.it\/fr\/wp-json\/wp\/v2\/product_cat?post=104725"},{"taxonomy":"product_tag","embeddable":true,"href":"https:\/\/watchdeluxe.it\/fr\/wp-json\/wp\/v2\/product_tag?post=104725"},{"taxonomy":"berocket_brand","embeddable":true,"href":"https:\/\/watchdeluxe.it\/fr\/wp-json\/wp\/v2\/berocket_brand?post=104725"},{"taxonomy":"woo-feed-brand","embeddable":true,"href":"https:\/\/watchdeluxe.it\/fr\/wp-json\/wp\/v2\/woo-feed-brand?post=104725"}],"curies":[{"name":"wp","href":"https:\/\/api.w.org\/{rel}","templated":true}]}}