{"id":104634,"date":"2024-06-19T15:17:09","date_gmt":"2024-06-19T13:17:09","guid":{"rendered":"https:\/\/watchdeluxe.it\/prodotto\/breitling-top-time-b01-chevrolet-corvette-ref-ab01761a1k1a1\/"},"modified":"2024-06-19T15:17:09","modified_gmt":"2024-06-19T13:17:09","slug":"breitling-top-time-b01-chevrolet-corvette-ref-ab01761a1k1a1","status":"publish","type":"product","link":"https:\/\/watchdeluxe.it\/fr\/prodotto\/breitling-top-time-b01-chevrolet-corvette-ref-ab01761a1k1a1\/","title":{"rendered":"Breitling Top Time B01 Chevrolet corvette ref. AB01761A1K1A1"},"content":{"rendered":"<p>Breitling Top Time B01 Chevrolet corvette ref. AB01761A1K1A1<\/p>\n<div class=\"content-technical-data mt-15 pb-10\">\n<h3 class=\"font-weight-bold title\">Mouvement<\/h3>\n<table class=\"mt-10 w-100\">\n<tbody>\n<tr>\n<th class=\"pl-0 pr-5 text-left vertical-align-top\" scope=\"row\">Calibre<\/th>\n<td class=\"vertical-align-top\">Breitling 01 (Manufacture)<\/td>\n<\/tr>\n<tr>\n<th class=\"pl-0 pr-5 text-left vertical-align-top\" scope=\"row\">Mouvement<\/th>\n<td class=\"vertical-align-top\">Remontage m\u00e9canique, automatique<\/td>\n<\/tr>\n<tr>\n<th class=\"pl-0 pr-5 text-left vertical-align-top\" scope=\"row\">R\u00e9serve de marche<\/th>\n<td class=\"vertical-align-top\">Environ 70 heures<\/td>\n<\/tr>\n<tr>\n<th class=\"pl-0 pr-5 text-left vertical-align-top\" scope=\"row\">Chronographe<\/th>\n<td class=\"vertical-align-top\">Chronographe 1\/4 de seconde, totalisateurs 30 minutes et 12 heures.<\/td>\n<\/tr>\n<tr>\n<th class=\"pl-0 pr-5 text-left vertical-align-top\" scope=\"row\">Alternance<\/th>\n<td class=\"vertical-align-top\">28 800 a\/h<\/td>\n<\/tr>\n<tr>\n<th class=\"pl-0 pr-5 text-left vertical-align-top\" scope=\"row\">Rubis<\/th>\n<td class=\"vertical-align-top\">40 rubis<\/td>\n<\/tr>\n<\/tbody>\n<\/table>\n<\/div>\n<div class=\"content-technical-data mt-15 pb-10\">\n<h3 class=\"font-weight-bold title\">Cas<\/h3>\n<table class=\"mt-10 w-100\">\n<tbody>\n<tr>\n<th class=\"pl-0 pr-5 text-left vertical-align-top\" scope=\"row\">Mat\u00e9riau de l&#8217;\u00e9tui<\/th>\n<td class=\"vertical-align-top\">Acier inoxydable<\/td>\n<\/tr>\n<tr>\n<th class=\"pl-0 pr-5 text-left vertical-align-top\" scope=\"row\">Dos de l&#8217;\u00e9tui<\/th>\n<td class=\"vertical-align-top\">Viss\u00e9 (verre saphir)<\/td>\n<\/tr>\n<tr>\n<th class=\"pl-0 pr-5 text-left vertical-align-top\" scope=\"row\">Imperm\u00e9able \u00e0 l&#8217;eau<\/th>\n<td class=\"vertical-align-top\">10 bars <span class=\"align-items-center bg-primary-yellow cursor-pointer d-flex justify-content-center ml-5 rounded-circle text-white water-resistance-description-open-popup\" tabindex=\"0\" role=\"button\" aria-label=\"price information\" data-popin-id=\"water_resistance\" data-popin-title=\"Impermeabilit\u00e0\" data-uw-rm-kbnav=\"role\">i<\/span><\/td>\n<\/tr>\n<tr>\n<th class=\"pl-0 pr-5 text-left vertical-align-top\" scope=\"row\">Lunette<\/th>\n<td class=\"vertical-align-top\">Fixer<\/td>\n<\/tr>\n<tr>\n<th class=\"pl-0 pr-5 text-left vertical-align-top\" scope=\"row\">Couronne<\/th>\n<td class=\"vertical-align-top\">Sans vis, deux joints<\/td>\n<\/tr>\n<tr>\n<th class=\"pl-0 pr-5 text-left vertical-align-top\" scope=\"row\">Verre<\/th>\n<td class=\"vertical-align-top\">Saphir convexe, antireflet sur les deux faces<\/td>\n<\/tr>\n<\/tbody>\n<\/table>\n<\/div>\n<div class=\"content-technical-data mt-15 pb-10\">\n<h3 class=\"font-weight-bold title\">Dimensions<\/h3>\n<table class=\"mt-10 w-100\">\n<tbody>\n<tr>\n<th class=\"pl-0 pr-5 text-left vertical-align-top\" scope=\"row\">Poids du produit (approx.)<\/th>\n<td class=\"vertical-align-top\">99,0 g<\/td>\n<\/tr>\n<tr>\n<th class=\"pl-0 pr-5 text-left vertical-align-top\" scope=\"row\">Poids de la t\u00eate de montre (approx.)<\/th>\n<td class=\"vertical-align-top\">77,5 g.<\/td>\n<\/tr>\n<tr>\n<th class=\"pl-0 pr-5 text-left vertical-align-top\" scope=\"row\">Diam\u00e8tre<\/th>\n<td class=\"vertical-align-top\">41,0 mm<\/td>\n<\/tr>\n<tr>\n<th class=\"pl-0 pr-5 text-left vertical-align-top\" scope=\"row\">\u00c9paisseur<\/th>\n<td class=\"vertical-align-top\">13,3 mm<\/td>\n<\/tr>\n<tr>\n<th class=\"pl-0 pr-5 text-left vertical-align-top\" scope=\"row\">Hauteur (de l&#8217;extr\u00e9mit\u00e9 sup\u00e9rieure de la boucle \u00e0 l&#8217;extr\u00e9mit\u00e9 inf\u00e9rieure de la boucle)<\/th>\n<td class=\"vertical-align-top\">50,3 mm<\/td>\n<\/tr>\n<tr>\n<th class=\"pl-0 pr-5 text-left vertical-align-top\" scope=\"row\">Largeur de l&#8217;ailette (boucle interm\u00e9diaire)<\/th>\n<td class=\"vertical-align-top\">20,0 mm<\/td>\n<\/tr>\n<\/tbody>\n<\/table>\n<\/div>\n<div class=\"content-technical-data mt-15 pb-10\">\n<h3 class=\"font-weight-bold title\">Courroie<\/h3>\n<table class=\"mt-10 w-100\">\n<tbody>\n<tr>\n<th class=\"pl-0 pr-5 text-left vertical-align-top\" scope=\"row\">Mat\u00e9riau de la sangle<\/th>\n<td class=\"vertical-align-top\">Cuir de veau<\/td>\n<\/tr>\n<tr>\n<th class=\"pl-0 pr-5 text-left vertical-align-top\" scope=\"row\">Couleur du bracelet<\/th>\n<td class=\"vertical-align-top\">Noir<\/td>\n<\/tr>\n<tr>\n<th class=\"pl-0 pr-5 text-left vertical-align-top\" scope=\"row\">Type de sangle<\/th>\n<td class=\"vertical-align-top\">Droit<\/td>\n<\/tr>\n<tr>\n<th class=\"pl-0 pr-5 text-left vertical-align-top\" scope=\"row\">Distance entre les boucles<\/th>\n<td class=\"vertical-align-top\">20\/18 mm<\/td>\n<\/tr>\n<tr>\n<th class=\"pl-0 pr-5 text-left vertical-align-top\" scope=\"row\">Mat\u00e9riau de la boucle<\/th>\n<td class=\"vertical-align-top\">Acier inoxydable<\/td>\n<\/tr>\n<tr>\n<th class=\"pl-0 pr-5 text-left vertical-align-top\" scope=\"row\">Fermeture<\/th>\n<td class=\"vertical-align-top\">Pliable<\/td>\n<\/tr>\n<tr>\n<th class=\"pl-0 pr-5 text-left vertical-align-top\" scope=\"row\">Taille de la boucle<\/th>\n<td class=\"vertical-align-top\">18 mm<\/td>\n<\/tr>\n<\/tbody>\n<\/table>\n<\/div>\n","protected":false},"excerpt":{"rendered":"<p>Breitling Top Time B01 Chevrolet corvette ref. AB01761A1K1A1 Mouvement Calibre Breitling 01 (Manufacture) Mouvement Remontage m\u00e9canique, automatique R\u00e9serve de marche Environ 70 heures Chronographe Chronographe 1\/4 de seconde, totalisateurs 30 minutes et 12 heures. Alternance 28 800 a\/h Rubis 40 rubis Cas Mat\u00e9riau de l&#8217;\u00e9tui Acier inoxydable Dos de l&#8217;\u00e9tui Viss\u00e9 (verre saphir) Imperm\u00e9able \u00e0 [&hellip;]<\/p>\n","protected":false},"featured_media":104630,"template":"","meta":{"_crdt_document":"","advanced_seo_description":"","jetpack_seo_html_title":"","jetpack_seo_noindex":false},"product_brand":[],"product_cat":[2657],"product_tag":[3703],"berocket_brand":[],"woo-feed-brand":[],"class_list":{"0":"post-104634","1":"product","2":"type-product","3":"status-publish","4":"has-post-thumbnail","6":"product_cat-breitling-fr","7":"product_tag-top0-time","9":"first","10":"instock","11":"sale","12":"taxable","13":"shipping-taxable","14":"purchasable","15":"product-type-simple"},"bundled_by":[],"bundle_stock_status":"instock","bundle_stock_quantity":1,"bundle_virtual":false,"bundle_layout":"","bundle_add_to_cart_form_location":"","bundle_editable_in_cart":false,"bundle_sold_individually_context":"","bundle_item_grouping":"","bundle_min_size":"","bundle_max_size":"","bundle_price":[],"bundled_items":[],"bundle_sell_ids":[],"group_of_quantity":0,"min_quantity":0,"max_quantity":"","exclude_order_quantity_value_rules":"no","exclude_category_quantity_rules":"no","combine_variations":"no","jetpack_sharing_enabled":true,"jetpack_likes_enabled":true,"_links":{"self":[{"href":"https:\/\/watchdeluxe.it\/fr\/wp-json\/wp\/v2\/product\/104634","targetHints":{"allow":["GET"]}}],"collection":[{"href":"https:\/\/watchdeluxe.it\/fr\/wp-json\/wp\/v2\/product"}],"about":[{"href":"https:\/\/watchdeluxe.it\/fr\/wp-json\/wp\/v2\/types\/product"}],"wp:featuredmedia":[{"embeddable":true,"href":"https:\/\/watchdeluxe.it\/fr\/wp-json\/wp\/v2\/media\/104630"}],"wp:attachment":[{"href":"https:\/\/watchdeluxe.it\/fr\/wp-json\/wp\/v2\/media?parent=104634"}],"wp:term":[{"taxonomy":"product_brand","embeddable":true,"href":"https:\/\/watchdeluxe.it\/fr\/wp-json\/wp\/v2\/product_brand?post=104634"},{"taxonomy":"product_cat","embeddable":true,"href":"https:\/\/watchdeluxe.it\/fr\/wp-json\/wp\/v2\/product_cat?post=104634"},{"taxonomy":"product_tag","embeddable":true,"href":"https:\/\/watchdeluxe.it\/fr\/wp-json\/wp\/v2\/product_tag?post=104634"},{"taxonomy":"berocket_brand","embeddable":true,"href":"https:\/\/watchdeluxe.it\/fr\/wp-json\/wp\/v2\/berocket_brand?post=104634"},{"taxonomy":"woo-feed-brand","embeddable":true,"href":"https:\/\/watchdeluxe.it\/fr\/wp-json\/wp\/v2\/woo-feed-brand?post=104634"}],"curies":[{"name":"wp","href":"https:\/\/api.w.org\/{rel}","templated":true}]}}