{"id":104613,"date":"2024-06-19T14:56:07","date_gmt":"2024-06-19T12:56:07","guid":{"rendered":"https:\/\/watchdeluxe.it\/prodotto\/baume-mercier-classima-ref-m0a10767\/"},"modified":"2026-04-11T11:52:09","modified_gmt":"2026-04-11T09:52:09","slug":"baume-mercier-classima-ref-m0a10767","status":"publish","type":"product","link":"https:\/\/watchdeluxe.it\/fr\/prodotto\/baume-mercier-classima-ref-m0a10767\/","title":{"rendered":"Baume &amp; Mercier Classima ref. M0A10767"},"content":{"rendered":"<p>Baume &amp; Mercier Classima ref. M0A10767<\/p>\n<ul>\n<li> <label> Forme <\/label> ronde<\/li>\n<li>  Diam\u00e8tre <label>: <\/label> 42 mm<\/li>\n<li> <label> \u00c9paisseur <\/label> 6,0 mm<\/li>\n<li> <label> Mat\u00e9riau et finition <\/label> Acier-ADLC, Microbill\u00e9<\/li>\n<li> <label> Fond du <\/label> bo\u00eetier Fond ferm\u00e9, Avec vis<\/li>\n<li> <label> Couleurs et finitions <\/label> Gris, BRILLANT, Sunray<\/li>\n<li> <label> Mains <\/label> Noir, Feuille, Aucune<\/li>\n<li>Mouvement \u00e0 quartz<\/li>\n<\/ul>\n","protected":false},"excerpt":{"rendered":"<p>Baume &amp; Mercier Classima ref. M0A10767 Forme ronde Diam\u00e8tre : 42 mm \u00c9paisseur 6,0 mm Mat\u00e9riau et finition Acier-ADLC, Microbill\u00e9 Fond du bo\u00eetier Fond ferm\u00e9, Avec vis Couleurs et finitions Gris, BRILLANT, Sunray Mains Noir, Feuille, Aucune Mouvement \u00e0 quartz<\/p>\n","protected":false},"featured_media":104607,"template":"","meta":{"_crdt_document":"","advanced_seo_description":"","jetpack_seo_html_title":"","jetpack_seo_noindex":false},"product_brand":[],"product_cat":[5515],"product_tag":[2623],"berocket_brand":[],"woo-feed-brand":[],"class_list":{"0":"post-104613","1":"product","2":"type-product","3":"status-publish","4":"has-post-thumbnail","6":"product_cat-baume-mercier-fr2","7":"product_tag-classima-fr","9":"first","10":"instock","11":"sale","12":"taxable","13":"shipping-taxable","14":"purchasable","15":"product-type-simple"},"bundled_by":[],"bundle_stock_status":"instock","bundle_stock_quantity":1,"bundle_virtual":false,"bundle_layout":"","bundle_add_to_cart_form_location":"","bundle_editable_in_cart":false,"bundle_sold_individually_context":"","bundle_item_grouping":"","bundle_min_size":"","bundle_max_size":"","bundle_price":[],"bundled_items":[],"bundle_sell_ids":[],"group_of_quantity":0,"min_quantity":0,"max_quantity":"","exclude_order_quantity_value_rules":"no","exclude_category_quantity_rules":"no","combine_variations":"no","jetpack_sharing_enabled":true,"jetpack_likes_enabled":true,"_links":{"self":[{"href":"https:\/\/watchdeluxe.it\/fr\/wp-json\/wp\/v2\/product\/104613","targetHints":{"allow":["GET"]}}],"collection":[{"href":"https:\/\/watchdeluxe.it\/fr\/wp-json\/wp\/v2\/product"}],"about":[{"href":"https:\/\/watchdeluxe.it\/fr\/wp-json\/wp\/v2\/types\/product"}],"wp:featuredmedia":[{"embeddable":true,"href":"https:\/\/watchdeluxe.it\/fr\/wp-json\/wp\/v2\/media\/104607"}],"wp:attachment":[{"href":"https:\/\/watchdeluxe.it\/fr\/wp-json\/wp\/v2\/media?parent=104613"}],"wp:term":[{"taxonomy":"product_brand","embeddable":true,"href":"https:\/\/watchdeluxe.it\/fr\/wp-json\/wp\/v2\/product_brand?post=104613"},{"taxonomy":"product_cat","embeddable":true,"href":"https:\/\/watchdeluxe.it\/fr\/wp-json\/wp\/v2\/product_cat?post=104613"},{"taxonomy":"product_tag","embeddable":true,"href":"https:\/\/watchdeluxe.it\/fr\/wp-json\/wp\/v2\/product_tag?post=104613"},{"taxonomy":"berocket_brand","embeddable":true,"href":"https:\/\/watchdeluxe.it\/fr\/wp-json\/wp\/v2\/berocket_brand?post=104613"},{"taxonomy":"woo-feed-brand","embeddable":true,"href":"https:\/\/watchdeluxe.it\/fr\/wp-json\/wp\/v2\/woo-feed-brand?post=104613"}],"curies":[{"name":"wp","href":"https:\/\/api.w.org\/{rel}","templated":true}]}}