{"id":104337,"date":"2024-06-12T15:47:30","date_gmt":"2024-06-12T13:47:30","guid":{"rendered":"https:\/\/watchdeluxe.it\/prodotto\/montblanc-card-holder-4810-vert-avec-5-poches-ref-198197\/"},"modified":"2024-06-12T15:47:30","modified_gmt":"2024-06-12T13:47:30","slug":"montblanc-card-holder-4810-vert-avec-5-poches-ref-198197","status":"publish","type":"product","link":"https:\/\/watchdeluxe.it\/fr\/prodotto\/montblanc-card-holder-4810-vert-avec-5-poches-ref-198197\/","title":{"rendered":"Montblanc Card Holder 4810 vert avec 5 poches ref. 198197"},"content":{"rendered":"<p>Montblanc Card Holder 4810 vert avec 5 poches ref. 198197<\/p>\n<p>La silhouette compacte peut contenir jusqu&#8217;\u00e0 cinq cartes de cr\u00e9dit et constitue un compagnon pratique pour la vie de tous les jours.<\/p>\n<p>Dimensions : 110 X 5 X 75 mm Couleur \u00e9tain.<\/p>\n","protected":false},"excerpt":{"rendered":"<p>Montblanc Card Holder 4810 vert avec 5 poches ref. 198197 La silhouette compacte peut contenir jusqu&#8217;\u00e0 cinq cartes de cr\u00e9dit et constitue un compagnon pratique pour la vie de tous les jours. Dimensions : 110 X 5 X 75 mm Couleur \u00e9tain.<\/p>\n","protected":false},"featured_media":104331,"template":"","meta":{"_crdt_document":"","advanced_seo_description":"","jetpack_seo_html_title":"","jetpack_seo_noindex":false},"product_brand":[1907],"product_cat":[2241],"product_tag":[3148],"berocket_brand":[],"woo-feed-brand":[],"class_list":{"0":"post-104337","1":"product","2":"type-product","3":"status-publish","4":"has-post-thumbnail","6":"product_brand-montblanc","7":"product_cat-montblanc-fr","8":"product_tag-porte-carte","10":"first","11":"instock","12":"sale","13":"taxable","14":"shipping-taxable","15":"purchasable","16":"product-type-simple"},"bundled_by":[],"bundle_stock_status":"instock","bundle_stock_quantity":1,"bundle_virtual":false,"bundle_layout":"","bundle_add_to_cart_form_location":"","bundle_editable_in_cart":false,"bundle_sold_individually_context":"","bundle_item_grouping":"","bundle_min_size":"","bundle_max_size":"","bundle_price":[],"bundled_items":[],"bundle_sell_ids":[],"group_of_quantity":0,"min_quantity":0,"max_quantity":"","exclude_order_quantity_value_rules":"no","exclude_category_quantity_rules":"no","combine_variations":"no","jetpack_sharing_enabled":true,"jetpack_likes_enabled":true,"_links":{"self":[{"href":"https:\/\/watchdeluxe.it\/fr\/wp-json\/wp\/v2\/product\/104337","targetHints":{"allow":["GET"]}}],"collection":[{"href":"https:\/\/watchdeluxe.it\/fr\/wp-json\/wp\/v2\/product"}],"about":[{"href":"https:\/\/watchdeluxe.it\/fr\/wp-json\/wp\/v2\/types\/product"}],"wp:featuredmedia":[{"embeddable":true,"href":"https:\/\/watchdeluxe.it\/fr\/wp-json\/wp\/v2\/media\/104331"}],"wp:attachment":[{"href":"https:\/\/watchdeluxe.it\/fr\/wp-json\/wp\/v2\/media?parent=104337"}],"wp:term":[{"taxonomy":"product_brand","embeddable":true,"href":"https:\/\/watchdeluxe.it\/fr\/wp-json\/wp\/v2\/product_brand?post=104337"},{"taxonomy":"product_cat","embeddable":true,"href":"https:\/\/watchdeluxe.it\/fr\/wp-json\/wp\/v2\/product_cat?post=104337"},{"taxonomy":"product_tag","embeddable":true,"href":"https:\/\/watchdeluxe.it\/fr\/wp-json\/wp\/v2\/product_tag?post=104337"},{"taxonomy":"berocket_brand","embeddable":true,"href":"https:\/\/watchdeluxe.it\/fr\/wp-json\/wp\/v2\/berocket_brand?post=104337"},{"taxonomy":"woo-feed-brand","embeddable":true,"href":"https:\/\/watchdeluxe.it\/fr\/wp-json\/wp\/v2\/woo-feed-brand?post=104337"}],"curies":[{"name":"wp","href":"https:\/\/api.w.org\/{rel}","templated":true}]}}