{"id":103944,"date":"2024-06-11T16:51:47","date_gmt":"2024-06-11T14:51:47","guid":{"rendered":"https:\/\/watchdeluxe.it\/prodotto\/ceinture-reversible-en-cuir-graine-montblanc-ref-198632\/"},"modified":"2024-06-11T16:51:47","modified_gmt":"2024-06-11T14:51:47","slug":"ceinture-reversible-en-cuir-graine-montblanc-ref-198632","status":"publish","type":"product","link":"https:\/\/watchdeluxe.it\/fr\/prodotto\/ceinture-reversible-en-cuir-graine-montblanc-ref-198632\/","title":{"rendered":"Ceinture r\u00e9versible en cuir grain\u00e9 Montblanc ref. 198632"},"content":{"rendered":"<p>Ceinture r\u00e9versible en cuir grain\u00e9 Montblanc ref. 198632<\/p>\n<p>De couleur \u00e9b\u00e8ne d&#8217;un c\u00f4t\u00e9 et noire de l&#8217;autre, cette ceinture r\u00e9versible de 35 mm offre deux options de style et est fabriqu\u00e9e en cuir finement grain\u00e9. La boucle en fer \u00e0 cheval en finition palladium ajoute une touche intemporelle \u00e0 la ceinture, compl\u00e9t\u00e9e par l&#8217;embl\u00e8me Montblanc.<\/p>\n","protected":false},"excerpt":{"rendered":"<p>Ceinture r\u00e9versible en cuir grain\u00e9 Montblanc ref. 198632 De couleur \u00e9b\u00e8ne d&#8217;un c\u00f4t\u00e9 et noire de l&#8217;autre, cette ceinture r\u00e9versible de 35 mm offre deux options de style et est fabriqu\u00e9e en cuir finement grain\u00e9. La boucle en fer \u00e0 cheval en finition palladium ajoute une touche intemporelle \u00e0 la ceinture, compl\u00e9t\u00e9e par l&#8217;embl\u00e8me Montblanc.<\/p>\n","protected":false},"featured_media":103938,"template":"","meta":{"_crdt_document":"","advanced_seo_description":"","jetpack_seo_html_title":"","jetpack_seo_noindex":false,"jetpack_post_was_ever_published":false},"product_brand":[1907],"product_cat":[2241],"product_tag":[2270],"berocket_brand":[],"woo-feed-brand":[],"class_list":{"0":"post-103944","1":"product","2":"type-product","3":"status-publish","4":"has-post-thumbnail","6":"product_brand-montblanc","7":"product_cat-montblanc-fr","8":"product_tag-ceintures","10":"first","11":"instock","12":"sale","13":"taxable","14":"shipping-taxable","15":"purchasable","16":"product-type-simple"},"bundled_by":[],"bundle_stock_status":"instock","bundle_stock_quantity":1,"bundle_virtual":false,"bundle_layout":"","bundle_add_to_cart_form_location":"","bundle_editable_in_cart":false,"bundle_sold_individually_context":"","bundle_item_grouping":"","bundle_min_size":"","bundle_max_size":"","bundle_price":[],"bundled_items":[],"bundle_sell_ids":[],"group_of_quantity":0,"min_quantity":0,"max_quantity":"","exclude_order_quantity_value_rules":"no","exclude_category_quantity_rules":"no","combine_variations":"no","exclude_global_add_ons":[],"addons":[],"jetpack_sharing_enabled":true,"jetpack_likes_enabled":true,"_links":{"self":[{"href":"https:\/\/watchdeluxe.it\/fr\/wp-json\/wp\/v2\/product\/103944","targetHints":{"allow":["GET"]}}],"collection":[{"href":"https:\/\/watchdeluxe.it\/fr\/wp-json\/wp\/v2\/product"}],"about":[{"href":"https:\/\/watchdeluxe.it\/fr\/wp-json\/wp\/v2\/types\/product"}],"wp:featuredmedia":[{"embeddable":true,"href":"https:\/\/watchdeluxe.it\/fr\/wp-json\/wp\/v2\/media\/103938"}],"wp:attachment":[{"href":"https:\/\/watchdeluxe.it\/fr\/wp-json\/wp\/v2\/media?parent=103944"}],"wp:term":[{"taxonomy":"product_brand","embeddable":true,"href":"https:\/\/watchdeluxe.it\/fr\/wp-json\/wp\/v2\/product_brand?post=103944"},{"taxonomy":"product_cat","embeddable":true,"href":"https:\/\/watchdeluxe.it\/fr\/wp-json\/wp\/v2\/product_cat?post=103944"},{"taxonomy":"product_tag","embeddable":true,"href":"https:\/\/watchdeluxe.it\/fr\/wp-json\/wp\/v2\/product_tag?post=103944"},{"taxonomy":"berocket_brand","embeddable":true,"href":"https:\/\/watchdeluxe.it\/fr\/wp-json\/wp\/v2\/berocket_brand?post=103944"},{"taxonomy":"woo-feed-brand","embeddable":true,"href":"https:\/\/watchdeluxe.it\/fr\/wp-json\/wp\/v2\/woo-feed-brand?post=103944"}],"curies":[{"name":"wp","href":"https:\/\/api.w.org\/{rel}","templated":true}]}}