{"id":103816,"date":"2024-06-11T16:21:54","date_gmt":"2024-06-11T14:21:54","guid":{"rendered":"https:\/\/watchdeluxe.it\/prodotto\/montblanc-ballpoint-pen-meisterstuck-the-origin-collection-solitaire-midsize-ref-131356\/"},"modified":"2026-01-22T11:04:18","modified_gmt":"2026-01-22T10:04:18","slug":"montblanc-ballpoint-pen-meisterstuck-the-origin-collection-solitaire-midsize-ref-131356","status":"publish","type":"product","link":"https:\/\/watchdeluxe.it\/fr\/prodotto\/montblanc-ballpoint-pen-meisterstuck-the-origin-collection-solitaire-midsize-ref-131356\/","title":{"rendered":"montblanc BALLPOINT PEN MEISTERST\u00dcCK THE ORIGIN COLLECTION SOLITAIRE MIDSIZE &#8211; ref. 131356"},"content":{"rendered":"<p>montblanc BALLPOINT PEN MEISTERST\u00dcCK THE ORIGIN COLLECTION SOLITAIRE MIDSIZE &#8211; ref. 131356<\/p>\n<p>Caract\u00e9ristiques<br \/>\nCouleur Corail<br \/>\nSyst\u00e8me d&#8217;\u00e9criture \u00e0 bille<br \/>\nDimensions 141,4 x 14,1 mm<\/p>\n","protected":false},"excerpt":{"rendered":"<p>montblanc BALLPOINT PEN MEISTERST\u00dcCK THE ORIGIN COLLECTION SOLITAIRE MIDSIZE &#8211; ref. 131356 Caract\u00e9ristiques Couleur Corail Syst\u00e8me d&#8217;\u00e9criture \u00e0 bille Dimensions 141,4 x 14,1 mm<\/p>\n","protected":false},"featured_media":103811,"template":"","meta":{"_crdt_document":"","advanced_seo_description":"","jetpack_seo_html_title":"","jetpack_seo_noindex":false,"jetpack_post_was_ever_published":false},"product_brand":[1907],"product_cat":[2241],"product_tag":[2252],"berocket_brand":[],"woo-feed-brand":[],"class_list":{"0":"post-103816","1":"product","2":"type-product","3":"status-publish","4":"has-post-thumbnail","6":"product_brand-montblanc","7":"product_cat-montblanc-fr","8":"product_tag-stylos","10":"first","11":"instock","12":"sale","13":"taxable","14":"shipping-taxable","15":"purchasable","16":"product-type-simple"},"bundled_by":[],"bundle_stock_status":"instock","bundle_stock_quantity":null,"bundle_virtual":false,"bundle_layout":"","bundle_add_to_cart_form_location":"","bundle_editable_in_cart":false,"bundle_sold_individually_context":"","bundle_item_grouping":"","bundle_min_size":"","bundle_max_size":"","bundle_price":[],"bundled_items":[],"bundle_sell_ids":[],"group_of_quantity":0,"min_quantity":0,"max_quantity":"","exclude_order_quantity_value_rules":"no","exclude_category_quantity_rules":"no","combine_variations":"no","exclude_global_add_ons":[],"addons":[],"jetpack_sharing_enabled":true,"jetpack_likes_enabled":true,"_links":{"self":[{"href":"https:\/\/watchdeluxe.it\/fr\/wp-json\/wp\/v2\/product\/103816","targetHints":{"allow":["GET"]}}],"collection":[{"href":"https:\/\/watchdeluxe.it\/fr\/wp-json\/wp\/v2\/product"}],"about":[{"href":"https:\/\/watchdeluxe.it\/fr\/wp-json\/wp\/v2\/types\/product"}],"wp:featuredmedia":[{"embeddable":true,"href":"https:\/\/watchdeluxe.it\/fr\/wp-json\/wp\/v2\/media\/103811"}],"wp:attachment":[{"href":"https:\/\/watchdeluxe.it\/fr\/wp-json\/wp\/v2\/media?parent=103816"}],"wp:term":[{"taxonomy":"product_brand","embeddable":true,"href":"https:\/\/watchdeluxe.it\/fr\/wp-json\/wp\/v2\/product_brand?post=103816"},{"taxonomy":"product_cat","embeddable":true,"href":"https:\/\/watchdeluxe.it\/fr\/wp-json\/wp\/v2\/product_cat?post=103816"},{"taxonomy":"product_tag","embeddable":true,"href":"https:\/\/watchdeluxe.it\/fr\/wp-json\/wp\/v2\/product_tag?post=103816"},{"taxonomy":"berocket_brand","embeddable":true,"href":"https:\/\/watchdeluxe.it\/fr\/wp-json\/wp\/v2\/berocket_brand?post=103816"},{"taxonomy":"woo-feed-brand","embeddable":true,"href":"https:\/\/watchdeluxe.it\/fr\/wp-json\/wp\/v2\/woo-feed-brand?post=103816"}],"curies":[{"name":"wp","href":"https:\/\/api.w.org\/{rel}","templated":true}]}}