{"id":103071,"date":"2024-05-23T15:37:33","date_gmt":"2024-05-23T13:37:33","guid":{"rendered":"https:\/\/watchdeluxe.it\/prodotto\/omega-seamaster-aqua-terra-150-m-38-mm-acier-et-or-sedna-ref-220-20-38-20-55-002\/"},"modified":"2024-05-23T15:37:33","modified_gmt":"2024-05-23T13:37:33","slug":"omega-seamaster-aqua-terra-150-m-38-mm-acier-et-or-sedna-ref-220-20-38-20-55-002","status":"publish","type":"product","link":"https:\/\/watchdeluxe.it\/fr\/prodotto\/omega-seamaster-aqua-terra-150-m-38-mm-acier-et-or-sedna-ref-220-20-38-20-55-002\/","title":{"rendered":"Omega Seamaster Aqua terra 150 m 38 mm acier et or sedna ref. 220.20.38.20.55.002"},"content":{"rendered":"<p>Omega Seamaster Aqua terra 150 m 38 mm acier et or sedna ref. 220.20.38.20.55.002<\/p>\n<div class=\"bg-light-gray p-3 p-lg-4\">\n<div class=\"row\">\n<div class=\"col-7 col-lg-8\"><\/div>\n<\/div>\n<div class=\"row\">\n<div class=\"col-5 col-lg-4\">Collection SEAMASTER<\/div>\n<\/div>\n<div class=\"row\">\n<div class=\"col-5 col-lg-4\">Type Temps seulement<\/div>\n<\/div>\n<div class=\"row\">\n<div class=\"col-5 col-lg-4\">Mouvement automatique<\/div>\n<\/div>\n<div class=\"row\">\n<div class=\"col-5 col-lg-4\">Dimensions du bo\u00eetier \u00d8 38 MM<\/div>\n<\/div>\n<div class=\"row\">\n<div class=\"col-5 col-lg-4\">Mat\u00e9riau : acier, or Sedna\u2122,<\/div>\n<\/div>\n<div class=\"row\">\n<div class=\"col-5 col-lg-4\">Bracelet Acier,Or Sedna\u2122<\/div>\n<\/div>\n<div class=\"row\">\n<div class=\"col-5 col-lg-4\">R\u00e9sistance \u00e0 l&#8217;eau 15 ATM<\/div>\n<\/div>\n<div class=\"row\">\n<div class=\"col-5 col-lg-4\">Cadran en nacre avec diamants<\/div>\n<\/div>\n<div class=\"row\">\n<div class=\"col-5 col-lg-4\">Verre saphir<\/div>\n<\/div>\n<div class=\"row\">\n<div class=\"col-5 col-lg-4\">Cl\u00f4ture du d\u00e9ploiement<\/div>\n<\/div>\n<div class=\"row\"><\/div>\n<div class=\"row\">\n<div class=\"col-7 col-lg-8\"><\/div>\n<\/div>\n<\/div>\n","protected":false},"excerpt":{"rendered":"<p>Omega Seamaster Aqua terra 150 m 38 mm acier et or sedna ref. 220.20.38.20.55.002 Collection SEAMASTER Type Temps seulement Mouvement automatique Dimensions du bo\u00eetier \u00d8 38 MM Mat\u00e9riau : acier, or Sedna\u2122, Bracelet Acier,Or Sedna\u2122 R\u00e9sistance \u00e0 l&#8217;eau 15 ATM Cadran en nacre avec diamants Verre saphir Cl\u00f4ture du d\u00e9ploiement<\/p>\n","protected":false},"featured_media":103066,"template":"","meta":{"_crdt_document":"","advanced_seo_description":"","jetpack_seo_html_title":"","jetpack_seo_noindex":false},"product_brand":[2155],"product_cat":[2310],"product_tag":[2312],"berocket_brand":[],"woo-feed-brand":[],"class_list":{"0":"post-103071","1":"product","2":"type-product","3":"status-publish","4":"has-post-thumbnail","6":"product_brand-omega","7":"product_cat-omega-fr","8":"product_tag-seamaster-fr","10":"first","11":"instock","12":"sale","13":"taxable","14":"shipping-taxable","15":"purchasable","16":"product-type-simple"},"bundled_by":[],"bundle_stock_status":"instock","bundle_stock_quantity":1,"bundle_virtual":false,"bundle_layout":"","bundle_add_to_cart_form_location":"","bundle_editable_in_cart":false,"bundle_sold_individually_context":"","bundle_item_grouping":"","bundle_min_size":"","bundle_max_size":"","bundle_price":[],"bundled_items":[],"bundle_sell_ids":[],"group_of_quantity":0,"min_quantity":0,"max_quantity":"","exclude_order_quantity_value_rules":"no","exclude_category_quantity_rules":"no","combine_variations":"no","jetpack_sharing_enabled":true,"jetpack_likes_enabled":true,"_links":{"self":[{"href":"https:\/\/watchdeluxe.it\/fr\/wp-json\/wp\/v2\/product\/103071","targetHints":{"allow":["GET"]}}],"collection":[{"href":"https:\/\/watchdeluxe.it\/fr\/wp-json\/wp\/v2\/product"}],"about":[{"href":"https:\/\/watchdeluxe.it\/fr\/wp-json\/wp\/v2\/types\/product"}],"wp:featuredmedia":[{"embeddable":true,"href":"https:\/\/watchdeluxe.it\/fr\/wp-json\/wp\/v2\/media\/103066"}],"wp:attachment":[{"href":"https:\/\/watchdeluxe.it\/fr\/wp-json\/wp\/v2\/media?parent=103071"}],"wp:term":[{"taxonomy":"product_brand","embeddable":true,"href":"https:\/\/watchdeluxe.it\/fr\/wp-json\/wp\/v2\/product_brand?post=103071"},{"taxonomy":"product_cat","embeddable":true,"href":"https:\/\/watchdeluxe.it\/fr\/wp-json\/wp\/v2\/product_cat?post=103071"},{"taxonomy":"product_tag","embeddable":true,"href":"https:\/\/watchdeluxe.it\/fr\/wp-json\/wp\/v2\/product_tag?post=103071"},{"taxonomy":"berocket_brand","embeddable":true,"href":"https:\/\/watchdeluxe.it\/fr\/wp-json\/wp\/v2\/berocket_brand?post=103071"},{"taxonomy":"woo-feed-brand","embeddable":true,"href":"https:\/\/watchdeluxe.it\/fr\/wp-json\/wp\/v2\/woo-feed-brand?post=103071"}],"curies":[{"name":"wp","href":"https:\/\/api.w.org\/{rel}","templated":true}]}}