{"id":102993,"date":"2024-05-22T15:06:35","date_gmt":"2024-05-22T13:06:35","guid":{"rendered":"https:\/\/watchdeluxe.it\/prodotto\/longines-hydroconquest-gmt-43-mm-ref-l38904969\/"},"modified":"2024-05-22T15:06:35","modified_gmt":"2024-05-22T13:06:35","slug":"longines-hydroconquest-gmt-43-mm-ref-l38904969","status":"publish","type":"product","link":"https:\/\/watchdeluxe.it\/fr\/prodotto\/longines-hydroconquest-gmt-43-mm-ref-l38904969\/","title":{"rendered":"Longines Hydroconquest GMT 43 Mm Ref. L38904969"},"content":{"rendered":"<p>Longines Hydroconquest GMT 43 Mm Ref. L38904969<\/p>\n<table class=\"data-table\">\n<tbody>\n<tr class=\"even\">\n<td class=\"spec-name\">Ligne<\/td>\n<td class=\"spec-value\">La conqu\u00eate de l&#8217;eau<\/td>\n<\/tr>\n<tr class=\"odd\">\n<td class=\"spec-name\">Complications<\/td>\n<td class=\"spec-value\">DOUBLE FUSIBLE<\/td>\n<\/tr>\n<tr class=\"even\">\n<td class=\"spec-name\">Mouvement<\/td>\n<td class=\"spec-value\">AUTOMATIQUE<\/td>\n<\/tr>\n<tr class=\"odd\">\n<td class=\"spec-name\">Dater<\/td>\n<td class=\"spec-value\">DONN\u00c9ES<\/td>\n<\/tr>\n<tr class=\"even\">\n<td class=\"spec-name\">Calibre<\/td>\n<td class=\"spec-value\">L844<\/td>\n<\/tr>\n<tr class=\"odd\">\n<td class=\"spec-name\">Formulaire<\/td>\n<td class=\"spec-value\">ROND<\/td>\n<\/tr>\n<tr class=\"even\">\n<td class=\"spec-name\">Taille<\/td>\n<td class=\"spec-value\">43 MM<\/td>\n<\/tr>\n<tr class=\"odd\">\n<td class=\"spec-name\">Mat\u00e9riau de l&#8217;\u00e9tui<\/td>\n<td class=\"spec-value\">Lunette en acier et c\u00e9ramique<\/td>\n<\/tr>\n<tr class=\"even\">\n<td class=\"spec-name\">Type de verre<\/td>\n<td class=\"spec-value\">SAPPHIRE<\/td>\n<\/tr>\n<tr class=\"odd\">\n<td class=\"spec-name\">Cadran<\/td>\n<td class=\"spec-value\">BLEU<\/td>\n<\/tr>\n<tr class=\"even\">\n<td class=\"spec-name\">Courroie<\/td>\n<td class=\"spec-value\">CAUCCIU<\/td>\n<\/tr>\n<tr class=\"odd\">\n<td class=\"spec-name\">Imperm\u00e9able \u00e0 l&#8217;eau<\/td>\n<td class=\"spec-value\">300 M<\/td>\n<\/tr>\n<\/tbody>\n<\/table>\n","protected":false},"excerpt":{"rendered":"<p>Longines Hydroconquest GMT 43 Mm Ref. L38904969 Ligne La conqu\u00eate de l&#8217;eau Complications DOUBLE FUSIBLE Mouvement AUTOMATIQUE Dater DONN\u00c9ES Calibre L844 Formulaire ROND Taille 43 MM Mat\u00e9riau de l&#8217;\u00e9tui Lunette en acier et c\u00e9ramique Type de verre SAPPHIRE Cadran BLEU Courroie CAUCCIU Imperm\u00e9able \u00e0 l&#8217;eau 300 M<\/p>\n","protected":false},"featured_media":102988,"template":"","meta":{"_crdt_document":"","advanced_seo_description":"","jetpack_seo_html_title":"","jetpack_seo_noindex":false,"jetpack_post_was_ever_published":false},"product_brand":[2151],"product_cat":[2188],"product_tag":[2983],"berocket_brand":[],"woo-feed-brand":[],"class_list":{"0":"post-102993","1":"product","2":"type-product","3":"status-publish","4":"has-post-thumbnail","6":"product_brand-longines","7":"product_cat-longines-fr","8":"product_tag-hydroconquest-fr","10":"first","11":"instock","12":"sale","13":"taxable","14":"shipping-taxable","15":"purchasable","16":"product-type-simple"},"bundled_by":[],"bundle_stock_status":"instock","bundle_stock_quantity":1,"bundle_virtual":false,"bundle_layout":"","bundle_add_to_cart_form_location":"","bundle_editable_in_cart":false,"bundle_sold_individually_context":"","bundle_item_grouping":"","bundle_min_size":"","bundle_max_size":"","bundle_price":[],"bundled_items":[],"bundle_sell_ids":[],"group_of_quantity":0,"min_quantity":0,"max_quantity":"","exclude_order_quantity_value_rules":"no","exclude_category_quantity_rules":"no","combine_variations":"no","exclude_global_add_ons":[],"addons":[],"jetpack_sharing_enabled":true,"jetpack_likes_enabled":true,"_links":{"self":[{"href":"https:\/\/watchdeluxe.it\/fr\/wp-json\/wp\/v2\/product\/102993","targetHints":{"allow":["GET"]}}],"collection":[{"href":"https:\/\/watchdeluxe.it\/fr\/wp-json\/wp\/v2\/product"}],"about":[{"href":"https:\/\/watchdeluxe.it\/fr\/wp-json\/wp\/v2\/types\/product"}],"wp:featuredmedia":[{"embeddable":true,"href":"https:\/\/watchdeluxe.it\/fr\/wp-json\/wp\/v2\/media\/102988"}],"wp:attachment":[{"href":"https:\/\/watchdeluxe.it\/fr\/wp-json\/wp\/v2\/media?parent=102993"}],"wp:term":[{"taxonomy":"product_brand","embeddable":true,"href":"https:\/\/watchdeluxe.it\/fr\/wp-json\/wp\/v2\/product_brand?post=102993"},{"taxonomy":"product_cat","embeddable":true,"href":"https:\/\/watchdeluxe.it\/fr\/wp-json\/wp\/v2\/product_cat?post=102993"},{"taxonomy":"product_tag","embeddable":true,"href":"https:\/\/watchdeluxe.it\/fr\/wp-json\/wp\/v2\/product_tag?post=102993"},{"taxonomy":"berocket_brand","embeddable":true,"href":"https:\/\/watchdeluxe.it\/fr\/wp-json\/wp\/v2\/berocket_brand?post=102993"},{"taxonomy":"woo-feed-brand","embeddable":true,"href":"https:\/\/watchdeluxe.it\/fr\/wp-json\/wp\/v2\/woo-feed-brand?post=102993"}],"curies":[{"name":"wp","href":"https:\/\/api.w.org\/{rel}","templated":true}]}}