{"id":102711,"date":"2024-05-15T15:44:36","date_gmt":"2024-05-15T13:44:36","guid":{"rendered":"https:\/\/watchdeluxe.it\/prodotto\/breitling-avenger-chronographe-44-mm-ref-ab0147101l1x1\/"},"modified":"2024-05-15T15:44:36","modified_gmt":"2024-05-15T13:44:36","slug":"breitling-avenger-chronographe-44-mm-ref-ab0147101l1x1","status":"publish","type":"product","link":"https:\/\/watchdeluxe.it\/fr\/prodotto\/breitling-avenger-chronographe-44-mm-ref-ab0147101l1x1\/","title":{"rendered":"Breitling Avenger Chronographe 44 mm R\u00e9f. AB0147101L1X1"},"content":{"rendered":"<p>Breitling Avenger Chronographe 44 mm R\u00e9f. AB0147101L1X1<\/p>\n<table class=\"data-table\">\n<tbody>\n<tr class=\"even\">\n<td class=\"spec-name\">Ligne<\/td>\n<td class=\"spec-value\">Vengeur<\/td>\n<\/tr>\n<tr class=\"odd\">\n<td class=\"spec-name\">Complications<\/td>\n<td class=\"spec-value\">CHRONOGRAPHIE<\/td>\n<\/tr>\n<tr class=\"even\">\n<td class=\"spec-name\">Dater<\/td>\n<td class=\"spec-value\">DONN\u00c9ES<\/td>\n<\/tr>\n<tr class=\"odd\">\n<td class=\"spec-name\">Mouvement<\/td>\n<td class=\"spec-value\">AUTOMATIQUE<\/td>\n<\/tr>\n<tr class=\"even\">\n<td class=\"spec-name\">Calibre<\/td>\n<td class=\"spec-value\">Breitling 01<\/td>\n<\/tr>\n<tr class=\"odd\">\n<td class=\"spec-name\">Formulaire<\/td>\n<td class=\"spec-value\">ROND<\/td>\n<\/tr>\n<tr class=\"even\">\n<td class=\"spec-name\">Taille<\/td>\n<td class=\"spec-value\">44 MM<\/td>\n<\/tr>\n<tr class=\"odd\">\n<td class=\"spec-name\">Mat\u00e9riau de l&#8217;\u00e9tui<\/td>\n<td class=\"spec-value\">Acier<\/td>\n<\/tr>\n<tr class=\"even\">\n<td class=\"spec-name\">Type de verre<\/td>\n<td class=\"spec-value\">SAPPHIRE<\/td>\n<\/tr>\n<tr class=\"odd\">\n<td class=\"spec-name\">Cadran<\/td>\n<td class=\"spec-value\">Vert clair<\/td>\n<\/tr>\n<tr class=\"even\">\n<td class=\"spec-name\">Courroie<\/td>\n<td class=\"spec-value\">VITELLO<\/td>\n<\/tr>\n<tr class=\"odd\">\n<td class=\"spec-name\">Imperm\u00e9able \u00e0 l&#8217;eau<\/td>\n<td class=\"spec-value\">300 M<\/td>\n<\/tr>\n<\/tbody>\n<\/table>\n","protected":false},"excerpt":{"rendered":"<p>Breitling Avenger Chronographe 44 mm R\u00e9f. AB0147101L1X1 Ligne Vengeur Complications CHRONOGRAPHIE Dater DONN\u00c9ES Mouvement AUTOMATIQUE Calibre Breitling 01 Formulaire ROND Taille 44 MM Mat\u00e9riau de l&#8217;\u00e9tui Acier Type de verre SAPPHIRE Cadran Vert clair Courroie VITELLO Imperm\u00e9able \u00e0 l&#8217;eau 300 M<\/p>\n","protected":false},"featured_media":102706,"template":"","meta":{"_crdt_document":"","advanced_seo_description":"","jetpack_seo_html_title":"","jetpack_seo_noindex":false},"product_brand":[],"product_cat":[2657],"product_tag":[2674],"berocket_brand":[],"woo-feed-brand":[],"class_list":{"0":"post-102711","1":"product","2":"type-product","3":"status-publish","4":"has-post-thumbnail","6":"product_cat-breitling-fr","7":"product_tag-vengeur","9":"first","10":"instock","11":"sale","12":"taxable","13":"shipping-taxable","14":"purchasable","15":"product-type-simple"},"bundled_by":[],"bundle_stock_status":"instock","bundle_stock_quantity":1,"bundle_virtual":false,"bundle_layout":"","bundle_add_to_cart_form_location":"","bundle_editable_in_cart":false,"bundle_sold_individually_context":"","bundle_item_grouping":"","bundle_min_size":"","bundle_max_size":"","bundle_price":[],"bundled_items":[],"bundle_sell_ids":[],"group_of_quantity":0,"min_quantity":0,"max_quantity":"","exclude_order_quantity_value_rules":"no","exclude_category_quantity_rules":"no","combine_variations":"no","jetpack_sharing_enabled":true,"jetpack_likes_enabled":true,"_links":{"self":[{"href":"https:\/\/watchdeluxe.it\/fr\/wp-json\/wp\/v2\/product\/102711","targetHints":{"allow":["GET"]}}],"collection":[{"href":"https:\/\/watchdeluxe.it\/fr\/wp-json\/wp\/v2\/product"}],"about":[{"href":"https:\/\/watchdeluxe.it\/fr\/wp-json\/wp\/v2\/types\/product"}],"wp:featuredmedia":[{"embeddable":true,"href":"https:\/\/watchdeluxe.it\/fr\/wp-json\/wp\/v2\/media\/102706"}],"wp:attachment":[{"href":"https:\/\/watchdeluxe.it\/fr\/wp-json\/wp\/v2\/media?parent=102711"}],"wp:term":[{"taxonomy":"product_brand","embeddable":true,"href":"https:\/\/watchdeluxe.it\/fr\/wp-json\/wp\/v2\/product_brand?post=102711"},{"taxonomy":"product_cat","embeddable":true,"href":"https:\/\/watchdeluxe.it\/fr\/wp-json\/wp\/v2\/product_cat?post=102711"},{"taxonomy":"product_tag","embeddable":true,"href":"https:\/\/watchdeluxe.it\/fr\/wp-json\/wp\/v2\/product_tag?post=102711"},{"taxonomy":"berocket_brand","embeddable":true,"href":"https:\/\/watchdeluxe.it\/fr\/wp-json\/wp\/v2\/berocket_brand?post=102711"},{"taxonomy":"woo-feed-brand","embeddable":true,"href":"https:\/\/watchdeluxe.it\/fr\/wp-json\/wp\/v2\/woo-feed-brand?post=102711"}],"curies":[{"name":"wp","href":"https:\/\/api.w.org\/{rel}","templated":true}]}}