{"id":102560,"date":"2024-05-15T09:54:51","date_gmt":"2024-05-15T07:54:51","guid":{"rendered":"https:\/\/watchdeluxe.it\/prodotto\/hamilton-jazzmaster-performer-ref-h36205110\/"},"modified":"2026-04-01T09:48:22","modified_gmt":"2026-04-01T07:48:22","slug":"hamilton-jazzmaster-performer-ref-h36205110","status":"publish","type":"product","link":"https:\/\/watchdeluxe.it\/fr\/prodotto\/hamilton-jazzmaster-performer-ref-h36205110\/","title":{"rendered":"Hamilton Jazzmaster Performer r\u00e9f. H36205110"},"content":{"rendered":"<p>Hamilton Jazzmaster Performer r\u00e9f. H36205110<\/p>\n<table class=\"table table-striped\">\n<tbody>\n<tr class=\"\">\n<td class=\"border-none\" scope=\"col\">Couleur du cadran<\/td>\n<td class=\"text-right border-none\" scope=\"col\">blanc<\/td>\n<\/tr>\n<tr class=\"\">\n<td class=\"border-none\" scope=\"col\">Mat\u00e9riau du bo\u00eetier<\/td>\n<td class=\"text-right border-none\" scope=\"col\">Acier<\/td>\n<\/tr>\n<tr class=\"\">\n<td class=\"border-none\" scope=\"col\">Diam\u00e8tre du bo\u00eetier<\/td>\n<td class=\"text-right border-none\" scope=\"col\">38 mm<\/td>\n<\/tr>\n<tr class=\"\">\n<td class=\"border-none\" scope=\"col\">\u00c9paisseur du bo\u00eetier<\/td>\n<td class=\"text-right border-none\" scope=\"col\">11,47 mm<\/td>\n<\/tr>\n<tr class=\"\">\n<td class=\"border-none\" scope=\"col\">Verre<\/td>\n<td class=\"text-right border-none\" scope=\"col\">Saphir<\/td>\n<\/tr>\n<tr class=\"\">\n<td class=\"border-none\" scope=\"col\">\u00c9tanch\u00e9it\u00e9<\/td>\n<td class=\"text-right border-none\" scope=\"col\">100 m\u00e8tres\/ 10 BAR<\/td>\n<\/tr>\n<tr class=\"\">\n<td class=\"border-none\" scope=\"col\">Mouvement<\/td>\n<td class=\"text-right border-none\" scope=\"col\">Automatique<\/td>\n<\/tr>\n<tr class=\"\">\n<td class=\"border-none\" scope=\"col\">Sp\u00e9cification du mouvement<\/td>\n<td class=\"text-right border-none\" scope=\"col\">Mouvement automatique H-10<\/td>\n<\/tr>\n<tr class=\"\">\n<td class=\"border-none\" scope=\"col\">Entre-cornes<\/td>\n<td class=\"text-right border-none\" scope=\"col\">20 mm<\/td>\n<\/tr>\n<\/tbody>\n<\/table>\n","protected":false},"excerpt":{"rendered":"<p>Hamilton Jazzmaster Performer r\u00e9f. H36205110 Couleur du cadran blanc Mat\u00e9riau du bo\u00eetier Acier Diam\u00e8tre du bo\u00eetier 38 mm \u00c9paisseur du bo\u00eetier 11,47 mm Verre Saphir \u00c9tanch\u00e9it\u00e9 100 m\u00e8tres\/ 10 BAR Mouvement Automatique Sp\u00e9cification du mouvement Mouvement automatique H-10 Entre-cornes 20 mm<\/p>\n","protected":false},"featured_media":102554,"template":"","meta":{"_crdt_document":"","advanced_seo_description":"","jetpack_seo_html_title":"","jetpack_seo_noindex":false},"product_brand":[],"product_cat":[2292],"product_tag":[],"berocket_brand":[],"woo-feed-brand":[],"class_list":{"0":"post-102560","1":"product","2":"type-product","3":"status-publish","4":"has-post-thumbnail","6":"product_cat-hamilton-fr","8":"first","9":"instock","10":"sale","11":"taxable","12":"shipping-taxable","13":"purchasable","14":"product-type-simple"},"bundled_by":[],"bundle_stock_status":"instock","bundle_stock_quantity":1,"bundle_virtual":false,"bundle_layout":"","bundle_add_to_cart_form_location":"","bundle_editable_in_cart":false,"bundle_sold_individually_context":"","bundle_item_grouping":"","bundle_min_size":"","bundle_max_size":"","bundle_price":[],"bundled_items":[],"bundle_sell_ids":[],"group_of_quantity":0,"min_quantity":0,"max_quantity":"","exclude_order_quantity_value_rules":"no","exclude_category_quantity_rules":"no","combine_variations":"no","jetpack_sharing_enabled":true,"jetpack_likes_enabled":true,"_links":{"self":[{"href":"https:\/\/watchdeluxe.it\/fr\/wp-json\/wp\/v2\/product\/102560","targetHints":{"allow":["GET"]}}],"collection":[{"href":"https:\/\/watchdeluxe.it\/fr\/wp-json\/wp\/v2\/product"}],"about":[{"href":"https:\/\/watchdeluxe.it\/fr\/wp-json\/wp\/v2\/types\/product"}],"wp:featuredmedia":[{"embeddable":true,"href":"https:\/\/watchdeluxe.it\/fr\/wp-json\/wp\/v2\/media\/102554"}],"wp:attachment":[{"href":"https:\/\/watchdeluxe.it\/fr\/wp-json\/wp\/v2\/media?parent=102560"}],"wp:term":[{"taxonomy":"product_brand","embeddable":true,"href":"https:\/\/watchdeluxe.it\/fr\/wp-json\/wp\/v2\/product_brand?post=102560"},{"taxonomy":"product_cat","embeddable":true,"href":"https:\/\/watchdeluxe.it\/fr\/wp-json\/wp\/v2\/product_cat?post=102560"},{"taxonomy":"product_tag","embeddable":true,"href":"https:\/\/watchdeluxe.it\/fr\/wp-json\/wp\/v2\/product_tag?post=102560"},{"taxonomy":"berocket_brand","embeddable":true,"href":"https:\/\/watchdeluxe.it\/fr\/wp-json\/wp\/v2\/berocket_brand?post=102560"},{"taxonomy":"woo-feed-brand","embeddable":true,"href":"https:\/\/watchdeluxe.it\/fr\/wp-json\/wp\/v2\/woo-feed-brand?post=102560"}],"curies":[{"name":"wp","href":"https:\/\/api.w.org\/{rel}","templated":true}]}}