{"id":102514,"date":"2024-05-14T16:04:57","date_gmt":"2024-05-14T14:04:57","guid":{"rendered":"https:\/\/watchdeluxe.it\/prodotto\/longines-mini-dolcevita-ref-l52004710\/"},"modified":"2024-05-14T16:04:57","modified_gmt":"2024-05-14T14:04:57","slug":"longines-mini-dolcevita-ref-l52004710","status":"publish","type":"product","link":"https:\/\/watchdeluxe.it\/fr\/prodotto\/longines-mini-dolcevita-ref-l52004710\/","title":{"rendered":"Longines mini Dolcevita ref. L52004710"},"content":{"rendered":"<p>Longines mini Dolcevita ref. L52004710<\/p>\n<p><b>Mouvement :<\/b> Quartz<br \/>\n<b>Cadran :<\/b> argent<br \/>\n<b>Indicateurs :<\/b> chiffres romains et indices<br \/>\n<b>Bo\u00eetier :<\/b> Acier inoxydable<br \/>\n<b>Taille :<\/b> 29 mm<br \/>\n<b>Bracelet :<\/b> Cuir<br \/>\n<b>Etanch\u00e9it\u00e9 :<\/b> 3 bar<br \/>\n<b>Verre :<\/b> Verre saphir inrayable avec traitement antireflet multicouche sur les deux faces.<br \/>\n<b>Sexe :<\/b> Femme<br \/>\n<b>P\u00e9riode de garantie :<\/b> 2 ans<\/p>\n","protected":false},"excerpt":{"rendered":"<p>Longines mini Dolcevita ref. L52004710 Mouvement : Quartz Cadran : argent Indicateurs : chiffres romains et indices Bo\u00eetier : Acier inoxydable Taille : 29 mm Bracelet : Cuir Etanch\u00e9it\u00e9 : 3 bar Verre : Verre saphir inrayable avec traitement antireflet multicouche sur les deux faces. Sexe : Femme P\u00e9riode de garantie : 2 ans<\/p>\n","protected":false},"featured_media":102508,"template":"","meta":{"_crdt_document":"","advanced_seo_description":"","jetpack_seo_html_title":"","jetpack_seo_noindex":false},"product_brand":[2151],"product_cat":[2188],"product_tag":[3205],"berocket_brand":[],"woo-feed-brand":[],"class_list":{"0":"post-102514","1":"product","2":"type-product","3":"status-publish","4":"has-post-thumbnail","6":"product_brand-longines","7":"product_cat-longines-fr","8":"product_tag-col-roule","10":"first","11":"instock","12":"sale","13":"taxable","14":"shipping-taxable","15":"purchasable","16":"product-type-simple"},"bundled_by":[],"bundle_stock_status":"instock","bundle_stock_quantity":1,"bundle_virtual":false,"bundle_layout":"","bundle_add_to_cart_form_location":"","bundle_editable_in_cart":false,"bundle_sold_individually_context":"","bundle_item_grouping":"","bundle_min_size":"","bundle_max_size":"","bundle_price":[],"bundled_items":[],"bundle_sell_ids":[],"group_of_quantity":0,"min_quantity":0,"max_quantity":"","exclude_order_quantity_value_rules":"no","exclude_category_quantity_rules":"no","combine_variations":"no","exclude_global_add_ons":[],"addons":[],"jetpack_sharing_enabled":true,"jetpack_likes_enabled":true,"_links":{"self":[{"href":"https:\/\/watchdeluxe.it\/fr\/wp-json\/wp\/v2\/product\/102514","targetHints":{"allow":["GET"]}}],"collection":[{"href":"https:\/\/watchdeluxe.it\/fr\/wp-json\/wp\/v2\/product"}],"about":[{"href":"https:\/\/watchdeluxe.it\/fr\/wp-json\/wp\/v2\/types\/product"}],"wp:featuredmedia":[{"embeddable":true,"href":"https:\/\/watchdeluxe.it\/fr\/wp-json\/wp\/v2\/media\/102508"}],"wp:attachment":[{"href":"https:\/\/watchdeluxe.it\/fr\/wp-json\/wp\/v2\/media?parent=102514"}],"wp:term":[{"taxonomy":"product_brand","embeddable":true,"href":"https:\/\/watchdeluxe.it\/fr\/wp-json\/wp\/v2\/product_brand?post=102514"},{"taxonomy":"product_cat","embeddable":true,"href":"https:\/\/watchdeluxe.it\/fr\/wp-json\/wp\/v2\/product_cat?post=102514"},{"taxonomy":"product_tag","embeddable":true,"href":"https:\/\/watchdeluxe.it\/fr\/wp-json\/wp\/v2\/product_tag?post=102514"},{"taxonomy":"berocket_brand","embeddable":true,"href":"https:\/\/watchdeluxe.it\/fr\/wp-json\/wp\/v2\/berocket_brand?post=102514"},{"taxonomy":"woo-feed-brand","embeddable":true,"href":"https:\/\/watchdeluxe.it\/fr\/wp-json\/wp\/v2\/woo-feed-brand?post=102514"}],"curies":[{"name":"wp","href":"https:\/\/api.w.org\/{rel}","templated":true}]}}