{"id":102387,"date":"2024-05-13T16:30:36","date_gmt":"2024-05-13T14:30:36","guid":{"rendered":"https:\/\/watchdeluxe.it\/prodotto\/breitling-avenger-chronograph-night-mission-44-mm-ref-sb0147101b1x1\/"},"modified":"2024-05-13T16:30:36","modified_gmt":"2024-05-13T14:30:36","slug":"breitling-avenger-chronograph-night-mission-44-mm-ref-sb0147101b1x1","status":"publish","type":"product","link":"https:\/\/watchdeluxe.it\/fr\/prodotto\/breitling-avenger-chronograph-night-mission-44-mm-ref-sb0147101b1x1\/","title":{"rendered":"Breitling Avenger Chronograph Night Mission 44 mm Ref. SB0147101B1X1"},"content":{"rendered":"<p>Breitling Avenger Chronograph Night Mission 44 mm Ref. SB0147101B1X1<\/p>\n<table class=\"data-table\">\n<tbody>\n<tr class=\"even\">\n<td class=\"spec-name\">Ligne<\/td>\n<td class=\"spec-value\">Vengeur<\/td>\n<\/tr>\n<tr class=\"odd\">\n<td class=\"spec-name\">Complications<\/td>\n<td class=\"spec-value\">CHRONOGRAPHIE<\/td>\n<\/tr>\n<tr class=\"even\">\n<td class=\"spec-name\">Dater<\/td>\n<td class=\"spec-value\">DONN\u00c9ES<\/td>\n<\/tr>\n<tr class=\"odd\">\n<td class=\"spec-name\">Mouvement<\/td>\n<td class=\"spec-value\">AUTOMATIQUE<\/td>\n<\/tr>\n<tr class=\"even\">\n<td class=\"spec-name\">Calibre<\/td>\n<td class=\"spec-value\">Breitling 01<\/td>\n<\/tr>\n<tr class=\"odd\">\n<td class=\"spec-name\">Formulaire<\/td>\n<td class=\"spec-value\">ROND<\/td>\n<\/tr>\n<tr class=\"even\">\n<td class=\"spec-name\">Taille<\/td>\n<td class=\"spec-value\">44 MM<\/td>\n<\/tr>\n<tr class=\"odd\">\n<td class=\"spec-name\">Mat\u00e9riau de l&#8217;\u00e9tui<\/td>\n<td class=\"spec-value\">C\u00e9ramique<\/td>\n<\/tr>\n<tr class=\"even\">\n<td class=\"spec-name\">Type de verre<\/td>\n<td class=\"spec-value\">SAPPHIRE<\/td>\n<\/tr>\n<tr class=\"odd\">\n<td class=\"spec-name\">Cadran<\/td>\n<td class=\"spec-value\">NOIR<\/td>\n<\/tr>\n<tr class=\"even\">\n<td class=\"spec-name\">Courroie<\/td>\n<td class=\"spec-value\">VITELLO<\/td>\n<\/tr>\n<tr class=\"odd\">\n<td class=\"spec-name\">Imperm\u00e9able \u00e0 l&#8217;eau<\/td>\n<td class=\"spec-value\">300 M<\/td>\n<\/tr>\n<\/tbody>\n<\/table>\n","protected":false},"excerpt":{"rendered":"<p>Breitling Avenger Chronograph Night Mission 44 mm Ref. SB0147101B1X1 Ligne Vengeur Complications CHRONOGRAPHIE Dater DONN\u00c9ES Mouvement AUTOMATIQUE Calibre Breitling 01 Formulaire ROND Taille 44 MM Mat\u00e9riau de l&#8217;\u00e9tui C\u00e9ramique Type de verre SAPPHIRE Cadran NOIR Courroie VITELLO Imperm\u00e9able \u00e0 l&#8217;eau 300 M<\/p>\n","protected":false},"featured_media":102382,"template":"","meta":{"_crdt_document":"","advanced_seo_description":"","jetpack_seo_html_title":"","jetpack_seo_noindex":false},"product_brand":[],"product_cat":[2657],"product_tag":[2674],"berocket_brand":[],"woo-feed-brand":[],"class_list":{"0":"post-102387","1":"product","2":"type-product","3":"status-publish","4":"has-post-thumbnail","6":"product_cat-breitling-fr","7":"product_tag-vengeur","9":"first","10":"instock","11":"sale","12":"taxable","13":"shipping-taxable","14":"purchasable","15":"product-type-simple"},"bundled_by":[],"bundle_stock_status":"instock","bundle_stock_quantity":1,"bundle_virtual":false,"bundle_layout":"","bundle_add_to_cart_form_location":"","bundle_editable_in_cart":false,"bundle_sold_individually_context":"","bundle_item_grouping":"","bundle_min_size":"","bundle_max_size":"","bundle_price":[],"bundled_items":[],"bundle_sell_ids":[],"group_of_quantity":0,"min_quantity":0,"max_quantity":"","exclude_order_quantity_value_rules":"no","exclude_category_quantity_rules":"no","combine_variations":"no","jetpack_sharing_enabled":true,"jetpack_likes_enabled":true,"_links":{"self":[{"href":"https:\/\/watchdeluxe.it\/fr\/wp-json\/wp\/v2\/product\/102387","targetHints":{"allow":["GET"]}}],"collection":[{"href":"https:\/\/watchdeluxe.it\/fr\/wp-json\/wp\/v2\/product"}],"about":[{"href":"https:\/\/watchdeluxe.it\/fr\/wp-json\/wp\/v2\/types\/product"}],"wp:featuredmedia":[{"embeddable":true,"href":"https:\/\/watchdeluxe.it\/fr\/wp-json\/wp\/v2\/media\/102382"}],"wp:attachment":[{"href":"https:\/\/watchdeluxe.it\/fr\/wp-json\/wp\/v2\/media?parent=102387"}],"wp:term":[{"taxonomy":"product_brand","embeddable":true,"href":"https:\/\/watchdeluxe.it\/fr\/wp-json\/wp\/v2\/product_brand?post=102387"},{"taxonomy":"product_cat","embeddable":true,"href":"https:\/\/watchdeluxe.it\/fr\/wp-json\/wp\/v2\/product_cat?post=102387"},{"taxonomy":"product_tag","embeddable":true,"href":"https:\/\/watchdeluxe.it\/fr\/wp-json\/wp\/v2\/product_tag?post=102387"},{"taxonomy":"berocket_brand","embeddable":true,"href":"https:\/\/watchdeluxe.it\/fr\/wp-json\/wp\/v2\/berocket_brand?post=102387"},{"taxonomy":"woo-feed-brand","embeddable":true,"href":"https:\/\/watchdeluxe.it\/fr\/wp-json\/wp\/v2\/woo-feed-brand?post=102387"}],"curies":[{"name":"wp","href":"https:\/\/api.w.org\/{rel}","templated":true}]}}