{"id":101319,"date":"2024-04-23T15:31:56","date_gmt":"2024-04-23T13:31:56","guid":{"rendered":"https:\/\/watchdeluxe.it\/prodotto\/longines-conquest-vhp-43-mm-ref-l37294569\/"},"modified":"2024-04-23T15:31:56","modified_gmt":"2024-04-23T13:31:56","slug":"longines-conquest-vhp-43-mm-ref-l37294569","status":"publish","type":"product","link":"https:\/\/watchdeluxe.it\/fr\/prodotto\/longines-conquest-vhp-43-mm-ref-l37294569\/","title":{"rendered":"Longines Conquest VHP 43 mm ref. L37294569"},"content":{"rendered":"<p>Longines Conquest VHP 43 mm ref. L37294569<\/p>\n<ul>\n<li class=\"bullet-arrow\">\u00c9tat : Nouveau (neuf, sans aucun signe d&#8217;usure)<\/li>\n<li class=\"bullet-arrow\">Equipement : Montre avec bo\u00eete et papiers d&#8217;origine<\/li>\n<li class=\"bullet-arrow\">Charge : Quartz<\/li>\n<li class=\"bullet-arrow\">Mat\u00e9riau du bo\u00eetier : Acier<\/li>\n<li class=\"bullet-arrow\">Mat\u00e9riau du bracelet : caoutchouc<\/li>\n<li class=\"bullet-arrow\">Mat\u00e9riau de la lunette : Acier<\/li>\n<li class=\"bullet-arrow\">Genre : Montre pour hommes\/Unisexe<\/li>\n<li class=\"bullet-arrow\">Couleur du bracelet : noir<\/li>\n<li class=\"bullet-arrow\">Fermeture : D\u00e9ployante<\/li>\n<li class=\"bullet-arrow\">\u00c9tanch\u00e9it\u00e9 : 5 ATM<\/li>\n<li class=\"bullet-arrow\">Verre : verre saphir<\/li>\n<li class=\"bullet-arrow\">Cadran : noir<\/li>\n<li class=\"bullet-arrow\">Cadran avec chiffres : arabes<\/li>\n<li class=\"bullet-arrow\">Autres : Index luminescents, aiguilles luminescentes, secondes au centre<\/li>\n<li class=\"bullet-arrow\">Disponibilit\u00e9 : Exp\u00e9dition dans les 6 \u00e0 10 jours ouvrables<\/li>\n<li class=\"bullet-arrow\">Diam\u00e8tre (mm) : 43<\/li>\n<li class=\"bullet-arrow\">Fonctions : Donn\u00e9es<\/li>\n<\/ul>\n","protected":false},"excerpt":{"rendered":"<p>Longines Conquest VHP 43 mm ref. L37294569 \u00c9tat : Nouveau (neuf, sans aucun signe d&#8217;usure) Equipement : Montre avec bo\u00eete et papiers d&#8217;origine Charge : Quartz Mat\u00e9riau du bo\u00eetier : Acier Mat\u00e9riau du bracelet : caoutchouc Mat\u00e9riau de la lunette : Acier Genre : Montre pour hommes\/Unisexe Couleur du bracelet : noir Fermeture : D\u00e9ployante [&hellip;]<\/p>\n","protected":false},"featured_media":101314,"template":"","meta":{"_crdt_document":"","advanced_seo_description":"","jetpack_seo_html_title":"","jetpack_seo_noindex":false},"product_brand":[2151],"product_cat":[2188],"product_tag":[2408],"berocket_brand":[],"woo-feed-brand":[],"class_list":{"0":"post-101319","1":"product","2":"type-product","3":"status-publish","4":"has-post-thumbnail","6":"product_brand-longines","7":"product_cat-longines-fr","8":"product_tag-conquete","10":"first","11":"instock","12":"sale","13":"taxable","14":"shipping-taxable","15":"purchasable","16":"product-type-simple"},"bundled_by":[],"bundle_stock_status":"instock","bundle_stock_quantity":1,"bundle_virtual":false,"bundle_layout":"","bundle_add_to_cart_form_location":"","bundle_editable_in_cart":false,"bundle_sold_individually_context":"","bundle_item_grouping":"","bundle_min_size":"","bundle_max_size":"","bundle_price":[],"bundled_items":[],"bundle_sell_ids":[],"group_of_quantity":0,"min_quantity":0,"max_quantity":"","exclude_order_quantity_value_rules":"no","exclude_category_quantity_rules":"no","combine_variations":"no","jetpack_sharing_enabled":true,"jetpack_likes_enabled":true,"_links":{"self":[{"href":"https:\/\/watchdeluxe.it\/fr\/wp-json\/wp\/v2\/product\/101319","targetHints":{"allow":["GET"]}}],"collection":[{"href":"https:\/\/watchdeluxe.it\/fr\/wp-json\/wp\/v2\/product"}],"about":[{"href":"https:\/\/watchdeluxe.it\/fr\/wp-json\/wp\/v2\/types\/product"}],"wp:featuredmedia":[{"embeddable":true,"href":"https:\/\/watchdeluxe.it\/fr\/wp-json\/wp\/v2\/media\/101314"}],"wp:attachment":[{"href":"https:\/\/watchdeluxe.it\/fr\/wp-json\/wp\/v2\/media?parent=101319"}],"wp:term":[{"taxonomy":"product_brand","embeddable":true,"href":"https:\/\/watchdeluxe.it\/fr\/wp-json\/wp\/v2\/product_brand?post=101319"},{"taxonomy":"product_cat","embeddable":true,"href":"https:\/\/watchdeluxe.it\/fr\/wp-json\/wp\/v2\/product_cat?post=101319"},{"taxonomy":"product_tag","embeddable":true,"href":"https:\/\/watchdeluxe.it\/fr\/wp-json\/wp\/v2\/product_tag?post=101319"},{"taxonomy":"berocket_brand","embeddable":true,"href":"https:\/\/watchdeluxe.it\/fr\/wp-json\/wp\/v2\/berocket_brand?post=101319"},{"taxonomy":"woo-feed-brand","embeddable":true,"href":"https:\/\/watchdeluxe.it\/fr\/wp-json\/wp\/v2\/woo-feed-brand?post=101319"}],"curies":[{"name":"wp","href":"https:\/\/api.w.org\/{rel}","templated":true}]}}