{"id":101069,"date":"2024-04-19T16:43:26","date_gmt":"2024-04-19T14:43:26","guid":{"rendered":"https:\/\/watchdeluxe.it\/prodotto\/hublot-classic-fusion-king-gold-bleu-ref-581-ox-7180-lr\/"},"modified":"2026-01-20T15:18:07","modified_gmt":"2026-01-20T14:18:07","slug":"hublot-classic-fusion-king-gold-bleu-ref-581-ox-7180-lr","status":"publish","type":"product","link":"https:\/\/watchdeluxe.it\/fr\/prodotto\/hublot-classic-fusion-king-gold-bleu-ref-581-ox-7180-lr\/","title":{"rendered":"Hublot Classic fusion King Gold bleu ref. 581.OX.7180.LR"},"content":{"rendered":"<p>Hublot Classic fusion King Gold bleu ref. 581.OX.7180.LR<\/p>\n<div class=\"row\">\n<div class=\"col-5 col-lg-4\">Collection<\/div>\n<div class=\"col-7 col-lg-8\">FUSION CLASSIQUE<\/div>\n<\/div>\n<div class=\"row\">\n<div class=\"col-5 col-lg-4\">Type<\/div>\n<div class=\"col-7 col-lg-8\">TEMPS SEULEMENT<\/div>\n<\/div>\n<div class=\"row\">\n<div class=\"col-5 col-lg-4\">Mouvement<\/div>\n<div class=\"col-7 col-lg-8\">Quartz<\/div>\n<\/div>\n<div class=\"row\">\n<div class=\"col-5 col-lg-4\">Dimensions de l&#8217;\u00e9tui<\/div>\n<div class=\"col-7 col-lg-8\">\u00d8 33 MM<\/div>\n<\/div>\n<div class=\"row\">\n<div class=\"col-5 col-lg-4\">Mat\u00e9riau<\/div>\n<div class=\"col-7 col-lg-8\">L&#8217;or du roi<\/div>\n<\/div>\n<div class=\"row\">\n<div class=\"col-5 col-lg-4\">Courroie<\/div>\n<div class=\"col-7 col-lg-8\">Caoutchouc\/cuir<\/div>\n<\/div>\n<div class=\"row\">\n<div class=\"col-5 col-lg-4\">Imperm\u00e9able \u00e0 l&#8217;eau<\/div>\n<div class=\"col-7 col-lg-8\">5 ATM<\/div>\n<\/div>\n<div class=\"row\">\n<div class=\"col-5 col-lg-4\">Cadran<\/div>\n<div class=\"col-7 col-lg-8\">bleu<\/div>\n<\/div>\n<div class=\"row\">\n<div class=\"col-5 col-lg-4\">Verre<\/div>\n<div class=\"col-7 col-lg-8\">SAPPHIRE<\/div>\n<\/div>\n<div class=\"row\">\n<div class=\"col-5 col-lg-4\">Fermeture<\/div>\n<div class=\"col-7 col-lg-8\">D\u00c9PLOYANT<\/div>\n<\/div>\n<div class=\"row\">\n<div class=\"col-5 col-lg-4\">Code<\/div>\n<div class=\"col-7 col-lg-8\">581.OX.7180.RX<\/div>\n<\/div>\n","protected":false},"excerpt":{"rendered":"<p>Hublot Classic fusion King Gold bleu ref. 581.OX.7180.LR Collection FUSION CLASSIQUE Type TEMPS SEULEMENT Mouvement Quartz Dimensions de l&#8217;\u00e9tui \u00d8 33 MM Mat\u00e9riau L&#8217;or du roi Courroie Caoutchouc\/cuir Imperm\u00e9able \u00e0 l&#8217;eau 5 ATM Cadran bleu Verre SAPPHIRE Fermeture D\u00c9PLOYANT Code 581.OX.7180.RX<\/p>\n","protected":false},"featured_media":101063,"template":"","meta":{"_crdt_document":"","advanced_seo_description":"","jetpack_seo_html_title":"","jetpack_seo_noindex":false},"product_brand":[2149],"product_cat":[2223],"product_tag":[2227],"berocket_brand":[],"woo-feed-brand":[],"class_list":{"0":"post-101069","1":"product","2":"type-product","3":"status-publish","4":"has-post-thumbnail","6":"product_brand-hublot","7":"product_cat-hublot-fr","8":"product_tag-fusion-classique","10":"first","11":"instock","12":"sale","13":"taxable","14":"shipping-taxable","15":"purchasable","16":"product-type-simple"},"bundled_by":[],"bundle_stock_status":"instock","bundle_stock_quantity":1,"bundle_virtual":false,"bundle_layout":"","bundle_add_to_cart_form_location":"","bundle_editable_in_cart":false,"bundle_sold_individually_context":"","bundle_item_grouping":"","bundle_min_size":"","bundle_max_size":"","bundle_price":[],"bundled_items":[],"bundle_sell_ids":[],"group_of_quantity":0,"min_quantity":0,"max_quantity":"","exclude_order_quantity_value_rules":"no","exclude_category_quantity_rules":"no","combine_variations":"no","exclude_global_add_ons":[],"addons":[],"jetpack_sharing_enabled":true,"jetpack_likes_enabled":true,"_links":{"self":[{"href":"https:\/\/watchdeluxe.it\/fr\/wp-json\/wp\/v2\/product\/101069","targetHints":{"allow":["GET"]}}],"collection":[{"href":"https:\/\/watchdeluxe.it\/fr\/wp-json\/wp\/v2\/product"}],"about":[{"href":"https:\/\/watchdeluxe.it\/fr\/wp-json\/wp\/v2\/types\/product"}],"wp:featuredmedia":[{"embeddable":true,"href":"https:\/\/watchdeluxe.it\/fr\/wp-json\/wp\/v2\/media\/101063"}],"wp:attachment":[{"href":"https:\/\/watchdeluxe.it\/fr\/wp-json\/wp\/v2\/media?parent=101069"}],"wp:term":[{"taxonomy":"product_brand","embeddable":true,"href":"https:\/\/watchdeluxe.it\/fr\/wp-json\/wp\/v2\/product_brand?post=101069"},{"taxonomy":"product_cat","embeddable":true,"href":"https:\/\/watchdeluxe.it\/fr\/wp-json\/wp\/v2\/product_cat?post=101069"},{"taxonomy":"product_tag","embeddable":true,"href":"https:\/\/watchdeluxe.it\/fr\/wp-json\/wp\/v2\/product_tag?post=101069"},{"taxonomy":"berocket_brand","embeddable":true,"href":"https:\/\/watchdeluxe.it\/fr\/wp-json\/wp\/v2\/berocket_brand?post=101069"},{"taxonomy":"woo-feed-brand","embeddable":true,"href":"https:\/\/watchdeluxe.it\/fr\/wp-json\/wp\/v2\/woo-feed-brand?post=101069"}],"curies":[{"name":"wp","href":"https:\/\/api.w.org\/{rel}","templated":true}]}}