{"id":101017,"date":"2025-11-13T14:41:17","date_gmt":"2025-11-13T13:41:17","guid":{"rendered":"https:\/\/watchdeluxe.it\/prodotto\/hublot-classic-fusionking-or-ceramique-ref-565-co-1480-rx\/"},"modified":"2025-11-13T14:41:20","modified_gmt":"2025-11-13T13:41:20","slug":"hublot-classic-fusionking-or-ceramique-ref-565-co-1480-rx","status":"publish","type":"product","link":"https:\/\/watchdeluxe.it\/fr\/prodotto\/hublot-classic-fusionking-or-ceramique-ref-565-co-1480-rx\/","title":{"rendered":"Hublot Classic FusionKing or c\u00e9ramique ref. 565.CO.1480.RX"},"content":{"rendered":"<div class=\"row\">\n<div>Classic FusionKing or c\u00e9ramique ref. 565.CO.1480.RX<\/div>\n<div class=\"col-5 col-lg-4\">Collection<\/div>\n<div class=\"col-7 col-lg-8\">FUSION CLASSIQUE<\/div>\n<\/div>\n<div class=\"row\">\n<div class=\"col-5 col-lg-4\">Type<\/div>\n<div class=\"col-7 col-lg-8\">TEMPS SEULEMENT<\/div>\n<\/div>\n<div class=\"row\">\n<div class=\"col-5 col-lg-4\">Mouvement<\/div>\n<div class=\"col-7 col-lg-8\">Automatique<\/div>\n<\/div>\n<div class=\"row\">\n<div class=\"col-5 col-lg-4\">Dimensions de l&#8217;\u00e9tui<\/div>\n<div class=\"col-7 col-lg-8\">\u00d8 38 MM<\/div>\n<\/div>\n<div class=\"row\">\n<div class=\"col-5 col-lg-4\">Mat\u00e9riau<\/div>\n<div class=\"col-7 col-lg-8\">L&#8217;or et la c\u00e9ramique de King<\/div>\n<\/div>\n<div class=\"row\">\n<div class=\"col-5 col-lg-4\">Courroie<\/div>\n<div class=\"col-7 col-lg-8\">Caoutchouc<\/div>\n<\/div>\n<div class=\"row\">\n<div class=\"col-5 col-lg-4\">Imperm\u00e9able \u00e0 l&#8217;eau<\/div>\n<div class=\"col-7 col-lg-8\">5 ATM<\/div>\n<\/div>\n<div class=\"row\">\n<div class=\"col-5 col-lg-4\">Cadran<\/div>\n<div class=\"col-7 col-lg-8\">NOIR<\/div>\n<\/div>\n<div class=\"row\">\n<div class=\"col-5 col-lg-4\">Verre<\/div>\n<div class=\"col-7 col-lg-8\">SAPPHIRE<\/div>\n<\/div>\n<div class=\"row\">\n<div class=\"col-5 col-lg-4\"><\/div>\n<\/div>\n","protected":false},"excerpt":{"rendered":"<p>Classic FusionKing or c\u00e9ramique ref. 565.CO.1480.RX Collection FUSION CLASSIQUE Type TEMPS SEULEMENT Mouvement Automatique Dimensions de l&#8217;\u00e9tui \u00d8 38 MM Mat\u00e9riau L&#8217;or et la c\u00e9ramique de King Courroie Caoutchouc Imperm\u00e9able \u00e0 l&#8217;eau 5 ATM Cadran NOIR Verre SAPPHIRE<\/p>\n","protected":false},"featured_media":101012,"template":"","meta":{"_crdt_document":"","advanced_seo_description":"","jetpack_seo_html_title":"","jetpack_seo_noindex":false},"product_brand":[2149],"product_cat":[1917],"product_tag":[3889],"berocket_brand":[],"woo-feed-brand":[],"class_list":{"0":"post-101017","1":"product","2":"type-product","3":"status-publish","4":"has-post-thumbnail","6":"product_brand-hublot","7":"product_cat-hublot","8":"product_tag-classic-fusion-2","10":"first","11":"instock","12":"sale","13":"taxable","14":"shipping-taxable","15":"purchasable","16":"product-type-simple"},"bundled_by":[],"bundle_stock_status":"instock","bundle_stock_quantity":1,"bundle_virtual":false,"bundle_layout":"","bundle_add_to_cart_form_location":"","bundle_editable_in_cart":false,"bundle_sold_individually_context":"","bundle_item_grouping":"","bundle_min_size":"","bundle_max_size":"","bundle_price":[],"bundled_items":[],"bundle_sell_ids":[],"group_of_quantity":0,"min_quantity":0,"max_quantity":"","exclude_order_quantity_value_rules":"no","exclude_category_quantity_rules":"no","combine_variations":"no","exclude_global_add_ons":[],"addons":[],"jetpack_sharing_enabled":true,"jetpack_likes_enabled":true,"_links":{"self":[{"href":"https:\/\/watchdeluxe.it\/fr\/wp-json\/wp\/v2\/product\/101017","targetHints":{"allow":["GET"]}}],"collection":[{"href":"https:\/\/watchdeluxe.it\/fr\/wp-json\/wp\/v2\/product"}],"about":[{"href":"https:\/\/watchdeluxe.it\/fr\/wp-json\/wp\/v2\/types\/product"}],"wp:featuredmedia":[{"embeddable":true,"href":"https:\/\/watchdeluxe.it\/fr\/wp-json\/wp\/v2\/media\/101012"}],"wp:attachment":[{"href":"https:\/\/watchdeluxe.it\/fr\/wp-json\/wp\/v2\/media?parent=101017"}],"wp:term":[{"taxonomy":"product_brand","embeddable":true,"href":"https:\/\/watchdeluxe.it\/fr\/wp-json\/wp\/v2\/product_brand?post=101017"},{"taxonomy":"product_cat","embeddable":true,"href":"https:\/\/watchdeluxe.it\/fr\/wp-json\/wp\/v2\/product_cat?post=101017"},{"taxonomy":"product_tag","embeddable":true,"href":"https:\/\/watchdeluxe.it\/fr\/wp-json\/wp\/v2\/product_tag?post=101017"},{"taxonomy":"berocket_brand","embeddable":true,"href":"https:\/\/watchdeluxe.it\/fr\/wp-json\/wp\/v2\/berocket_brand?post=101017"},{"taxonomy":"woo-feed-brand","embeddable":true,"href":"https:\/\/watchdeluxe.it\/fr\/wp-json\/wp\/v2\/woo-feed-brand?post=101017"}],"curies":[{"name":"wp","href":"https:\/\/api.w.org\/{rel}","templated":true}]}}