{"id":100788,"date":"2024-11-27T15:49:31","date_gmt":"2024-11-27T14:49:31","guid":{"rendered":"https:\/\/watchdeluxe.it\/prodotto\/rado-anatom-automatique-ref-r10202209\/"},"modified":"2024-11-27T15:49:43","modified_gmt":"2024-11-27T14:49:43","slug":"rado-anatom-automatique-ref-r10202209","status":"publish","type":"product","link":"https:\/\/watchdeluxe.it\/fr\/prodotto\/rado-anatom-automatique-ref-r10202209\/","title":{"rendered":"Rado Anatom automatique ref.\nR10202209"},"content":{"rendered":"<p>Rado Anatom automatique ref.<br \/>\nR10202209<\/p>\n<div id=\"attributes-wrapper\" class=\"additional-attributes-wrapper table-wrapper\">\n<div data-role=\"collapsible\">\n<h2>G\u00e9n\u00e9ral<\/h2>\n<\/div>\n<div data-role=\"content\">\n<ul>\n<li><strong>Gravure possible :<\/strong> Non<\/li>\n<li><strong>Nom du produit :<\/strong> Anatom Automatic<\/li>\n<li><strong>SKU :<\/strong> R10202209<\/li>\n<li><strong>Sexe :<\/strong> Unisexe<\/li>\n<\/ul>\n<\/div>\n<div data-role=\"collapsible\">\n<h2>Mouvement<\/h2>\n<\/div>\n<div data-role=\"content\">\n<ul>\n<li><strong>Type de mouvement :<\/strong> Automatique<\/li>\n<li><strong>R\u00e9serve de marche du mouvement :<\/strong> 72 heures<\/li>\n<li><strong>R\u00e9f\u00e9rence du mouvement :<\/strong> 03.766.731<\/li>\n<\/ul>\n<\/div>\n<div data-role=\"collapsible\">\n<h2>Cas<\/h2>\n<\/div>\n<div data-role=\"content\">\n<ul>\n<li><strong>Mat\u00e9riaux du bo\u00eetier :<\/strong> c\u00e9ramique high-tech, acier inoxydable \/ PVD<\/li>\n<li><strong>Epaisseur du bo\u00eetier :<\/strong> 11,3 mm<\/li>\n<li>Etanch\u00e9it\u00e9 <strong>du bo\u00eetier :<\/strong> 5 bar (50 m)<\/li>\n<li><strong>Taille du bo\u00eetier :<\/strong> 32,5 mm<\/li>\n<li>Verre <strong>du bo\u00eetier :<\/strong> verre saphir avec traitement antireflet<\/li>\n<\/ul>\n<\/div>\n<div data-role=\"collapsible\">\n<h2>Cadran<\/h2>\n<\/div>\n<div data-role=\"content\">\n<ul>\n<li><strong>Couleur du cadran :<\/strong> noir, bleu<\/li>\n<li>Le <strong>cadran porte la date :<\/strong> Oui<\/li>\n<li><strong>Le cadran est orn\u00e9 de pierres pr\u00e9cieuses :<\/strong> Non<\/li>\n<li><strong>Nacre :<\/strong> Non<\/li>\n<\/ul>\n<\/div>\n<div data-role=\"collapsible\">\n<h2>Courroie<\/h2>\n<\/div>\n<div data-role=\"content\">\n<ul>\n<li><strong>Mat\u00e9riau du bracelet :<\/strong> caoutchouc<\/li>\n<\/ul>\n<\/div>\n<\/div>\n","protected":false},"excerpt":{"rendered":"<p>Rado Anatom automatique ref. R10202209 G\u00e9n\u00e9ral Gravure possible : Non Nom du produit : Anatom Automatic SKU : R10202209 Sexe : Unisexe Mouvement Type de mouvement : Automatique R\u00e9serve de marche du mouvement : 72 heures R\u00e9f\u00e9rence du mouvement : 03.766.731 Cas Mat\u00e9riaux du bo\u00eetier : c\u00e9ramique high-tech, acier inoxydable \/ PVD Epaisseur du bo\u00eetier [&hellip;]<\/p>\n","protected":false},"featured_media":100781,"template":"","meta":{"_crdt_document":"","advanced_seo_description":"","jetpack_seo_html_title":"","jetpack_seo_noindex":false},"product_brand":[2157],"product_cat":[2401],"product_tag":[4543],"berocket_brand":[],"woo-feed-brand":[],"class_list":{"0":"post-100788","1":"product","2":"type-product","3":"status-publish","4":"has-post-thumbnail","6":"product_brand-rado","7":"product_cat-rado-fr","8":"product_tag-anatom","10":"first","11":"instock","12":"sale","13":"taxable","14":"shipping-taxable","15":"purchasable","16":"product-type-simple"},"bundled_by":[],"bundle_stock_status":"instock","bundle_stock_quantity":1,"bundle_virtual":false,"bundle_layout":"","bundle_add_to_cart_form_location":"","bundle_editable_in_cart":false,"bundle_sold_individually_context":"","bundle_item_grouping":"","bundle_min_size":"","bundle_max_size":"","bundle_price":[],"bundled_items":[],"bundle_sell_ids":[],"group_of_quantity":0,"min_quantity":0,"max_quantity":"","exclude_order_quantity_value_rules":"no","exclude_category_quantity_rules":"no","combine_variations":"no","jetpack_sharing_enabled":true,"jetpack_likes_enabled":true,"_links":{"self":[{"href":"https:\/\/watchdeluxe.it\/fr\/wp-json\/wp\/v2\/product\/100788","targetHints":{"allow":["GET"]}}],"collection":[{"href":"https:\/\/watchdeluxe.it\/fr\/wp-json\/wp\/v2\/product"}],"about":[{"href":"https:\/\/watchdeluxe.it\/fr\/wp-json\/wp\/v2\/types\/product"}],"wp:featuredmedia":[{"embeddable":true,"href":"https:\/\/watchdeluxe.it\/fr\/wp-json\/wp\/v2\/media\/100781"}],"wp:attachment":[{"href":"https:\/\/watchdeluxe.it\/fr\/wp-json\/wp\/v2\/media?parent=100788"}],"wp:term":[{"taxonomy":"product_brand","embeddable":true,"href":"https:\/\/watchdeluxe.it\/fr\/wp-json\/wp\/v2\/product_brand?post=100788"},{"taxonomy":"product_cat","embeddable":true,"href":"https:\/\/watchdeluxe.it\/fr\/wp-json\/wp\/v2\/product_cat?post=100788"},{"taxonomy":"product_tag","embeddable":true,"href":"https:\/\/watchdeluxe.it\/fr\/wp-json\/wp\/v2\/product_tag?post=100788"},{"taxonomy":"berocket_brand","embeddable":true,"href":"https:\/\/watchdeluxe.it\/fr\/wp-json\/wp\/v2\/berocket_brand?post=100788"},{"taxonomy":"woo-feed-brand","embeddable":true,"href":"https:\/\/watchdeluxe.it\/fr\/wp-json\/wp\/v2\/woo-feed-brand?post=100788"}],"curies":[{"name":"wp","href":"https:\/\/api.w.org\/{rel}","templated":true}]}}