{"id":100400,"date":"2024-04-09T17:01:12","date_gmt":"2024-04-09T15:01:12","guid":{"rendered":"https:\/\/watchdeluxe.it\/prodotto\/baume-mercier-classima-ref-m0a10481\/"},"modified":"2026-04-11T11:49:12","modified_gmt":"2026-04-11T09:49:12","slug":"baume-mercier-classima-ref-m0a10481","status":"publish","type":"product","link":"https:\/\/watchdeluxe.it\/fr\/prodotto\/baume-mercier-classima-ref-m0a10481\/","title":{"rendered":"Baume &amp; Mercier Classima ref. M0A10481"},"content":{"rendered":"<p>Baume &amp; Mercier Classima ref. M0A10481<\/p>\n<p><strong>Mouvement<\/strong>: automatique, Sellita SW 260-1<br \/>\n<strong>Fonction<\/strong>: petite seconde, date<br \/>\n<strong>Mat\u00e9riau du bo\u00eetier<\/strong>: acier inoxydable poli<br \/>\n<strong>Diam\u00e8tre et \u00e9paisseur du bo\u00eetier<\/strong>: 42,0 mm x 10,0 mm<br \/>\n<strong>Cadran<\/strong>: bleu avec finition &#8220;soleil&#8221;, aiguilles &#8220;feuille&#8221; argent\u00e9es, index b\u00e2tons\/romans argent\u00e9s.<br \/>\n<strong>Bracelet :<\/strong> acier inoxydable poli, boucle d\u00e9ployante triple r\u00e9glable avec cran de s\u00e9curit\u00e9<br \/>\n<strong>R\u00e9sistance \u00e0 l&#8217;eau<\/strong>: 5 ATM (environ 50 m)<\/p>\n","protected":false},"excerpt":{"rendered":"<p>Baume &amp; Mercier Classima ref. M0A10481 Mouvement: automatique, Sellita SW 260-1 Fonction: petite seconde, date Mat\u00e9riau du bo\u00eetier: acier inoxydable poli Diam\u00e8tre et \u00e9paisseur du bo\u00eetier: 42,0 mm x 10,0 mm Cadran: bleu avec finition &#8220;soleil&#8221;, aiguilles &#8220;feuille&#8221; argent\u00e9es, index b\u00e2tons\/romans argent\u00e9s. Bracelet : acier inoxydable poli, boucle d\u00e9ployante triple r\u00e9glable avec cran de s\u00e9curit\u00e9 [&hellip;]<\/p>\n","protected":false},"featured_media":100395,"template":"","meta":{"_crdt_document":"","advanced_seo_description":"","jetpack_seo_html_title":"","jetpack_seo_noindex":false},"product_brand":[],"product_cat":[5515],"product_tag":[2623],"berocket_brand":[],"woo-feed-brand":[],"class_list":{"0":"post-100400","1":"product","2":"type-product","3":"status-publish","4":"has-post-thumbnail","6":"product_cat-baume-mercier-fr2","7":"product_tag-classima-fr","9":"first","10":"instock","11":"sale","12":"taxable","13":"shipping-taxable","14":"purchasable","15":"product-type-simple"},"bundled_by":[],"bundle_stock_status":"instock","bundle_stock_quantity":1,"bundle_virtual":false,"bundle_layout":"","bundle_add_to_cart_form_location":"","bundle_editable_in_cart":false,"bundle_sold_individually_context":"","bundle_item_grouping":"","bundle_min_size":"","bundle_max_size":"","bundle_price":[],"bundled_items":[],"bundle_sell_ids":[],"group_of_quantity":0,"min_quantity":0,"max_quantity":"","exclude_order_quantity_value_rules":"no","exclude_category_quantity_rules":"no","combine_variations":"no","jetpack_sharing_enabled":true,"jetpack_likes_enabled":true,"_links":{"self":[{"href":"https:\/\/watchdeluxe.it\/fr\/wp-json\/wp\/v2\/product\/100400","targetHints":{"allow":["GET"]}}],"collection":[{"href":"https:\/\/watchdeluxe.it\/fr\/wp-json\/wp\/v2\/product"}],"about":[{"href":"https:\/\/watchdeluxe.it\/fr\/wp-json\/wp\/v2\/types\/product"}],"wp:featuredmedia":[{"embeddable":true,"href":"https:\/\/watchdeluxe.it\/fr\/wp-json\/wp\/v2\/media\/100395"}],"wp:attachment":[{"href":"https:\/\/watchdeluxe.it\/fr\/wp-json\/wp\/v2\/media?parent=100400"}],"wp:term":[{"taxonomy":"product_brand","embeddable":true,"href":"https:\/\/watchdeluxe.it\/fr\/wp-json\/wp\/v2\/product_brand?post=100400"},{"taxonomy":"product_cat","embeddable":true,"href":"https:\/\/watchdeluxe.it\/fr\/wp-json\/wp\/v2\/product_cat?post=100400"},{"taxonomy":"product_tag","embeddable":true,"href":"https:\/\/watchdeluxe.it\/fr\/wp-json\/wp\/v2\/product_tag?post=100400"},{"taxonomy":"berocket_brand","embeddable":true,"href":"https:\/\/watchdeluxe.it\/fr\/wp-json\/wp\/v2\/berocket_brand?post=100400"},{"taxonomy":"woo-feed-brand","embeddable":true,"href":"https:\/\/watchdeluxe.it\/fr\/wp-json\/wp\/v2\/woo-feed-brand?post=100400"}],"curies":[{"name":"wp","href":"https:\/\/api.w.org\/{rel}","templated":true}]}}