{"id":100351,"date":"2024-04-09T16:45:00","date_gmt":"2024-04-09T14:45:00","guid":{"rendered":"https:\/\/watchdeluxe.it\/prodotto\/baume-mercier-capeland-flyback-ref-m0a10007\/"},"modified":"2026-04-11T11:48:08","modified_gmt":"2026-04-11T09:48:08","slug":"baume-mercier-capeland-flyback-ref-m0a10007","status":"publish","type":"product","link":"https:\/\/watchdeluxe.it\/fr\/prodotto\/baume-mercier-capeland-flyback-ref-m0a10007\/","title":{"rendered":"Baume &amp; Mercier Capeland Flyback ref. M0A10007"},"content":{"rendered":"<p>Baume &amp; Mercier Capeland Flyback ref. M0A10007<\/p>\n<table class=\"table-wear dcf-table dcf-table-responsive dcf-table-bordered dcf-table-striped dcf-w-100%\">\n<tbody>\n<tr>\n<th scope=\"row\">Couleur du cadran :<\/th>\n<td>Blanc<\/td>\n<\/tr>\n<tr>\n<th scope=\"row\">Mat\u00e9riau du bo\u00eetier :<\/th>\n<td>Or rouge<\/td>\n<\/tr>\n<tr>\n<th scope=\"row\">Diam\u00e8tre du bo\u00eetier :<\/th>\n<td>44 mm<\/td>\n<\/tr>\n<tr>\n<th scope=\"row\">Verre :<\/th>\n<td>Verre saphir<\/td>\n<\/tr>\n<tr>\n<th scope=\"row\">Mat\u00e9riau de la lunette :<\/th>\n<td>Or rouge<\/td>\n<\/tr>\n<tr>\n<th scope=\"row\">\u00c9tanch\u00e9it\u00e9 :<\/th>\n<td>50 m \/ 5 ATM<\/td>\n<\/tr>\n<tr>\n<th scope=\"row\">Mat\u00e9riau du bracelet<\/th>\n<td>Cuir<\/td>\n<\/tr>\n<tr>\n<th scope=\"row\">Couleur du bracelet<\/th>\n<td>marron<\/td>\n<\/tr>\n<tr>\n<th scope=\"row\">Fermeture :<\/th>\n<td>Boucle \u00e0 ardillon<\/td>\n<\/tr>\n<\/tbody>\n<\/table>\n","protected":false},"excerpt":{"rendered":"<p>Baume &amp; Mercier Capeland Flyback ref. M0A10007 Couleur du cadran : Blanc Mat\u00e9riau du bo\u00eetier : Or rouge Diam\u00e8tre du bo\u00eetier : 44 mm Verre : Verre saphir Mat\u00e9riau de la lunette : Or rouge \u00c9tanch\u00e9it\u00e9 : 50 m \/ 5 ATM Mat\u00e9riau du bracelet Cuir Couleur du bracelet marron Fermeture : Boucle \u00e0 ardillon<\/p>\n","protected":false},"featured_media":100345,"template":"","meta":{"_crdt_document":"","advanced_seo_description":"","jetpack_seo_html_title":"","jetpack_seo_noindex":false},"product_brand":[],"product_cat":[1927],"product_tag":[2651],"berocket_brand":[],"woo-feed-brand":[],"class_list":{"0":"post-100351","1":"product","2":"type-product","3":"status-publish","4":"has-post-thumbnail","6":"product_cat-baume-mercier","7":"product_tag-capeland-fr","9":"first","10":"instock","11":"sale","12":"taxable","13":"shipping-taxable","14":"purchasable","15":"product-type-simple"},"bundled_by":[],"bundle_stock_status":"instock","bundle_stock_quantity":1,"bundle_virtual":false,"bundle_layout":"","bundle_add_to_cart_form_location":"","bundle_editable_in_cart":false,"bundle_sold_individually_context":"","bundle_item_grouping":"","bundle_min_size":"","bundle_max_size":"","bundle_price":[],"bundled_items":[],"bundle_sell_ids":[],"group_of_quantity":0,"min_quantity":0,"max_quantity":"","exclude_order_quantity_value_rules":"no","exclude_category_quantity_rules":"no","combine_variations":"no","jetpack_sharing_enabled":true,"jetpack_likes_enabled":true,"_links":{"self":[{"href":"https:\/\/watchdeluxe.it\/fr\/wp-json\/wp\/v2\/product\/100351","targetHints":{"allow":["GET"]}}],"collection":[{"href":"https:\/\/watchdeluxe.it\/fr\/wp-json\/wp\/v2\/product"}],"about":[{"href":"https:\/\/watchdeluxe.it\/fr\/wp-json\/wp\/v2\/types\/product"}],"wp:featuredmedia":[{"embeddable":true,"href":"https:\/\/watchdeluxe.it\/fr\/wp-json\/wp\/v2\/media\/100345"}],"wp:attachment":[{"href":"https:\/\/watchdeluxe.it\/fr\/wp-json\/wp\/v2\/media?parent=100351"}],"wp:term":[{"taxonomy":"product_brand","embeddable":true,"href":"https:\/\/watchdeluxe.it\/fr\/wp-json\/wp\/v2\/product_brand?post=100351"},{"taxonomy":"product_cat","embeddable":true,"href":"https:\/\/watchdeluxe.it\/fr\/wp-json\/wp\/v2\/product_cat?post=100351"},{"taxonomy":"product_tag","embeddable":true,"href":"https:\/\/watchdeluxe.it\/fr\/wp-json\/wp\/v2\/product_tag?post=100351"},{"taxonomy":"berocket_brand","embeddable":true,"href":"https:\/\/watchdeluxe.it\/fr\/wp-json\/wp\/v2\/berocket_brand?post=100351"},{"taxonomy":"woo-feed-brand","embeddable":true,"href":"https:\/\/watchdeluxe.it\/fr\/wp-json\/wp\/v2\/woo-feed-brand?post=100351"}],"curies":[{"name":"wp","href":"https:\/\/api.w.org\/{rel}","templated":true}]}}