{"id":67023,"date":"2023-03-14T14:55:23","date_gmt":"2023-03-14T13:55:23","guid":{"rendered":"https:\/\/watchdeluxe.it\/conformite-a-laccp\/"},"modified":"2025-03-15T10:25:10","modified_gmt":"2025-03-15T09:25:10","slug":"conformite-a-laccp","status":"publish","type":"page","link":"https:\/\/watchdeluxe.it\/fr\/conformite-a-laccp\/","title":{"rendered":"Conformit\u00e9 \u00e0 l&#8217;ACCP"},"content":{"rendered":"&#13;\n<p class=\"wp-block-paragraph\">\u00a0<\/p>&#13;\n&#13;\n<p class=\"wp-block-paragraph\">L&#8217;application utilis\u00e9e pour assurer la conformit\u00e9 de ce site au GDPR\/CCPA collecte votre IP et votre adresse e-mail afin de traiter les donn\u00e9es. Pour plus d&#8217;informations, consultez la <a href=\"https:\/\/gdprcdn.b-cdn.net\/pages\/privacy_policy\" target=\"_blank\" rel=\"noreferrer noopener\">politique de confidentialit\u00e9<\/a><\/p>&#13;\n&#13;\n<h2 class=\"wp-block-heading\">Rectification des donn\u00e9es<\/h2>&#13;\n&#13;\n<p class=\"wp-block-paragraph\">Vous pouvez utiliser le lien ci-dessous pour mettre \u00e0 jour les donn\u00e9es de votre compte si elles ne sont pas exactes.<\/p>&#13;\n\r\n<ul class=\"wp-block-list\">&#13;\n<li><a href=\"https:\/\/watches-passion.myshopify.com\/#\">Modifier les informations de votre compte<\/a><\/li>&#13;\n<\/ul>\r\n&#13;\n<h2 class=\"wp-block-heading\">Portabilit\u00e9 des donn\u00e9es<\/h2>&#13;\n&#13;\n<p class=\"wp-block-paragraph\">Vous pouvez utiliser les liens ci-dessous pour t\u00e9l\u00e9charger toutes les donn\u00e9es que nous stockons et utilisons pour une meilleure exp\u00e9rience dans notre magasin.<\/p>&#13;\n\r\n<ul class=\"wp-block-list\">&#13;\n<li><a href=\"https:\/\/watches-passion.myshopify.com\/#\">Demandes de l&#8217;ACCP<\/a><\/li>&#13;\n\r\n\r\n&#13;\n<li><a href=\"https:\/\/watches-passion.myshopify.com\/#\">Informations personnelles<\/a><\/li>&#13;\n\r\n\r\n&#13;\n<li><a href=\"https:\/\/watches-passion.myshopify.com\/#\">Commandes<\/a><\/li>&#13;\n<\/ul>\r\n&#13;\n<h2 class=\"wp-block-heading\">Acc\u00e8s aux donn\u00e9es personnelles<\/h2>&#13;\n&#13;\n<p class=\"wp-block-paragraph\">Vous pouvez utiliser le lien ci-dessous pour demander un rapport qui contiendra toutes les informations personnelles que nous conservons \u00e0 votre sujet.<\/p>&#13;\n\r\n<ul class=\"wp-block-list\">&#13;\n<li><a href=\"https:\/\/watches-passion.myshopify.com\/#\">Demander un rapport<\/a><\/li>&#13;\n<\/ul>\r\n&#13;\n<h2 class=\"wp-block-heading\">Droit \u00e0 l&#8217;oubli<\/h2>&#13;\n&#13;\n<p class=\"wp-block-paragraph\">Utilisez cette option si vous souhaitez supprimer vos donn\u00e9es personnelles et autres de notre magasin. Gardez \u00e0 l&#8217;esprit que <strong>cette proc\u00e9dure supprimera votre compte, de sorte que vous ne pourrez plus y acc\u00e9der ou l&#8217;utiliser<\/strong>.<\/p>&#13;\n\r\n<ul class=\"wp-block-list\">&#13;\n<li><a href=\"https:\/\/watches-passion.myshopify.com\/#\">Demander la suppression de donn\u00e9es personnelles<\/a><\/li>&#13;\n<\/ul>\r\n&#13;\n<p class=\"wp-block-paragraph\">Conformit\u00e9 au GDPR<\/p>&#13;\n&#13;\n<p class=\"wp-block-paragraph\">L&#8217;application utilis\u00e9e pour assurer la conformit\u00e9 de ce site au GDPR\/CCPA collecte votre IP et votre adresse e-mail afin de traiter les donn\u00e9es. Pour plus d&#8217;informations, consultez la <a href=\"https:\/\/gdprcdn.b-cdn.net\/pages\/privacy_policy\" target=\"_blank\" rel=\"noreferrer noopener\">politique de confidentialit\u00e9<\/a><\/p>&#13;\n&#13;\n<h2 class=\"wp-block-heading\">Rectification des donn\u00e9es<\/h2>&#13;\n&#13;\n<p class=\"wp-block-paragraph\">Vous pouvez utiliser le lien ci-dessous pour mettre \u00e0 jour les donn\u00e9es de votre compte si elles ne sont pas exactes.<\/p>&#13;\n\r\n<ul class=\"wp-block-list\">&#13;\n<li><a href=\"https:\/\/watches-passion.myshopify.com\/#\">Modifier les informations de votre compte<\/a><\/li>&#13;\n<\/ul>\r\n&#13;\n<h2 class=\"wp-block-heading\">Portabilit\u00e9 des donn\u00e9es<\/h2>&#13;\n&#13;\n<p class=\"wp-block-paragraph\">Vous pouvez utiliser les liens ci-dessous pour t\u00e9l\u00e9charger toutes les donn\u00e9es que nous stockons et utilisons pour une meilleure exp\u00e9rience dans notre magasin.<\/p>&#13;\n\r\n<ul class=\"wp-block-list\">&#13;\n<li><a href=\"https:\/\/watches-passion.myshopify.com\/#\">Demandes relatives au GDPR<\/a><\/li>&#13;\n\r\n\r\n&#13;\n<li><a href=\"https:\/\/watches-passion.myshopify.com\/#\">Informations personnelles<\/a><\/li>&#13;\n\r\n\r\n&#13;\n<li><a href=\"https:\/\/watches-passion.myshopify.com\/#\">Commandes<\/a><\/li>&#13;\n<\/ul>\r\n&#13;\n<h2 class=\"wp-block-heading\">Acc\u00e8s aux donn\u00e9es personnelles<\/h2>&#13;\n&#13;\n<p class=\"wp-block-paragraph\">Vous pouvez utiliser le lien ci-dessous pour demander un rapport qui contiendra toutes les informations personnelles que nous conservons \u00e0 votre sujet.<\/p>&#13;\n\r\n<ul class=\"wp-block-list\">&#13;\n<li><a href=\"https:\/\/watches-passion.myshopify.com\/#\">Demander un rapport<\/a><\/li>&#13;\n<\/ul>\r\n&#13;\n<h2 class=\"wp-block-heading\">Droit \u00e0 l&#8217;oubli<\/h2>&#13;\n&#13;\n<p class=\"wp-block-paragraph\">Utilisez cette option si vous souhaitez supprimer vos donn\u00e9es personnelles et autres de notre magasin. Gardez \u00e0 l&#8217;esprit que <strong>cette proc\u00e9dure supprimera votre compte, de sorte que vous ne pourrez plus y acc\u00e9der ou l&#8217;utiliser<\/strong>.<\/p>&#13;\n\r\n<ul class=\"wp-block-list\">&#13;\n<li><a href=\"https:\/\/watches-passion.myshopify.com\/#\">Demander la suppression de donn\u00e9es personnelles<\/a><\/li>&#13;\n<\/ul>\r\n","protected":false},"excerpt":{"rendered":"<p>&#13; \u00a0 &#13; &#13; L&#8217;application utilis\u00e9e pour assurer la conformit\u00e9 de ce site au GDPR\/CCPA collecte votre IP et votre adresse e-mail afin de traiter les donn\u00e9es. Pour plus d&#8217;informations, consultez la politique de confidentialit\u00e9 &#13; &#13; Rectification des donn\u00e9es &#13; &#13; Vous pouvez utiliser le lien ci-dessous pour mettre \u00e0 jour les donn\u00e9es de [&hellip;]<\/p>\n","protected":false},"author":232920881,"featured_media":0,"parent":0,"menu_order":0,"comment_status":"closed","ping_status":"closed","template":"","meta":{"_crdt_document":"","advanced_seo_description":"","jetpack_seo_html_title":"","jetpack_seo_noindex":false,"footnotes":"","big_sky_generated":false},"class_list":["post-67023","page","type-page","status-publish","hentry"],"jetpack_sharing_enabled":true,"jetpack_likes_enabled":true,"jetpack_shortlink":"https:\/\/wp.me\/PeF9a1-hr1","_links":{"self":[{"href":"https:\/\/watchdeluxe.it\/fr\/wp-json\/wp\/v2\/pages\/67023","targetHints":{"allow":["GET"]}}],"collection":[{"href":"https:\/\/watchdeluxe.it\/fr\/wp-json\/wp\/v2\/pages"}],"about":[{"href":"https:\/\/watchdeluxe.it\/fr\/wp-json\/wp\/v2\/types\/page"}],"author":[{"embeddable":true,"href":"https:\/\/watchdeluxe.it\/fr\/wp-json\/wp\/v2\/users\/232920881"}],"replies":[{"embeddable":true,"href":"https:\/\/watchdeluxe.it\/fr\/wp-json\/wp\/v2\/comments?post=67023"}],"version-history":[{"count":2,"href":"https:\/\/watchdeluxe.it\/fr\/wp-json\/wp\/v2\/pages\/67023\/revisions"}],"predecessor-version":[{"id":113905,"href":"https:\/\/watchdeluxe.it\/fr\/wp-json\/wp\/v2\/pages\/67023\/revisions\/113905"}],"wp:attachment":[{"href":"https:\/\/watchdeluxe.it\/fr\/wp-json\/wp\/v2\/media?parent=67023"}],"curies":[{"name":"wp","href":"https:\/\/api.w.org\/{rel}","templated":true}]}}