{"id":92981,"date":"2025-09-23T16:22:35","date_gmt":"2025-09-23T14:22:35","guid":{"rendered":"https:\/\/watchdeluxe.it\/prodotto\/nomos-club-campus-38-nonstop-rojo-ref-726\/"},"modified":"2025-09-23T16:22:35","modified_gmt":"2025-09-23T14:22:35","slug":"nomos-club-campus-38-nonstop-rojo-ref-726","status":"publish","type":"product","link":"https:\/\/watchdeluxe.it\/es\/prodotto\/nomos-club-campus-38-nonstop-rojo-ref-726\/","title":{"rendered":"Nomos Club Campus 38 nonstop rojo ref. 726"},"content":{"rendered":"<p>Nomos Club Campus 38 nonstop rojo ref. 726<\/p>\n<div class=\"list-couple\">\n<div class=\"specs-list\">\n<dl>\n<dt>Caso<\/dt>\n<dd>acero inoxidable, bipartito<br \/>\ntrasera de cristal de zafiro<br \/>\natornillado<\/dd>\n<\/dl>\n<dl>\n<dt>Vidrio<\/dt>\n<dd>cristal de zafiro abombado<\/dd>\n<\/dl>\n<dl>\n<dt>Carga<\/dt>\n<dd>manual<\/dd>\n<\/dl>\n<dl>\n<dt>Dimensiones<\/dt>\n<dd>di\u00e1metro <span class=\"size-property\"> 38,5 mm <\/span><br \/>\ngrosor 8 <span class=\"size-property\">,5 mm <\/span><br \/>\nTama\u00f1o del bucle exterior <span class=\"size-property\"> 48,9 mm <\/span> <\/dd>\n<\/dl>\n<dl>\n<dt>Resistencia al agua<\/dt>\n<dd>10 atm (apto para nadar)<\/dd>\n<\/dl>\n<\/div>\n<div class=\"specs-list\">\n<dl>\n<dt>Marque<\/dt>\n<dd>rojo<br \/>\nN\u00fameros ar\u00e1bigos y romanos e indicadores horarios con superluminova blanca (luminiscencia azul)<\/dd>\n<\/dl>\n<dl>\n<dt>Manos<\/dt>\n<dd>rodiado, con superluminova blanca (luminiscencia azul), segundero naranja fluorescente<\/dd>\n<\/dl>\n<dl>\n<dt>correa<\/dt>\n<dd>Ante vegano, reeditado, gris aterciopelado<br \/>\n<span class=\"size-property\">  ancho de bucle 20 mm  <\/span><\/dd>\n<\/dl>\n<\/div>\n<\/div>\n","protected":false},"excerpt":{"rendered":"<p>Nomos Club Campus 38 nonstop rojo ref. 726 Caso acero inoxidable, bipartito trasera de cristal de zafiro atornillado Vidrio cristal de zafiro abombado Carga manual Dimensiones di\u00e1metro 38,5 mm grosor 8 ,5 mm Tama\u00f1o del bucle exterior 48,9 mm Resistencia al agua 10 atm (apto para nadar) Marque rojo N\u00fameros ar\u00e1bigos y romanos e indicadores [&hellip;]<\/p>\n","protected":false},"featured_media":92979,"template":"","meta":{"_crdt_document":"","advanced_seo_description":"","jetpack_seo_html_title":"","jetpack_seo_noindex":false,"jetpack_post_was_ever_published":true},"product_brand":[2154],"product_cat":[1919],"product_tag":[3933,1478],"berocket_brand":[],"woo-feed-brand":[],"class_list":{"0":"post-92981","1":"product","2":"type-product","3":"status-publish","4":"has-post-thumbnail","6":"product_brand-nomos-glashutte","7":"product_cat-nomos-glashutte","8":"product_tag-campus","9":"product_tag-club","11":"first","12":"instock","13":"sale","14":"taxable","15":"shipping-taxable","16":"purchasable","17":"product-type-simple"},"bundled_by":[],"bundle_stock_status":"instock","bundle_stock_quantity":null,"bundle_virtual":false,"bundle_layout":"","bundle_add_to_cart_form_location":"","bundle_editable_in_cart":false,"bundle_sold_individually_context":"","bundle_item_grouping":"","bundle_min_size":"","bundle_max_size":"","bundle_price":[],"bundled_items":[],"bundle_sell_ids":[],"group_of_quantity":0,"min_quantity":0,"max_quantity":"","exclude_order_quantity_value_rules":"no","exclude_category_quantity_rules":"no","combine_variations":"no","exclude_global_add_ons":[],"addons":[],"jetpack_sharing_enabled":true,"jetpack_likes_enabled":true,"_links":{"self":[{"href":"https:\/\/watchdeluxe.it\/es\/wp-json\/wp\/v2\/product\/92981","targetHints":{"allow":["GET"]}}],"collection":[{"href":"https:\/\/watchdeluxe.it\/es\/wp-json\/wp\/v2\/product"}],"about":[{"href":"https:\/\/watchdeluxe.it\/es\/wp-json\/wp\/v2\/types\/product"}],"wp:featuredmedia":[{"embeddable":true,"href":"https:\/\/watchdeluxe.it\/es\/wp-json\/wp\/v2\/media\/92979"}],"wp:attachment":[{"href":"https:\/\/watchdeluxe.it\/es\/wp-json\/wp\/v2\/media?parent=92981"}],"wp:term":[{"taxonomy":"product_brand","embeddable":true,"href":"https:\/\/watchdeluxe.it\/es\/wp-json\/wp\/v2\/product_brand?post=92981"},{"taxonomy":"product_cat","embeddable":true,"href":"https:\/\/watchdeluxe.it\/es\/wp-json\/wp\/v2\/product_cat?post=92981"},{"taxonomy":"product_tag","embeddable":true,"href":"https:\/\/watchdeluxe.it\/es\/wp-json\/wp\/v2\/product_tag?post=92981"},{"taxonomy":"berocket_brand","embeddable":true,"href":"https:\/\/watchdeluxe.it\/es\/wp-json\/wp\/v2\/berocket_brand?post=92981"},{"taxonomy":"woo-feed-brand","embeddable":true,"href":"https:\/\/watchdeluxe.it\/es\/wp-json\/wp\/v2\/woo-feed-brand?post=92981"}],"curies":[{"name":"wp","href":"https:\/\/api.w.org\/{rel}","templated":true}]}}