{"id":92945,"date":"2024-03-08T16:08:22","date_gmt":"2024-03-08T15:08:22","guid":{"rendered":"https:\/\/watchdeluxe.it\/prodotto\/nomos-orion-neomatik-nuevo-negro-ref-396\/"},"modified":"2025-09-23T16:14:57","modified_gmt":"2025-09-23T14:14:57","slug":"nomos-orion-neomatik-nuevo-negro-ref-396","status":"publish","type":"product","link":"https:\/\/watchdeluxe.it\/es\/prodotto\/nomos-orion-neomatik-nuevo-negro-ref-396\/","title":{"rendered":"Nomos Orion neomatik nuevo negro ref. 396"},"content":{"rendered":"<p>Nomos Orion neomatik nuevo negro ref. 396<\/p>\n<div class=\"specs-list\">\n<dl>\n<dt>Caso<\/dt>\n<dd>acero inoxidable, tripartito<br \/>\nfondo de cristal de zafiro abombado<\/dd>\n<\/dl>\n<dl>\n<dt>Vidrio<\/dt>\n<dd>cristal de zafiro abombado<\/dd>\n<\/dl>\n<dl>\n<dt>Carga<\/dt>\n<dd>autom\u00e1tico<\/dd>\n<\/dl>\n<dl>\n<dt>Dimensiones<\/dt>\n<dd>di\u00e1metro <span class=\"size-property\"> 36,4 mm <\/span><br \/>\ngrosor 8 <span class=\"size-property\">,5 mm <\/span><br \/>\nTama\u00f1o del bucle externo <span class=\"size-property\"> 45,0 mm <\/span> <\/dd>\n<\/dl>\n<dl>\n<dt>Resistencia al agua<\/dt>\n<dd>5 atm (usable en la ducha)<\/dd>\n<\/dl>\n<\/div>\n<div class=\"specs-list\">\n<dl>\n<dt>Marque<\/dt>\n<dd>galvanizado, negro<br \/>\n\u00cdndices dorados con dise\u00f1o de diamantes<\/dd>\n<\/dl>\n<dl>\n<dt>Manos<\/dt>\n<dd>rodiado<\/dd>\n<\/dl>\n<dl>\n<dt>correa<\/dt>\n<dd>Cordob\u00e1n de concha aut\u00e9ntico Horween negro, reedged<br \/>\n<span class=\"size-property\">  ancho de bucle 18 mm  <\/span><\/dd>\n<\/dl>\n<dl>\n<dt>Hebilla<\/dt>\n<dd>Hebilla redonda de acero inoxidable<\/dd>\n<\/dl>\n<\/div>\n","protected":false},"excerpt":{"rendered":"<p>Nomos Orion neomatik nuevo negro ref. 396 Caso acero inoxidable, tripartito fondo de cristal de zafiro abombado Vidrio cristal de zafiro abombado Carga autom\u00e1tico Dimensiones di\u00e1metro 36,4 mm grosor 8 ,5 mm Tama\u00f1o del bucle externo 45,0 mm Resistencia al agua 5 atm (usable en la ducha) Marque galvanizado, negro \u00cdndices dorados con dise\u00f1o de [&hellip;]<\/p>\n","protected":false},"featured_media":92942,"template":"","meta":{"_crdt_document":"","advanced_seo_description":"","jetpack_seo_html_title":"","jetpack_seo_noindex":false},"product_brand":[2154],"product_cat":[2360],"product_tag":[2927],"berocket_brand":[],"woo-feed-brand":[],"class_list":{"0":"post-92945","1":"product","2":"type-product","3":"status-publish","4":"has-post-thumbnail","6":"product_brand-nomos-glashutte","7":"product_cat-nomos-glashutte-es","8":"product_tag-orion-es","10":"first","11":"instock","12":"sale","13":"taxable","14":"shipping-taxable","15":"purchasable","16":"product-type-simple"},"bundled_by":[],"bundle_stock_status":"instock","bundle_stock_quantity":1,"bundle_virtual":false,"bundle_layout":"","bundle_add_to_cart_form_location":"","bundle_editable_in_cart":false,"bundle_sold_individually_context":"","bundle_item_grouping":"","bundle_min_size":"","bundle_max_size":"","bundle_price":[],"bundled_items":[],"bundle_sell_ids":[],"group_of_quantity":0,"min_quantity":0,"max_quantity":"","exclude_order_quantity_value_rules":"no","exclude_category_quantity_rules":"no","combine_variations":"no","exclude_global_add_ons":[],"addons":[],"jetpack_sharing_enabled":true,"jetpack_likes_enabled":true,"_links":{"self":[{"href":"https:\/\/watchdeluxe.it\/es\/wp-json\/wp\/v2\/product\/92945","targetHints":{"allow":["GET"]}}],"collection":[{"href":"https:\/\/watchdeluxe.it\/es\/wp-json\/wp\/v2\/product"}],"about":[{"href":"https:\/\/watchdeluxe.it\/es\/wp-json\/wp\/v2\/types\/product"}],"wp:featuredmedia":[{"embeddable":true,"href":"https:\/\/watchdeluxe.it\/es\/wp-json\/wp\/v2\/media\/92942"}],"wp:attachment":[{"href":"https:\/\/watchdeluxe.it\/es\/wp-json\/wp\/v2\/media?parent=92945"}],"wp:term":[{"taxonomy":"product_brand","embeddable":true,"href":"https:\/\/watchdeluxe.it\/es\/wp-json\/wp\/v2\/product_brand?post=92945"},{"taxonomy":"product_cat","embeddable":true,"href":"https:\/\/watchdeluxe.it\/es\/wp-json\/wp\/v2\/product_cat?post=92945"},{"taxonomy":"product_tag","embeddable":true,"href":"https:\/\/watchdeluxe.it\/es\/wp-json\/wp\/v2\/product_tag?post=92945"},{"taxonomy":"berocket_brand","embeddable":true,"href":"https:\/\/watchdeluxe.it\/es\/wp-json\/wp\/v2\/berocket_brand?post=92945"},{"taxonomy":"woo-feed-brand","embeddable":true,"href":"https:\/\/watchdeluxe.it\/es\/wp-json\/wp\/v2\/woo-feed-brand?post=92945"}],"curies":[{"name":"wp","href":"https:\/\/api.w.org\/{rel}","templated":true}]}}