{"id":92745,"date":"2024-02-28T15:30:23","date_gmt":"2024-02-28T14:30:23","guid":{"rendered":"https:\/\/watchdeluxe.it\/prodotto\/nomos-club-sport-neomatik-polar-ref-747\/"},"modified":"2026-04-10T14:38:08","modified_gmt":"2026-04-10T12:38:08","slug":"nomos-club-sport-neomatik-polar-ref-747","status":"publish","type":"product","link":"https:\/\/watchdeluxe.it\/es\/prodotto\/nomos-club-sport-neomatik-polar-ref-747\/","title":{"rendered":"Nomos Club Sport neomatik polar REF. 747"},"content":{"rendered":"<p>Nomos Club Sport neomatik polar REF. 747<\/p>\n<div class=\"list-couple\">\n<div class=\"specs-list\">\n<dl>\n<dt>Caso<\/dt>\n<dd>acero inoxidable, tripartito<br \/>\ntrasera de acero inoxidable<br \/>\natornillado<\/dd>\n<\/dl>\n<dl>\n<dt>Vidrio<\/dt>\n<dd>cristal de zafiro con revestimiento antirreflectante en el interior<\/dd>\n<\/dl>\n<dl>\n<dt>Carga<\/dt>\n<dd>autom\u00e1tico<\/dd>\n<\/dl>\n<dl>\n<dt>Dimensiones<\/dt>\n<dd>di\u00e1metro <span class=\"size-property\"> 37,0 mm <\/span><br \/>\ngrosor 8 <span class=\"size-property\">,3 mm <\/span><br \/>\nTama\u00f1o del bucle exterior <span class=\"size-property\"> 47,7 mm <\/span> <\/dd>\n<\/dl>\n<dl>\n<dt>Resistencia al agua<\/dt>\n<dd>20 atm<\/dd>\n<\/dl>\n<\/div>\n<div class=\"specs-list\">\n<dl>\n<dt>Marque<\/dt>\n<dd>azul polar, con acabado sunburst, n\u00fameros horarios e \u00edndices superluminova en blanco<\/dd>\n<\/dl>\n<dl>\n<dt>Manos<\/dt>\n<dd>rodiado, con inserciones de superluminova blanca<\/dd>\n<\/dl>\n<dl>\n<dt>correa<\/dt>\n<dd>Brazalete Club Sport, con pasadores de cierre r\u00e1pido<br \/>\n<span class=\"size-property\">  ancho de bucle 18 mm  <\/span><\/dd>\n<\/dl>\n<\/div>\n<\/div>\n<p>&nbsp;<\/p>\n","protected":false},"excerpt":{"rendered":"<p>Nomos Club Sport neomatik polar REF. 747 Caso acero inoxidable, tripartito trasera de acero inoxidable atornillado Vidrio cristal de zafiro con revestimiento antirreflectante en el interior Carga autom\u00e1tico Dimensiones di\u00e1metro 37,0 mm grosor 8 ,3 mm Tama\u00f1o del bucle exterior 47,7 mm Resistencia al agua 20 atm Marque azul polar, con acabado sunburst, n\u00fameros horarios [&hellip;]<\/p>\n","protected":false},"featured_media":167815,"template":"","meta":{"_crdt_document":"","advanced_seo_description":"","jetpack_seo_html_title":"","jetpack_seo_noindex":false},"product_brand":[],"product_cat":[2360],"product_tag":[2389],"berocket_brand":[],"woo-feed-brand":[],"class_list":{"0":"post-92745","1":"product","2":"type-product","3":"status-publish","4":"has-post-thumbnail","6":"product_cat-nomos-glashutte-es","7":"product_tag-club-es","9":"first","10":"instock","11":"sale","12":"taxable","13":"shipping-taxable","14":"purchasable","15":"product-type-simple"},"bundled_by":[],"bundle_stock_status":"instock","bundle_stock_quantity":1,"bundle_virtual":false,"bundle_layout":"","bundle_add_to_cart_form_location":"","bundle_editable_in_cart":false,"bundle_sold_individually_context":"","bundle_item_grouping":"","bundle_min_size":"","bundle_max_size":"","bundle_price":[],"bundled_items":[],"bundle_sell_ids":[],"group_of_quantity":0,"min_quantity":0,"max_quantity":"","exclude_order_quantity_value_rules":"no","exclude_category_quantity_rules":"no","combine_variations":"no","jetpack_sharing_enabled":true,"jetpack_likes_enabled":true,"_links":{"self":[{"href":"https:\/\/watchdeluxe.it\/es\/wp-json\/wp\/v2\/product\/92745","targetHints":{"allow":["GET"]}}],"collection":[{"href":"https:\/\/watchdeluxe.it\/es\/wp-json\/wp\/v2\/product"}],"about":[{"href":"https:\/\/watchdeluxe.it\/es\/wp-json\/wp\/v2\/types\/product"}],"wp:featuredmedia":[{"embeddable":true,"href":"https:\/\/watchdeluxe.it\/es\/wp-json\/wp\/v2\/media\/167815"}],"wp:attachment":[{"href":"https:\/\/watchdeluxe.it\/es\/wp-json\/wp\/v2\/media?parent=92745"}],"wp:term":[{"taxonomy":"product_brand","embeddable":true,"href":"https:\/\/watchdeluxe.it\/es\/wp-json\/wp\/v2\/product_brand?post=92745"},{"taxonomy":"product_cat","embeddable":true,"href":"https:\/\/watchdeluxe.it\/es\/wp-json\/wp\/v2\/product_cat?post=92745"},{"taxonomy":"product_tag","embeddable":true,"href":"https:\/\/watchdeluxe.it\/es\/wp-json\/wp\/v2\/product_tag?post=92745"},{"taxonomy":"berocket_brand","embeddable":true,"href":"https:\/\/watchdeluxe.it\/es\/wp-json\/wp\/v2\/berocket_brand?post=92745"},{"taxonomy":"woo-feed-brand","embeddable":true,"href":"https:\/\/watchdeluxe.it\/es\/wp-json\/wp\/v2\/woo-feed-brand?post=92745"}],"curies":[{"name":"wp","href":"https:\/\/api.w.org\/{rel}","templated":true}]}}