{"id":92609,"date":"2024-02-26T16:20:48","date_gmt":"2024-02-26T15:20:48","guid":{"rendered":"https:\/\/watchdeluxe.it\/prodotto\/tag-heuer-formula-1-cronografo-verde-ref-caz101ap-ba0842\/"},"modified":"2026-01-19T15:09:01","modified_gmt":"2026-01-19T14:09:01","slug":"tag-heuer-formula-1-cronografo-verde-ref-caz101ap-ba0842","status":"publish","type":"product","link":"https:\/\/watchdeluxe.it\/es\/prodotto\/tag-heuer-formula-1-cronografo-verde-ref-caz101ap-ba0842\/","title":{"rendered":"TAG Heuer F\u00f3rmula 1 Cron\u00f3grafo verde ref. CAZ101AP.BA0842"},"content":{"rendered":"<p>TAG Heuer F\u00f3rmula 1 Cron\u00f3grafo verde ref. CAZ101AP.BA0842<\/p>\n<div class=\"ab--tech-specs-item-body\" data-name=\"movement\">\n<div class=\"ab--tech-specs-item-body-item\">CalibreCron\u00f3grafo de cuarzo<\/div>\n<div class=\"ab--tech-specs-item-body-item\">MovimientoCron\u00f3grafo de cuarzo<\/div>\n<div class=\"ab--tech-specs-item-body-item\">Funciones Horas, minutos, segundos, cron\u00f3grafo: 1\/10 de segundo, segundos, contador de 30 minutos, fecha<\/div>\n<div>\n<div class=\"ab--tech-specs-item-body\" data-name=\"case\">\n<div class=\"ab--tech-specs-item-body-item\">Tama\u00f1o43 mm<\/div>\n<div class=\"ab--tech-specs-item-body-item\">Grosor12,4 mm<\/div>\n<div class=\"ab--tech-specs-item-body-item\">Distancia entre orejetas21,5 mm<\/div>\n<div class=\"ab--tech-specs-item-body-item\">Resistencia al agua200 m<\/div>\n<div class=\"ab--tech-specs-item-body-item\">Caja CuerpoAcero Acabado satinado<\/div>\n<div class=\"ab--tech-specs-item-body-item\">CoronaUn tornillo Acero con revestimiento de PVD negro<\/div>\n<div class=\"ab--tech-specs-item-body-item\">Fondo de cajaLiso &#8211; Acero<\/div>\n<\/div>\n<\/div>\n<\/div>\n","protected":false},"excerpt":{"rendered":"<p>TAG Heuer F\u00f3rmula 1 Cron\u00f3grafo verde ref. CAZ101AP.BA0842 CalibreCron\u00f3grafo de cuarzo MovimientoCron\u00f3grafo de cuarzo Funciones Horas, minutos, segundos, cron\u00f3grafo: 1\/10 de segundo, segundos, contador de 30 minutos, fecha Tama\u00f1o43 mm Grosor12,4 mm Distancia entre orejetas21,5 mm Resistencia al agua200 m Caja CuerpoAcero Acabado satinado CoronaUn tornillo Acero con revestimiento de PVD negro Fondo de cajaLiso [&hellip;]<\/p>\n","protected":false},"featured_media":92605,"template":"","meta":{"_crdt_document":"","advanced_seo_description":"","jetpack_seo_html_title":"","jetpack_seo_noindex":false},"product_brand":[2161],"product_cat":[2264],"product_tag":[3966],"berocket_brand":[],"woo-feed-brand":[],"class_list":{"0":"post-92609","1":"product","2":"type-product","3":"status-publish","4":"has-post-thumbnail","6":"product_brand-tag-heuer","7":"product_cat-tag-heuer-es","8":"product_tag-formula-1-es-2","10":"first","11":"instock","12":"sale","13":"taxable","14":"shipping-taxable","15":"purchasable","16":"product-type-simple"},"bundled_by":[],"bundle_stock_status":"instock","bundle_stock_quantity":1,"bundle_virtual":false,"bundle_layout":"","bundle_add_to_cart_form_location":"","bundle_editable_in_cart":false,"bundle_sold_individually_context":"","bundle_item_grouping":"","bundle_min_size":"","bundle_max_size":"","bundle_price":[],"bundled_items":[],"bundle_sell_ids":[],"group_of_quantity":0,"min_quantity":0,"max_quantity":"","exclude_order_quantity_value_rules":"no","exclude_category_quantity_rules":"no","combine_variations":"no","exclude_global_add_ons":[],"addons":[],"jetpack_sharing_enabled":true,"jetpack_likes_enabled":true,"_links":{"self":[{"href":"https:\/\/watchdeluxe.it\/es\/wp-json\/wp\/v2\/product\/92609","targetHints":{"allow":["GET"]}}],"collection":[{"href":"https:\/\/watchdeluxe.it\/es\/wp-json\/wp\/v2\/product"}],"about":[{"href":"https:\/\/watchdeluxe.it\/es\/wp-json\/wp\/v2\/types\/product"}],"wp:featuredmedia":[{"embeddable":true,"href":"https:\/\/watchdeluxe.it\/es\/wp-json\/wp\/v2\/media\/92605"}],"wp:attachment":[{"href":"https:\/\/watchdeluxe.it\/es\/wp-json\/wp\/v2\/media?parent=92609"}],"wp:term":[{"taxonomy":"product_brand","embeddable":true,"href":"https:\/\/watchdeluxe.it\/es\/wp-json\/wp\/v2\/product_brand?post=92609"},{"taxonomy":"product_cat","embeddable":true,"href":"https:\/\/watchdeluxe.it\/es\/wp-json\/wp\/v2\/product_cat?post=92609"},{"taxonomy":"product_tag","embeddable":true,"href":"https:\/\/watchdeluxe.it\/es\/wp-json\/wp\/v2\/product_tag?post=92609"},{"taxonomy":"berocket_brand","embeddable":true,"href":"https:\/\/watchdeluxe.it\/es\/wp-json\/wp\/v2\/berocket_brand?post=92609"},{"taxonomy":"woo-feed-brand","embeddable":true,"href":"https:\/\/watchdeluxe.it\/es\/wp-json\/wp\/v2\/woo-feed-brand?post=92609"}],"curies":[{"name":"wp","href":"https:\/\/api.w.org\/{rel}","templated":true}]}}