{"id":92067,"date":"2024-02-16T16:35:21","date_gmt":"2024-02-16T15:35:21","guid":{"rendered":"https:\/\/watchdeluxe.it\/prodotto\/bell-ross-br-x5-verde-lum-ref-brx5r-lum-tc-srb\/"},"modified":"2026-04-13T12:04:37","modified_gmt":"2026-04-13T10:04:37","slug":"bell-ross-br-x5-verde-lum-ref-brx5r-lum-tc-srb","status":"publish","type":"product","link":"https:\/\/watchdeluxe.it\/es\/prodotto\/bell-ross-br-x5-verde-lum-ref-brx5r-lum-tc-srb\/","title":{"rendered":"Bell &amp; Ross BR-X5 Verde Lum ref. BRX5R-LUM-TC\/SRB"},"content":{"rendered":"<p>Bell &amp; Ross BR-X5 Verde Lum ref. BRX5R-LUM-TC\/SRB<\/p>\n<ul>\n<li>\n<div class=\"spec-box\">\n<div class=\"spec-box-in\">\n<h4>MOVIMIENTO<\/h4>\n<p>Calibre BR-CAL.323. Fabricaci\u00f3n. Mec\u00e1nica autom\u00e1tica. Reserva de marcha aprox. 70 horas.<\/p>\n<\/div>\n<\/div>\n<\/li>\n<li>\n<div class=\"spec-box\">\n<div class=\"spec-box-in\">\n<h4>FUNCIONES<\/h4>\n<p>Horas, minutos y segundos. Ventana de fecha a las 3 e indicador de reserva de marcha a las 9.<\/p>\n<\/div>\n<\/div>\n<\/li>\n<li>\n<div class=\"spec-box\">\n<div class=\"spec-box-in\">\n<h4>EFECTIVO<\/h4>\n<p>Anchura 41 mm. Grosor 12,80 mm. Carcasa de titanio de grado 2 microblasted con acabado DLC (Diamond Like Carbon). Placa superior e inferior de compuesto de fibra de vidrio luminiscente verde. Bisel fijo de titanio de grado 2 microgranallado con placa de bisel compuesto luminiscente. Corona atornillada y tapa de la corona de titanio de grado 2. Fondo de titanio de grado 2 microgranallado con cristal de zafiro gris ahumado antirreflejos. Espalda con masa oscilante.<\/p>\n<\/div>\n<\/div>\n<\/li>\n<li>\n<div class=\"spec-box\">\n<div class=\"spec-box-in\">\n<h4>QUADRANT<\/h4>\n<p>Negro mate. \u00cdndices aplicados rellenos de laca negra. Agujas horaria y minutera esqueleto recubiertas de Super-LumiNova\u00ae. Brida negra con escala de 60 minutos con marca verde.<\/p>\n<\/div>\n<\/div>\n<\/li>\n<\/ul>\n","protected":false},"excerpt":{"rendered":"<p>Bell &amp; Ross BR-X5 Verde Lum ref. BRX5R-LUM-TC\/SRB MOVIMIENTO Calibre BR-CAL.323. Fabricaci\u00f3n. Mec\u00e1nica autom\u00e1tica. Reserva de marcha aprox. 70 horas. FUNCIONES Horas, minutos y segundos. Ventana de fecha a las 3 e indicador de reserva de marcha a las 9. EFECTIVO Anchura 41 mm. Grosor 12,80 mm. Carcasa de titanio de grado 2 microblasted con [&hellip;]<\/p>\n","protected":false},"featured_media":92063,"template":"","meta":{"_crdt_document":"","advanced_seo_description":"","jetpack_seo_html_title":"","jetpack_seo_noindex":false},"product_brand":[],"product_cat":[2529],"product_tag":[4178],"berocket_brand":[],"woo-feed-brand":[],"class_list":{"0":"post-92067","1":"product","2":"type-product","3":"status-publish","4":"has-post-thumbnail","6":"product_cat-bell-ross-es","7":"product_tag-br-x5-es","9":"first","10":"instock","11":"sale","12":"taxable","13":"shipping-taxable","14":"purchasable","15":"product-type-simple"},"bundled_by":[],"bundle_stock_status":"instock","bundle_stock_quantity":1,"bundle_virtual":false,"bundle_layout":"","bundle_add_to_cart_form_location":"","bundle_editable_in_cart":false,"bundle_sold_individually_context":"","bundle_item_grouping":"","bundle_min_size":"","bundle_max_size":"","bundle_price":[],"bundled_items":[],"bundle_sell_ids":[],"group_of_quantity":0,"min_quantity":0,"max_quantity":"","exclude_order_quantity_value_rules":"no","exclude_category_quantity_rules":"no","combine_variations":"no","jetpack_sharing_enabled":true,"jetpack_likes_enabled":true,"_links":{"self":[{"href":"https:\/\/watchdeluxe.it\/es\/wp-json\/wp\/v2\/product\/92067","targetHints":{"allow":["GET"]}}],"collection":[{"href":"https:\/\/watchdeluxe.it\/es\/wp-json\/wp\/v2\/product"}],"about":[{"href":"https:\/\/watchdeluxe.it\/es\/wp-json\/wp\/v2\/types\/product"}],"wp:featuredmedia":[{"embeddable":true,"href":"https:\/\/watchdeluxe.it\/es\/wp-json\/wp\/v2\/media\/92063"}],"wp:attachment":[{"href":"https:\/\/watchdeluxe.it\/es\/wp-json\/wp\/v2\/media?parent=92067"}],"wp:term":[{"taxonomy":"product_brand","embeddable":true,"href":"https:\/\/watchdeluxe.it\/es\/wp-json\/wp\/v2\/product_brand?post=92067"},{"taxonomy":"product_cat","embeddable":true,"href":"https:\/\/watchdeluxe.it\/es\/wp-json\/wp\/v2\/product_cat?post=92067"},{"taxonomy":"product_tag","embeddable":true,"href":"https:\/\/watchdeluxe.it\/es\/wp-json\/wp\/v2\/product_tag?post=92067"},{"taxonomy":"berocket_brand","embeddable":true,"href":"https:\/\/watchdeluxe.it\/es\/wp-json\/wp\/v2\/berocket_brand?post=92067"},{"taxonomy":"woo-feed-brand","embeddable":true,"href":"https:\/\/watchdeluxe.it\/es\/wp-json\/wp\/v2\/woo-feed-brand?post=92067"}],"curies":[{"name":"wp","href":"https:\/\/api.w.org\/{rel}","templated":true}]}}