{"id":91943,"date":"2024-02-12T12:06:16","date_gmt":"2024-02-12T11:06:16","guid":{"rendered":"https:\/\/watchdeluxe.it\/prodotto\/tag-heuer-carrera-cronografo-verde-ref-cbs2211-fc6545\/"},"modified":"2026-04-10T18:31:27","modified_gmt":"2026-04-10T16:31:27","slug":"tag-heuer-carrera-cronografo-verde-ref-cbs2211-fc6545","status":"publish","type":"product","link":"https:\/\/watchdeluxe.it\/es\/prodotto\/tag-heuer-carrera-cronografo-verde-ref-cbs2211-fc6545\/","title":{"rendered":"Tag Heuer Carrera cron\u00f3grafo verde ref. CBS2211.FC6545"},"content":{"rendered":"<p>Tag Heuer Carrera cron\u00f3grafo verde ref. CBS2211.FC6545<\/p>\n<p>esfera verde<\/p>\n<div class=\"ab--tech-specs-item-body\" data-name=\"movement\">\n<div class=\"ab--tech-specs-item-body-item\">CalibreTH20-07<\/div>\n<div class=\"ab--tech-specs-item-body-item\">MovimientoCron\u00f3grafo autom\u00e1tico<\/div>\n<div class=\"ab--tech-specs-item-body-item\">Movimiento de fabricaci\u00f3nS\u00ed<\/div>\n<div class=\"ab--tech-specs-item-body-item\">Reserva de marcha (horas)80<\/div>\n<div class=\"ab--tech-specs-item-body-item\">Frecuencia de balance28800 (4Hz)<\/div>\n<div class=\"ab--tech-specs-item-body-item\">Funciones Horas, minutos, segundos, cron\u00f3grafo: contador de 30 minutos<\/div>\n<div>\n<div class=\"ab--tech-specs-item-body\" data-name=\"case\">\n<div class=\"ab--tech-specs-item-body-item\">Tama\u00f1o39 mm<\/div>\n<div class=\"ab--tech-specs-item-body-item\">Resistencia al agua100 m<\/div>\n<div class=\"ab--tech-specs-item-body-item\">Cuerpo de la cajaAcero satinado\/pulido\/pulido<\/div>\n<div class=\"ab--tech-specs-item-body-item\">BiselSin bisel<\/div>\n<div class=\"ab--tech-specs-item-body-item\">ReversoCristal de zafiro &#8211; Acero<\/div>\n<\/div>\n<\/div>\n<\/div>\n","protected":false},"excerpt":{"rendered":"<p>Tag Heuer Carrera cron\u00f3grafo verde ref. CBS2211.FC6545 esfera verde CalibreTH20-07 MovimientoCron\u00f3grafo autom\u00e1tico Movimiento de fabricaci\u00f3nS\u00ed Reserva de marcha (horas)80 Frecuencia de balance28800 (4Hz) Funciones Horas, minutos, segundos, cron\u00f3grafo: contador de 30 minutos Tama\u00f1o39 mm Resistencia al agua100 m Cuerpo de la cajaAcero satinado\/pulido\/pulido BiselSin bisel ReversoCristal de zafiro &#8211; Acero<\/p>\n","protected":false},"featured_media":91935,"template":"","meta":{"_crdt_document":"","advanced_seo_description":"","jetpack_seo_html_title":"","jetpack_seo_noindex":false},"product_brand":[],"product_cat":[2264],"product_tag":[2375],"berocket_brand":[],"woo-feed-brand":[],"class_list":{"0":"post-91943","1":"product","2":"type-product","3":"status-publish","4":"has-post-thumbnail","6":"product_cat-tag-heuer-es","7":"product_tag-carrera-es","9":"first","10":"instock","11":"sale","12":"taxable","13":"shipping-taxable","14":"purchasable","15":"product-type-simple"},"bundled_by":[],"bundle_stock_status":"instock","bundle_stock_quantity":1,"bundle_virtual":false,"bundle_layout":"","bundle_add_to_cart_form_location":"","bundle_editable_in_cart":false,"bundle_sold_individually_context":"","bundle_item_grouping":"","bundle_min_size":"","bundle_max_size":"","bundle_price":[],"bundled_items":[],"bundle_sell_ids":[],"group_of_quantity":0,"min_quantity":0,"max_quantity":"","exclude_order_quantity_value_rules":"no","exclude_category_quantity_rules":"no","combine_variations":"no","jetpack_sharing_enabled":true,"jetpack_likes_enabled":true,"_links":{"self":[{"href":"https:\/\/watchdeluxe.it\/es\/wp-json\/wp\/v2\/product\/91943","targetHints":{"allow":["GET"]}}],"collection":[{"href":"https:\/\/watchdeluxe.it\/es\/wp-json\/wp\/v2\/product"}],"about":[{"href":"https:\/\/watchdeluxe.it\/es\/wp-json\/wp\/v2\/types\/product"}],"wp:featuredmedia":[{"embeddable":true,"href":"https:\/\/watchdeluxe.it\/es\/wp-json\/wp\/v2\/media\/91935"}],"wp:attachment":[{"href":"https:\/\/watchdeluxe.it\/es\/wp-json\/wp\/v2\/media?parent=91943"}],"wp:term":[{"taxonomy":"product_brand","embeddable":true,"href":"https:\/\/watchdeluxe.it\/es\/wp-json\/wp\/v2\/product_brand?post=91943"},{"taxonomy":"product_cat","embeddable":true,"href":"https:\/\/watchdeluxe.it\/es\/wp-json\/wp\/v2\/product_cat?post=91943"},{"taxonomy":"product_tag","embeddable":true,"href":"https:\/\/watchdeluxe.it\/es\/wp-json\/wp\/v2\/product_tag?post=91943"},{"taxonomy":"berocket_brand","embeddable":true,"href":"https:\/\/watchdeluxe.it\/es\/wp-json\/wp\/v2\/berocket_brand?post=91943"},{"taxonomy":"woo-feed-brand","embeddable":true,"href":"https:\/\/watchdeluxe.it\/es\/wp-json\/wp\/v2\/woo-feed-brand?post=91943"}],"curies":[{"name":"wp","href":"https:\/\/api.w.org\/{rel}","templated":true}]}}