{"id":91371,"date":"2024-02-08T10:25:52","date_gmt":"2024-02-08T09:25:52","guid":{"rendered":"https:\/\/watchdeluxe.it\/prodotto\/pluma-estilografica-montblanc-grandes-personajes-muhammad-ali-edicion-especial-ref-129333\/"},"modified":"2026-01-22T10:56:17","modified_gmt":"2026-01-22T09:56:17","slug":"pluma-estilografica-montblanc-grandes-personajes-muhammad-ali-edicion-especial-ref-129333","status":"publish","type":"product","link":"https:\/\/watchdeluxe.it\/es\/prodotto\/pluma-estilografica-montblanc-grandes-personajes-muhammad-ali-edicion-especial-ref-129333\/","title":{"rendered":"Pluma Estilogr\u00e1fica Montblanc Grandes Personajes Muhammad Ali Edici\u00f3n Especial Ref. 129333"},"content":{"rendered":"<p>Pluma Estilogr\u00e1fica Montblanc Grandes Personajes Muhammad Ali Edici\u00f3n Especial Ref. 129333<\/p>\n<table class=\"data-table\">\n<tbody>\n<tr class=\"odd\">\n<td class=\"spec-name\">Marca<\/td>\n<td class=\"spec-value\">Montblanc<\/td>\n<\/tr>\n<tr class=\"even\">\n<td class=\"spec-name\">L\u00ednea<\/td>\n<td class=\"spec-value\">Grandes personajes<\/td>\n<\/tr>\n<tr class=\"odd\">\n<td class=\"spec-name\">Tipo<\/td>\n<td class=\"spec-value\">Pluma estilogr\u00e1fica<\/td>\n<\/tr>\n<tr class=\"even\">\n<td class=\"spec-name\">Edici\u00f3n<\/td>\n<td class=\"spec-value\">ED. ESPECIAL<\/td>\n<\/tr>\n<\/tbody>\n<\/table>\n","protected":false},"excerpt":{"rendered":"<p>Pluma Estilogr\u00e1fica Montblanc Grandes Personajes Muhammad Ali Edici\u00f3n Especial Ref. 129333 Marca Montblanc L\u00ednea Grandes personajes Tipo Pluma estilogr\u00e1fica Edici\u00f3n ED. ESPECIAL<\/p>\n","protected":false},"featured_media":91367,"template":"","meta":{"_crdt_document":"","advanced_seo_description":"","jetpack_seo_html_title":"","jetpack_seo_noindex":false},"product_brand":[1907],"product_cat":[2247],"product_tag":[2258],"berocket_brand":[],"woo-feed-brand":[],"class_list":{"0":"post-91371","1":"product","2":"type-product","3":"status-publish","4":"has-post-thumbnail","6":"product_brand-montblanc","7":"product_cat-montblanc-es","8":"product_tag-boligrafos","10":"first","11":"instock","12":"sale","13":"taxable","14":"shipping-taxable","15":"purchasable","16":"product-type-simple"},"bundled_by":[],"bundle_stock_status":"instock","bundle_stock_quantity":1,"bundle_virtual":false,"bundle_layout":"","bundle_add_to_cart_form_location":"","bundle_editable_in_cart":false,"bundle_sold_individually_context":"","bundle_item_grouping":"","bundle_min_size":"","bundle_max_size":"","bundle_price":[],"bundled_items":[],"bundle_sell_ids":[],"group_of_quantity":0,"min_quantity":0,"max_quantity":"","exclude_order_quantity_value_rules":"no","exclude_category_quantity_rules":"no","combine_variations":"no","jetpack_sharing_enabled":true,"jetpack_likes_enabled":true,"_links":{"self":[{"href":"https:\/\/watchdeluxe.it\/es\/wp-json\/wp\/v2\/product\/91371","targetHints":{"allow":["GET"]}}],"collection":[{"href":"https:\/\/watchdeluxe.it\/es\/wp-json\/wp\/v2\/product"}],"about":[{"href":"https:\/\/watchdeluxe.it\/es\/wp-json\/wp\/v2\/types\/product"}],"wp:featuredmedia":[{"embeddable":true,"href":"https:\/\/watchdeluxe.it\/es\/wp-json\/wp\/v2\/media\/91367"}],"wp:attachment":[{"href":"https:\/\/watchdeluxe.it\/es\/wp-json\/wp\/v2\/media?parent=91371"}],"wp:term":[{"taxonomy":"product_brand","embeddable":true,"href":"https:\/\/watchdeluxe.it\/es\/wp-json\/wp\/v2\/product_brand?post=91371"},{"taxonomy":"product_cat","embeddable":true,"href":"https:\/\/watchdeluxe.it\/es\/wp-json\/wp\/v2\/product_cat?post=91371"},{"taxonomy":"product_tag","embeddable":true,"href":"https:\/\/watchdeluxe.it\/es\/wp-json\/wp\/v2\/product_tag?post=91371"},{"taxonomy":"berocket_brand","embeddable":true,"href":"https:\/\/watchdeluxe.it\/es\/wp-json\/wp\/v2\/berocket_brand?post=91371"},{"taxonomy":"woo-feed-brand","embeddable":true,"href":"https:\/\/watchdeluxe.it\/es\/wp-json\/wp\/v2\/woo-feed-brand?post=91371"}],"curies":[{"name":"wp","href":"https:\/\/api.w.org\/{rel}","templated":true}]}}