{"id":91349,"date":"2024-02-08T10:22:28","date_gmt":"2024-02-08T09:22:28","guid":{"rendered":"https:\/\/watchdeluxe.it\/prodotto\/montblanc-trolley-compacto-para-equipaje-de-mano-my4810-ref-198348\/"},"modified":"2024-02-08T10:22:28","modified_gmt":"2024-02-08T09:22:28","slug":"montblanc-trolley-compacto-para-equipaje-de-mano-my4810-ref-198348","status":"publish","type":"product","link":"https:\/\/watchdeluxe.it\/es\/prodotto\/montblanc-trolley-compacto-para-equipaje-de-mano-my4810-ref-198348\/","title":{"rendered":"Montblanc Trolley Compacto para Equipaje de Mano #My4810 Ref. 198348"},"content":{"rendered":"<p>Montblanc Trolley Compacto para Equipaje de Mano #My4810 Ref. 198348<\/p>\n<div class=\"picture-wrapper\">\n<div id=\"sevenspikes-cloud-zoom\" class=\"picture\" data-zoomwindowelementid=\"\" data-selectoroftheparentelementofthecloudzoomwindow=\"\" data-defaultimagecontainerselector=\".product-essential .gallery\" data-zoom-window-width=\"360\" data-zoom-window-height=\"360\"><\/div>\n<\/div>\n<div class=\"picture-thumbs in-carousel\"><\/div>\n<div class=\"overview\">\n<div class=\"short-description\">Descubra la nueva l\u00ednea de trolleys #MY4810 y encuentre su compa\u00f1ero de viaje personal. Un trolley de equipaje compacto fabricado en policarbonato ligero con detalles de piel que resulta extremadamente pr\u00e1ctico gracias a su asa de cuatro horas de longitud y a su organizaci\u00f3n inteligente con m\u00faltiples compartimentos. Mide 35 x 55 x 21 cm (volumen 34 L) y suele aceptarse como equipaje de mano.<\/div>\n<\/div>\n","protected":false},"excerpt":{"rendered":"<p>Montblanc Trolley Compacto para Equipaje de Mano #My4810 Ref. 198348 Descubra la nueva l\u00ednea de trolleys #MY4810 y encuentre su compa\u00f1ero de viaje personal. Un trolley de equipaje compacto fabricado en policarbonato ligero con detalles de piel que resulta extremadamente pr\u00e1ctico gracias a su asa de cuatro horas de longitud y a su organizaci\u00f3n inteligente [&hellip;]<\/p>\n","protected":false},"featured_media":91345,"template":"","meta":{"_crdt_document":"","advanced_seo_description":"","jetpack_seo_html_title":"","jetpack_seo_noindex":false},"product_brand":[1907],"product_cat":[2247],"product_tag":[2400],"berocket_brand":[],"woo-feed-brand":[],"class_list":{"0":"post-91349","1":"product","2":"type-product","3":"status-publish","4":"has-post-thumbnail","6":"product_brand-montblanc","7":"product_cat-montblanc-es","8":"product_tag-bolsas","10":"first","11":"instock","12":"sale","13":"taxable","14":"shipping-taxable","15":"purchasable","16":"product-type-simple"},"bundled_by":[],"bundle_stock_status":"instock","bundle_stock_quantity":1,"bundle_virtual":false,"bundle_layout":"","bundle_add_to_cart_form_location":"","bundle_editable_in_cart":false,"bundle_sold_individually_context":"","bundle_item_grouping":"","bundle_min_size":"","bundle_max_size":"","bundle_price":[],"bundled_items":[],"bundle_sell_ids":[],"group_of_quantity":0,"min_quantity":0,"max_quantity":"","exclude_order_quantity_value_rules":"no","exclude_category_quantity_rules":"no","combine_variations":"no","jetpack_sharing_enabled":true,"jetpack_likes_enabled":true,"_links":{"self":[{"href":"https:\/\/watchdeluxe.it\/es\/wp-json\/wp\/v2\/product\/91349","targetHints":{"allow":["GET"]}}],"collection":[{"href":"https:\/\/watchdeluxe.it\/es\/wp-json\/wp\/v2\/product"}],"about":[{"href":"https:\/\/watchdeluxe.it\/es\/wp-json\/wp\/v2\/types\/product"}],"wp:featuredmedia":[{"embeddable":true,"href":"https:\/\/watchdeluxe.it\/es\/wp-json\/wp\/v2\/media\/91345"}],"wp:attachment":[{"href":"https:\/\/watchdeluxe.it\/es\/wp-json\/wp\/v2\/media?parent=91349"}],"wp:term":[{"taxonomy":"product_brand","embeddable":true,"href":"https:\/\/watchdeluxe.it\/es\/wp-json\/wp\/v2\/product_brand?post=91349"},{"taxonomy":"product_cat","embeddable":true,"href":"https:\/\/watchdeluxe.it\/es\/wp-json\/wp\/v2\/product_cat?post=91349"},{"taxonomy":"product_tag","embeddable":true,"href":"https:\/\/watchdeluxe.it\/es\/wp-json\/wp\/v2\/product_tag?post=91349"},{"taxonomy":"berocket_brand","embeddable":true,"href":"https:\/\/watchdeluxe.it\/es\/wp-json\/wp\/v2\/berocket_brand?post=91349"},{"taxonomy":"woo-feed-brand","embeddable":true,"href":"https:\/\/watchdeluxe.it\/es\/wp-json\/wp\/v2\/woo-feed-brand?post=91349"}],"curies":[{"name":"wp","href":"https:\/\/api.w.org\/{rel}","templated":true}]}}