{"id":91328,"date":"2024-02-08T10:17:49","date_gmt":"2024-02-08T09:17:49","guid":{"rendered":"https:\/\/watchdeluxe.it\/prodotto\/montblanc-maletin-slim-m_gram-4810-ref-130017\/"},"modified":"2026-01-22T10:57:01","modified_gmt":"2026-01-22T09:57:01","slug":"montblanc-maletin-slim-m_gram-4810-ref-130017","status":"publish","type":"product","link":"https:\/\/watchdeluxe.it\/es\/prodotto\/montblanc-maletin-slim-m_gram-4810-ref-130017\/","title":{"rendered":"Montblanc Malet\u00edn Slim M_Gram 4810 Ref. 130017"},"content":{"rendered":"<p>Montblanc Malet\u00edn Slim M_Gram 4810 Ref. 130017<\/p>\n<div class=\"picture-wrapper\">\n<div id=\"sevenspikes-cloud-zoom\" class=\"picture\" data-zoomwindowelementid=\"\" data-selectoroftheparentelementofthecloudzoomwindow=\"\" data-defaultimagecontainerselector=\".product-essential .gallery\" data-zoom-window-width=\"360\" data-zoom-window-height=\"360\"><\/div>\n<\/div>\n<div class=\"picture-thumbs in-carousel has-navigation\"><\/div>\n<div class=\"overview\">\n<div class=\"short-description\">Este delgado malet\u00edn destaca por su marcado aspecto ic\u00f3nico, gracias a su nuevo dise\u00f1o y a la suave piel decorada con un motivo &#8220;M&#8221; inspirado en la herencia de la Maison. Compacta pero con gran capacidad, ofrece espacio interior para documentos A4, art\u00edculos de escritura y otros objetos personales.  <b><br \/>\nDimensiones: 370 x 60 x H 280 mm.  <\/b><\/div>\n<\/div>\n","protected":false},"excerpt":{"rendered":"<p>Montblanc Malet\u00edn Slim M_Gram 4810 Ref. 130017 Este delgado malet\u00edn destaca por su marcado aspecto ic\u00f3nico, gracias a su nuevo dise\u00f1o y a la suave piel decorada con un motivo &#8220;M&#8221; inspirado en la herencia de la Maison. Compacta pero con gran capacidad, ofrece espacio interior para documentos A4, art\u00edculos de escritura y otros objetos [&hellip;]<\/p>\n","protected":false},"featured_media":91324,"template":"","meta":{"_crdt_document":"","advanced_seo_description":"","jetpack_seo_html_title":"","jetpack_seo_noindex":false},"product_brand":[1907],"product_cat":[2247],"product_tag":[2400],"berocket_brand":[],"woo-feed-brand":[],"class_list":{"0":"post-91328","1":"product","2":"type-product","3":"status-publish","4":"has-post-thumbnail","6":"product_brand-montblanc","7":"product_cat-montblanc-es","8":"product_tag-bolsas","10":"first","11":"instock","12":"sale","13":"taxable","14":"shipping-taxable","15":"purchasable","16":"product-type-simple"},"bundled_by":[],"bundle_stock_status":"instock","bundle_stock_quantity":1,"bundle_virtual":false,"bundle_layout":"","bundle_add_to_cart_form_location":"","bundle_editable_in_cart":false,"bundle_sold_individually_context":"","bundle_item_grouping":"","bundle_min_size":"","bundle_max_size":"","bundle_price":[],"bundled_items":[],"bundle_sell_ids":[],"group_of_quantity":0,"min_quantity":0,"max_quantity":"","exclude_order_quantity_value_rules":"no","exclude_category_quantity_rules":"no","combine_variations":"no","jetpack_sharing_enabled":true,"jetpack_likes_enabled":true,"_links":{"self":[{"href":"https:\/\/watchdeluxe.it\/es\/wp-json\/wp\/v2\/product\/91328","targetHints":{"allow":["GET"]}}],"collection":[{"href":"https:\/\/watchdeluxe.it\/es\/wp-json\/wp\/v2\/product"}],"about":[{"href":"https:\/\/watchdeluxe.it\/es\/wp-json\/wp\/v2\/types\/product"}],"wp:featuredmedia":[{"embeddable":true,"href":"https:\/\/watchdeluxe.it\/es\/wp-json\/wp\/v2\/media\/91324"}],"wp:attachment":[{"href":"https:\/\/watchdeluxe.it\/es\/wp-json\/wp\/v2\/media?parent=91328"}],"wp:term":[{"taxonomy":"product_brand","embeddable":true,"href":"https:\/\/watchdeluxe.it\/es\/wp-json\/wp\/v2\/product_brand?post=91328"},{"taxonomy":"product_cat","embeddable":true,"href":"https:\/\/watchdeluxe.it\/es\/wp-json\/wp\/v2\/product_cat?post=91328"},{"taxonomy":"product_tag","embeddable":true,"href":"https:\/\/watchdeluxe.it\/es\/wp-json\/wp\/v2\/product_tag?post=91328"},{"taxonomy":"berocket_brand","embeddable":true,"href":"https:\/\/watchdeluxe.it\/es\/wp-json\/wp\/v2\/berocket_brand?post=91328"},{"taxonomy":"woo-feed-brand","embeddable":true,"href":"https:\/\/watchdeluxe.it\/es\/wp-json\/wp\/v2\/woo-feed-brand?post=91328"}],"curies":[{"name":"wp","href":"https:\/\/api.w.org\/{rel}","templated":true}]}}