{"id":91307,"date":"2024-02-08T10:14:49","date_gmt":"2024-02-08T09:14:49","guid":{"rendered":"https:\/\/watchdeluxe.it\/prodotto\/montblanc-musas-maria-callas-pluma-estilografica-edicion-especial-ref-129563\/"},"modified":"2026-01-16T11:50:32","modified_gmt":"2026-01-16T10:50:32","slug":"montblanc-musas-maria-callas-pluma-estilografica-edicion-especial-ref-129563","status":"publish","type":"product","link":"https:\/\/watchdeluxe.it\/es\/prodotto\/montblanc-musas-maria-callas-pluma-estilografica-edicion-especial-ref-129563\/","title":{"rendered":"Montblanc Musas Maria Callas Pluma Estilogr\u00e1fica Edici\u00f3n Especial Ref. 129563"},"content":{"rendered":"<p>Montblanc Musas Maria Callas Pluma Estilogr\u00e1fica Edici\u00f3n Especial Ref. 129563<\/p>\n<p>La Edici\u00f3n Especial Montblanc Musas Maria Callas est\u00e1 dedicada a una de las sopranos m\u00e1s carism\u00e1ticas del siglo XX y a un icono de estilo particularmente popular. Con su talento, pasi\u00f3n y personalidad, encarnaba un ideal preciso de la diva de la \u00f3pera. La edici\u00f3n destaca uno de sus colores favoritos, el turquesa, en la resina preciosa del cuerpo y el capuch\u00f3n, mientras que la silueta esbelta y elegante refleja la gr\u00e1cil belleza de Maria Callas. Para evocar su patria rodeada de mar, Grecia, el clip acabado en platino est\u00e1 adornado con una piedra cuyo color recuerda el azul turquesa brillante del mar Egeo. El detalle de un traje tomado de &#8220;Norma&#8221; de Bellini, uno de sus papeles &#8220;belcantistas&#8221; m\u00e1s emblem\u00e1ticos, se refleja en el motivo de la hoja de laurel que rodea el cono acabado en platino de la edici\u00f3n, junto con el grabado de la firma de la c\u00e9lebre soprano. El plum\u00edn hecho a mano de oro macizo Au 585 con acabado de rodio lleva el grabado de la ic\u00f3nica mirada felina resaltada por el l\u00e1piz negro, tan t\u00edpico de su imagen, as\u00ed como el nombre inseparable de Maria Callas: &#8220;La Divina&#8221;.<br \/>\n<b>Plum\u00edn fino: 0,50 mm  <\/b><\/p>\n","protected":false},"excerpt":{"rendered":"<p>Montblanc Musas Maria Callas Pluma Estilogr\u00e1fica Edici\u00f3n Especial Ref. 129563 La Edici\u00f3n Especial Montblanc Musas Maria Callas est\u00e1 dedicada a una de las sopranos m\u00e1s carism\u00e1ticas del siglo XX y a un icono de estilo particularmente popular. Con su talento, pasi\u00f3n y personalidad, encarnaba un ideal preciso de la diva de la \u00f3pera. La edici\u00f3n [&hellip;]<\/p>\n","protected":false},"featured_media":91303,"template":"","meta":{"_crdt_document":"","advanced_seo_description":"","jetpack_seo_html_title":"","jetpack_seo_noindex":false},"product_brand":[1907],"product_cat":[2247],"product_tag":[2258],"berocket_brand":[],"woo-feed-brand":[],"class_list":{"0":"post-91307","1":"product","2":"type-product","3":"status-publish","4":"has-post-thumbnail","6":"product_brand-montblanc","7":"product_cat-montblanc-es","8":"product_tag-boligrafos","10":"first","11":"instock","12":"sale","13":"taxable","14":"shipping-taxable","15":"purchasable","16":"product-type-simple"},"bundled_by":[],"bundle_stock_status":"instock","bundle_stock_quantity":1,"bundle_virtual":false,"bundle_layout":"","bundle_add_to_cart_form_location":"","bundle_editable_in_cart":false,"bundle_sold_individually_context":"","bundle_item_grouping":"","bundle_min_size":"","bundle_max_size":"","bundle_price":[],"bundled_items":[],"bundle_sell_ids":[],"group_of_quantity":0,"min_quantity":0,"max_quantity":"","exclude_order_quantity_value_rules":"no","exclude_category_quantity_rules":"no","combine_variations":"no","jetpack_sharing_enabled":true,"jetpack_likes_enabled":true,"_links":{"self":[{"href":"https:\/\/watchdeluxe.it\/es\/wp-json\/wp\/v2\/product\/91307","targetHints":{"allow":["GET"]}}],"collection":[{"href":"https:\/\/watchdeluxe.it\/es\/wp-json\/wp\/v2\/product"}],"about":[{"href":"https:\/\/watchdeluxe.it\/es\/wp-json\/wp\/v2\/types\/product"}],"wp:featuredmedia":[{"embeddable":true,"href":"https:\/\/watchdeluxe.it\/es\/wp-json\/wp\/v2\/media\/91303"}],"wp:attachment":[{"href":"https:\/\/watchdeluxe.it\/es\/wp-json\/wp\/v2\/media?parent=91307"}],"wp:term":[{"taxonomy":"product_brand","embeddable":true,"href":"https:\/\/watchdeluxe.it\/es\/wp-json\/wp\/v2\/product_brand?post=91307"},{"taxonomy":"product_cat","embeddable":true,"href":"https:\/\/watchdeluxe.it\/es\/wp-json\/wp\/v2\/product_cat?post=91307"},{"taxonomy":"product_tag","embeddable":true,"href":"https:\/\/watchdeluxe.it\/es\/wp-json\/wp\/v2\/product_tag?post=91307"},{"taxonomy":"berocket_brand","embeddable":true,"href":"https:\/\/watchdeluxe.it\/es\/wp-json\/wp\/v2\/berocket_brand?post=91307"},{"taxonomy":"woo-feed-brand","embeddable":true,"href":"https:\/\/watchdeluxe.it\/es\/wp-json\/wp\/v2\/woo-feed-brand?post=91307"}],"curies":[{"name":"wp","href":"https:\/\/api.w.org\/{rel}","templated":true}]}}