{"id":91069,"date":"2023-03-17T18:38:55","date_gmt":"2023-03-17T17:38:55","guid":{"rendered":"https:\/\/watchdeluxe.it\/prodotto\/omega-constellation-co-axial-master-chronometer-29-mm-ref-131-20-29-20-02-001\/"},"modified":"2023-03-17T18:38:55","modified_gmt":"2023-03-17T17:38:55","slug":"omega-constellation-co-axial-master-chronometer-29-mm-ref-131-20-29-20-02-001","status":"publish","type":"product","link":"https:\/\/watchdeluxe.it\/es\/prodotto\/omega-constellation-co-axial-master-chronometer-29-mm-ref-131-20-29-20-02-001\/","title":{"rendered":"Omega Constellation Co-Axial Master Chronometer 29 Mm Ref. 131.20.29.20.02.001"},"content":{"rendered":"<p>Omega Constellation Co-Axial Master Chronometer 29 Mm Ref. 131.20.29.20.02.001<\/p>\n<table class=\"data-table\">\n<tbody>\n<tr class=\"odd\">\n<td class=\"spec-name\">Marca<\/td>\n<td class=\"spec-value\">Omega<\/td>\n<\/tr>\n<tr class=\"even\">\n<td class=\"spec-name\">L\u00ednea<\/td>\n<td class=\"spec-value\">CONSTELACI\u00d3N<\/td>\n<\/tr>\n<tr class=\"odd\">\n<td class=\"spec-name\">Complicaci\u00f3n<\/td>\n<td class=\"spec-value\">SOLO TIEMPO<\/td>\n<\/tr>\n<tr class=\"even\">\n<td class=\"spec-name\">Movimiento<\/td>\n<td class=\"spec-value\">AUTOM\u00c1TICO<\/td>\n<\/tr>\n<tr class=\"odd\">\n<td class=\"spec-name\">Fechador<\/td>\n<td class=\"spec-value\">DATOS<\/td>\n<\/tr>\n<tr class=\"even\">\n<td class=\"spec-name\">Formulario<\/td>\n<td class=\"spec-value\">RONDA<\/td>\n<\/tr>\n<tr class=\"odd\">\n<td class=\"spec-name\">Talla<\/td>\n<td class=\"spec-value\">29 MM<\/td>\n<\/tr>\n<tr class=\"even\">\n<td class=\"spec-name\">Material del malet\u00edn<\/td>\n<td class=\"spec-value\">Acero y oro rosa<\/td>\n<\/tr>\n<tr class=\"odd\">\n<td class=\"spec-name\">Tipo de cristal<\/td>\n<td class=\"spec-value\">SAPFIRE<\/td>\n<\/tr>\n<tr class=\"even\">\n<td class=\"spec-name\">Marque<\/td>\n<td class=\"spec-value\">PLATA<\/td>\n<\/tr>\n<tr class=\"odd\">\n<td class=\"spec-name\">Pulsera<\/td>\n<td class=\"spec-value\">ACERO Y ORO ROSA<\/td>\n<\/tr>\n<tr class=\"even\">\n<td class=\"spec-name\">Impermeable<\/td>\n<td class=\"spec-value\">50 M<\/td>\n<\/tr>\n<\/tbody>\n<\/table>\n","protected":false},"excerpt":{"rendered":"<p>Omega Constellation Co-Axial Master Chronometer 29 Mm Ref. 131.20.29.20.02.001 Marca Omega L\u00ednea CONSTELACI\u00d3N Complicaci\u00f3n SOLO TIEMPO Movimiento AUTOM\u00c1TICO Fechador DATOS Formulario RONDA Talla 29 MM Material del malet\u00edn Acero y oro rosa Tipo de cristal SAPFIRE Marque PLATA Pulsera ACERO Y ORO ROSA Impermeable 50 M<\/p>\n","protected":false},"featured_media":91065,"template":"","meta":{"_crdt_document":"","advanced_seo_description":"","jetpack_seo_html_title":"","jetpack_seo_noindex":false},"product_brand":[2155],"product_cat":[2276],"product_tag":[2974],"berocket_brand":[],"woo-feed-brand":[],"class_list":{"0":"post-91069","1":"product","2":"type-product","3":"status-publish","4":"has-post-thumbnail","6":"product_brand-omega","7":"product_cat-omega-es","8":"product_tag-constelacion","10":"first","11":"instock","12":"sale","13":"taxable","14":"shipping-taxable","15":"purchasable","16":"product-type-simple"},"bundled_by":[],"bundle_stock_status":"instock","bundle_stock_quantity":1,"bundle_virtual":false,"bundle_layout":"","bundle_add_to_cart_form_location":"","bundle_editable_in_cart":false,"bundle_sold_individually_context":"","bundle_item_grouping":"","bundle_min_size":"","bundle_max_size":"","bundle_price":[],"bundled_items":[],"bundle_sell_ids":[],"group_of_quantity":0,"min_quantity":0,"max_quantity":"","exclude_order_quantity_value_rules":"no","exclude_category_quantity_rules":"no","combine_variations":"no","jetpack_sharing_enabled":true,"jetpack_likes_enabled":true,"_links":{"self":[{"href":"https:\/\/watchdeluxe.it\/es\/wp-json\/wp\/v2\/product\/91069","targetHints":{"allow":["GET"]}}],"collection":[{"href":"https:\/\/watchdeluxe.it\/es\/wp-json\/wp\/v2\/product"}],"about":[{"href":"https:\/\/watchdeluxe.it\/es\/wp-json\/wp\/v2\/types\/product"}],"wp:featuredmedia":[{"embeddable":true,"href":"https:\/\/watchdeluxe.it\/es\/wp-json\/wp\/v2\/media\/91065"}],"wp:attachment":[{"href":"https:\/\/watchdeluxe.it\/es\/wp-json\/wp\/v2\/media?parent=91069"}],"wp:term":[{"taxonomy":"product_brand","embeddable":true,"href":"https:\/\/watchdeluxe.it\/es\/wp-json\/wp\/v2\/product_brand?post=91069"},{"taxonomy":"product_cat","embeddable":true,"href":"https:\/\/watchdeluxe.it\/es\/wp-json\/wp\/v2\/product_cat?post=91069"},{"taxonomy":"product_tag","embeddable":true,"href":"https:\/\/watchdeluxe.it\/es\/wp-json\/wp\/v2\/product_tag?post=91069"},{"taxonomy":"berocket_brand","embeddable":true,"href":"https:\/\/watchdeluxe.it\/es\/wp-json\/wp\/v2\/berocket_brand?post=91069"},{"taxonomy":"woo-feed-brand","embeddable":true,"href":"https:\/\/watchdeluxe.it\/es\/wp-json\/wp\/v2\/woo-feed-brand?post=91069"}],"curies":[{"name":"wp","href":"https:\/\/api.w.org\/{rel}","templated":true}]}}