{"id":90869,"date":"2024-02-06T16:54:33","date_gmt":"2024-02-06T15:54:33","guid":{"rendered":"https:\/\/watchdeluxe.it\/prodotto\/tarjetero-montblanc-extreme-3-0-azul-ref-198073\/"},"modified":"2026-01-22T10:52:33","modified_gmt":"2026-01-22T09:52:33","slug":"tarjetero-montblanc-extreme-3-0-azul-ref-198073","status":"publish","type":"product","link":"https:\/\/watchdeluxe.it\/es\/prodotto\/tarjetero-montblanc-extreme-3-0-azul-ref-198073\/","title":{"rendered":"Tarjetero Montblanc extreme 3.0 azul ref. 198073"},"content":{"rendered":"<p>Tarjetero Montblanc extreme 3.0 azul ref. 198073<\/p>\n<p>El tarjetero pr\u00e1ctico y compacto es el aliado perfecto para quienes siempre est\u00e1n en movimiento en su vida diaria. Fabricado en piel de vacuno plena flor con un estampado <b>Extreme 3.0,<\/b> cuenta con aberturas para cuatro tarjetas de cr\u00e9dito y un portadocumentos extra\u00edble. Para completar el modelo, dos bolsillos adicionales para guardar objetos peque\u00f1os.<\/p>\n<p>75x15x105 mm<\/p>\n","protected":false},"excerpt":{"rendered":"<p>Tarjetero Montblanc extreme 3.0 azul ref. 198073 El tarjetero pr\u00e1ctico y compacto es el aliado perfecto para quienes siempre est\u00e1n en movimiento en su vida diaria. Fabricado en piel de vacuno plena flor con un estampado Extreme 3.0, cuenta con aberturas para cuatro tarjetas de cr\u00e9dito y un portadocumentos extra\u00edble. Para completar el modelo, dos [&hellip;]<\/p>\n","protected":false},"featured_media":90860,"template":"","meta":{"_crdt_document":"","advanced_seo_description":"","jetpack_seo_html_title":"","jetpack_seo_noindex":false},"product_brand":[1907],"product_cat":[2247],"product_tag":[3151],"berocket_brand":[],"woo-feed-brand":[],"class_list":{"0":"post-90869","1":"product","2":"type-product","3":"status-publish","4":"has-post-thumbnail","6":"product_brand-montblanc","7":"product_cat-montblanc-es","8":"product_tag-tarjetero","10":"first","11":"instock","12":"sale","13":"taxable","14":"shipping-taxable","15":"purchasable","16":"product-type-simple"},"bundled_by":[],"bundle_stock_status":"instock","bundle_stock_quantity":1,"bundle_virtual":false,"bundle_layout":"","bundle_add_to_cart_form_location":"","bundle_editable_in_cart":false,"bundle_sold_individually_context":"","bundle_item_grouping":"","bundle_min_size":"","bundle_max_size":"","bundle_price":[],"bundled_items":[],"bundle_sell_ids":[],"group_of_quantity":0,"min_quantity":0,"max_quantity":"","exclude_order_quantity_value_rules":"no","exclude_category_quantity_rules":"no","combine_variations":"no","exclude_global_add_ons":[],"addons":[],"jetpack_sharing_enabled":true,"jetpack_likes_enabled":true,"_links":{"self":[{"href":"https:\/\/watchdeluxe.it\/es\/wp-json\/wp\/v2\/product\/90869","targetHints":{"allow":["GET"]}}],"collection":[{"href":"https:\/\/watchdeluxe.it\/es\/wp-json\/wp\/v2\/product"}],"about":[{"href":"https:\/\/watchdeluxe.it\/es\/wp-json\/wp\/v2\/types\/product"}],"wp:featuredmedia":[{"embeddable":true,"href":"https:\/\/watchdeluxe.it\/es\/wp-json\/wp\/v2\/media\/90860"}],"wp:attachment":[{"href":"https:\/\/watchdeluxe.it\/es\/wp-json\/wp\/v2\/media?parent=90869"}],"wp:term":[{"taxonomy":"product_brand","embeddable":true,"href":"https:\/\/watchdeluxe.it\/es\/wp-json\/wp\/v2\/product_brand?post=90869"},{"taxonomy":"product_cat","embeddable":true,"href":"https:\/\/watchdeluxe.it\/es\/wp-json\/wp\/v2\/product_cat?post=90869"},{"taxonomy":"product_tag","embeddable":true,"href":"https:\/\/watchdeluxe.it\/es\/wp-json\/wp\/v2\/product_tag?post=90869"},{"taxonomy":"berocket_brand","embeddable":true,"href":"https:\/\/watchdeluxe.it\/es\/wp-json\/wp\/v2\/berocket_brand?post=90869"},{"taxonomy":"woo-feed-brand","embeddable":true,"href":"https:\/\/watchdeluxe.it\/es\/wp-json\/wp\/v2\/woo-feed-brand?post=90869"}],"curies":[{"name":"wp","href":"https:\/\/api.w.org\/{rel}","templated":true}]}}