{"id":90087,"date":"2024-01-12T18:29:18","date_gmt":"2024-01-12T17:29:18","guid":{"rendered":"https:\/\/watchdeluxe.it\/prodotto\/nomos-metro-33-ref-1124\/"},"modified":"2026-04-14T14:33:39","modified_gmt":"2026-04-14T12:33:39","slug":"nomos-metro-33-ref-1124","status":"publish","type":"product","link":"https:\/\/watchdeluxe.it\/es\/prodotto\/nomos-metro-33-ref-1124\/","title":{"rendered":"Nomos metro 33 ref. 1124"},"content":{"rendered":"<p>Nomos Metro 33 ref. 1124<\/p>\n<div class=\"list-couple\">\n<div class=\"specs-list\">\n<dl>\n<dt>Caja<\/dt>\n<dd>acero inoxidable, bipartita<br \/>\nfondo de acero inoxidable<\/dd>\n<\/dl>\n<dl>\n<dt>Cristal<\/dt>\n<dd>cristal de zafiro abombado<\/dd>\n<\/dl>\n<dl>\n<dt>Carga<\/dt>\n<dd>manual<\/dd>\n<\/dl>\n<dl>\n<dt>Dimensiones<\/dt>\n<dd>di\u00e1metro <span class=\"size-property\"> 33,0 mm <\/span><br \/>\ngrosor <span class=\"size-property\"> 7,5 mm <\/span><br \/>\nDimensi\u00f3n externa de la asa <span class=\"size-property\"> 40,0 mm <\/span><\/dd>\n<\/dl>\n<dl>\n<dt>Resistencia al agua<\/dt>\n<dd>5 atm (resistente bajo la ducha)<\/dd>\n<\/dl>\n<\/div>\n<div class=\"specs-list\">\n<dl>\n<dt>Esfera<\/dt>\n<dd>galvanizada, verde salvia, \u00edndices verde menta a las 3, 9 y 12, \u00edndices de minutos amarillos<\/dd>\n<\/dl>\n<dl>\n<dt>Agujas<\/dt>\n<dd>chapado en rodio, aguja de segundos amarilla<\/dd>\n<\/dl>\n<dl>\n<dt>correa<\/dt>\n<dd>Ante vegano, ribeteado, gris aterciopelado, con barras de muelle de liberaci\u00f3n r\u00e1pida<br \/>\n<span class=\"size-property\"> ancho de asa 16 mm <\/span><\/dd>\n<\/dl>\n<\/div>\n<\/div>\n","protected":false},"excerpt":{"rendered":"<p>Nomos Metro 33 ref. 1124 Caja acero inoxidable, bipartita fondo de acero inoxidable Cristal cristal de zafiro abombado Carga manual Dimensiones di\u00e1metro 33,0 mm grosor 7,5 mm Dimensi\u00f3n externa de la asa 40,0 mm Resistencia al agua 5 atm (resistente bajo la ducha) Esfera galvanizada, verde salvia, \u00edndices verde menta a las 3, 9 y [&hellip;]<\/p>\n","protected":false},"featured_media":90079,"template":"","meta":{"_crdt_document":"","advanced_seo_description":"","jetpack_seo_html_title":"","jetpack_seo_noindex":false},"product_brand":[],"product_cat":[2360],"product_tag":[3431],"berocket_brand":[],"woo-feed-brand":[],"class_list":{"0":"post-90087","1":"product","2":"type-product","3":"status-publish","4":"has-post-thumbnail","6":"product_cat-nomos-glashutte-es","7":"product_tag-metro-es","9":"first","10":"instock","11":"sale","12":"taxable","13":"shipping-taxable","14":"purchasable","15":"product-type-simple"},"bundled_by":[],"bundle_stock_status":"instock","bundle_stock_quantity":1,"bundle_virtual":false,"bundle_layout":"","bundle_add_to_cart_form_location":"","bundle_editable_in_cart":false,"bundle_sold_individually_context":"","bundle_item_grouping":"","bundle_min_size":"","bundle_max_size":"","bundle_price":[],"bundled_items":[],"bundle_sell_ids":[],"group_of_quantity":0,"min_quantity":0,"max_quantity":"","exclude_order_quantity_value_rules":"no","exclude_category_quantity_rules":"no","combine_variations":"no","jetpack_sharing_enabled":true,"jetpack_likes_enabled":true,"_links":{"self":[{"href":"https:\/\/watchdeluxe.it\/es\/wp-json\/wp\/v2\/product\/90087","targetHints":{"allow":["GET"]}}],"collection":[{"href":"https:\/\/watchdeluxe.it\/es\/wp-json\/wp\/v2\/product"}],"about":[{"href":"https:\/\/watchdeluxe.it\/es\/wp-json\/wp\/v2\/types\/product"}],"wp:featuredmedia":[{"embeddable":true,"href":"https:\/\/watchdeluxe.it\/es\/wp-json\/wp\/v2\/media\/90079"}],"wp:attachment":[{"href":"https:\/\/watchdeluxe.it\/es\/wp-json\/wp\/v2\/media?parent=90087"}],"wp:term":[{"taxonomy":"product_brand","embeddable":true,"href":"https:\/\/watchdeluxe.it\/es\/wp-json\/wp\/v2\/product_brand?post=90087"},{"taxonomy":"product_cat","embeddable":true,"href":"https:\/\/watchdeluxe.it\/es\/wp-json\/wp\/v2\/product_cat?post=90087"},{"taxonomy":"product_tag","embeddable":true,"href":"https:\/\/watchdeluxe.it\/es\/wp-json\/wp\/v2\/product_tag?post=90087"},{"taxonomy":"berocket_brand","embeddable":true,"href":"https:\/\/watchdeluxe.it\/es\/wp-json\/wp\/v2\/berocket_brand?post=90087"},{"taxonomy":"woo-feed-brand","embeddable":true,"href":"https:\/\/watchdeluxe.it\/es\/wp-json\/wp\/v2\/woo-feed-brand?post=90087"}],"curies":[{"name":"wp","href":"https:\/\/api.w.org\/{rel}","templated":true}]}}