{"id":90077,"date":"2024-01-12T18:26:52","date_gmt":"2024-01-12T17:26:52","guid":{"rendered":"https:\/\/watchdeluxe.it\/prodotto\/club-sport-neomatik-39-brasa-ref-761\/"},"modified":"2024-01-12T18:26:52","modified_gmt":"2024-01-12T17:26:52","slug":"club-sport-neomatik-39-brasa-ref-761","status":"publish","type":"product","link":"https:\/\/watchdeluxe.it\/es\/prodotto\/club-sport-neomatik-39-brasa-ref-761\/","title":{"rendered":"Club Sport neomatik 39 brasa ref. 761"},"content":{"rendered":"<p>Club Sport neomatik 39 brasa ref. 761<\/p>\n<div class=\"list-couple\">\n<div class=\"specs-list\">\n<dl>\n<dt>Caso<\/dt>\n<dd>acero inoxidable, bipartito<br \/>\ntrasera de acero inoxidable<br \/>\natornillado<\/dd>\n<\/dl>\n<dl>\n<dt>Vidrio<\/dt>\n<dd>cristal de zafiro con revestimiento antirreflectante<\/dd>\n<\/dl>\n<dl>\n<dt>Carga<\/dt>\n<dd>autom\u00e1tico<\/dd>\n<\/dl>\n<dl>\n<dt>Dimensiones<\/dt>\n<dd><span class=\"size-property\"> 39,5 mm <\/span> de di\u00e1metro<br \/>\ngrosor 8 <span class=\"size-property\">,4 mm <\/span><br \/>\nTama\u00f1o del bucle exterior <span class=\"size-property\"> 49,5 mm <\/span> <\/dd>\n<\/dl>\n<dl>\n<dt>Resistencia al agua<\/dt>\n<dd>20 atm (resistente a la inmersi\u00f3n)<\/dd>\n<\/dl>\n<\/div>\n<div class=\"specs-list\">\n<dl>\n<dt>Marque<\/dt>\n<dd>galvanizado, oro beige, con acabado soleado, n\u00fameros horarios e \u00edndices superluminova en blanco<\/dd>\n<\/dl>\n<dl>\n<dt>Manos<\/dt>\n<dd>rodiado, con inserciones de superluminova blanca<\/dd>\n<\/dl>\n<dl>\n<dt>correa<\/dt>\n<dd>Brazalete Club Sport, con pasadores de cierre r\u00e1pido<br \/>\n<span class=\"size-property\">  ancho de bucle 20 mm  <\/span><\/dd>\n<\/dl>\n<\/div>\n<\/div>\n","protected":false},"excerpt":{"rendered":"<p>Club Sport neomatik 39 brasa ref. 761 Caso acero inoxidable, bipartito trasera de acero inoxidable atornillado Vidrio cristal de zafiro con revestimiento antirreflectante Carga autom\u00e1tico Dimensiones 39,5 mm de di\u00e1metro grosor 8 ,4 mm Tama\u00f1o del bucle exterior 49,5 mm Resistencia al agua 20 atm (resistente a la inmersi\u00f3n) Marque galvanizado, oro beige, con acabado [&hellip;]<\/p>\n","protected":false},"featured_media":90073,"template":"","meta":{"_crdt_document":"","advanced_seo_description":"","jetpack_seo_html_title":"","jetpack_seo_noindex":false},"product_brand":[2154],"product_cat":[2360],"product_tag":[2389],"berocket_brand":[],"woo-feed-brand":[],"class_list":{"0":"post-90077","1":"product","2":"type-product","3":"status-publish","4":"has-post-thumbnail","6":"product_brand-nomos-glashutte","7":"product_cat-nomos-glashutte-es","8":"product_tag-club-es","10":"first","11":"instock","12":"sale","13":"taxable","14":"shipping-taxable","15":"purchasable","16":"product-type-simple"},"bundled_by":[],"bundle_stock_status":"instock","bundle_stock_quantity":null,"bundle_virtual":false,"bundle_layout":"","bundle_add_to_cart_form_location":"","bundle_editable_in_cart":false,"bundle_sold_individually_context":"","bundle_item_grouping":"","bundle_min_size":"","bundle_max_size":"","bundle_price":[],"bundled_items":[],"bundle_sell_ids":[],"group_of_quantity":0,"min_quantity":0,"max_quantity":"","exclude_order_quantity_value_rules":"no","exclude_category_quantity_rules":"no","combine_variations":"no","jetpack_sharing_enabled":true,"jetpack_likes_enabled":true,"_links":{"self":[{"href":"https:\/\/watchdeluxe.it\/es\/wp-json\/wp\/v2\/product\/90077","targetHints":{"allow":["GET"]}}],"collection":[{"href":"https:\/\/watchdeluxe.it\/es\/wp-json\/wp\/v2\/product"}],"about":[{"href":"https:\/\/watchdeluxe.it\/es\/wp-json\/wp\/v2\/types\/product"}],"wp:featuredmedia":[{"embeddable":true,"href":"https:\/\/watchdeluxe.it\/es\/wp-json\/wp\/v2\/media\/90073"}],"wp:attachment":[{"href":"https:\/\/watchdeluxe.it\/es\/wp-json\/wp\/v2\/media?parent=90077"}],"wp:term":[{"taxonomy":"product_brand","embeddable":true,"href":"https:\/\/watchdeluxe.it\/es\/wp-json\/wp\/v2\/product_brand?post=90077"},{"taxonomy":"product_cat","embeddable":true,"href":"https:\/\/watchdeluxe.it\/es\/wp-json\/wp\/v2\/product_cat?post=90077"},{"taxonomy":"product_tag","embeddable":true,"href":"https:\/\/watchdeluxe.it\/es\/wp-json\/wp\/v2\/product_tag?post=90077"},{"taxonomy":"berocket_brand","embeddable":true,"href":"https:\/\/watchdeluxe.it\/es\/wp-json\/wp\/v2\/berocket_brand?post=90077"},{"taxonomy":"woo-feed-brand","embeddable":true,"href":"https:\/\/watchdeluxe.it\/es\/wp-json\/wp\/v2\/woo-feed-brand?post=90077"}],"curies":[{"name":"wp","href":"https:\/\/api.w.org\/{rel}","templated":true}]}}