{"id":89951,"date":"2024-01-10T16:31:04","date_gmt":"2024-01-10T15:31:04","guid":{"rendered":"https:\/\/watchdeluxe.it\/prodotto\/breitling-avenger-b01-cronografo-ref-ab0147101l1a1\/"},"modified":"2024-04-15T15:59:12","modified_gmt":"2024-04-15T13:59:12","slug":"breitling-avenger-b01-cronografo-ref-ab0147101l1a1","status":"publish","type":"product","link":"https:\/\/watchdeluxe.it\/es\/prodotto\/breitling-avenger-b01-cronografo-ref-ab0147101l1a1\/","title":{"rendered":"Breitling Avenger B01 cron\u00f3grafo ref. AB0147101L1A1"},"content":{"rendered":"<p>Breitling Avenger B01 cron\u00f3grafo ref. AB0147101L1A1<\/p>\n<div class=\"content-technical-data mt-15 pb-10\">\n<h3 class=\"font-weight-bold title\">Movimiento<\/h3>\n<table class=\"mt-10 w-100\">\n<tbody>\n<tr>\n<th class=\"pl-0 pr-5 text-left vertical-align-top\" scope=\"row\">Calibre<\/th>\n<td class=\"vertical-align-top\">Breitling 01 (Fabricaci\u00f3n)<\/td>\n<\/tr>\n<tr>\n<th class=\"pl-0 pr-5 text-left vertical-align-top\" scope=\"row\">Movimiento<\/th>\n<td class=\"vertical-align-top\">Mec\u00e1nica, bobinado autom\u00e1tico<\/td>\n<\/tr>\n<tr>\n<th class=\"pl-0 pr-5 text-left vertical-align-top\" scope=\"row\">Reserva de funcionamiento<\/th>\n<td class=\"vertical-align-top\">Aprox. 70 horas<\/td>\n<\/tr>\n<tr>\n<th class=\"pl-0 pr-5 text-left vertical-align-top\" scope=\"row\">Cron\u00f3grafo<\/th>\n<td class=\"vertical-align-top\">\u00bc segundo, 30 minutos, 12 horas<\/td>\n<\/tr>\n<tr>\n<th class=\"pl-0 pr-5 text-left vertical-align-top\" scope=\"row\">Alternancia<\/th>\n<td class=\"vertical-align-top\">28 800 a\/h<\/td>\n<\/tr>\n<tr>\n<th class=\"pl-0 pr-5 text-left vertical-align-top\" scope=\"row\">Ruby<\/th>\n<td class=\"vertical-align-top\">45 rub\u00edes<\/td>\n<\/tr>\n<tr>\n<th class=\"pl-0 pr-5 text-left vertical-align-top\" scope=\"row\">Calendario<\/th>\n<td class=\"vertical-align-top\">Una ventana en la esfera<\/td>\n<\/tr>\n<\/tbody>\n<\/table>\n<\/div>\n<div class=\"content-technical-data mt-15 pb-10\">\n<h3 class=\"font-weight-bold title\">Caso<\/h3>\n<table class=\"mt-10 w-100\">\n<tbody>\n<tr>\n<th class=\"pl-0 pr-5 text-left vertical-align-top\" scope=\"row\">Material del malet\u00edn<\/th>\n<td class=\"vertical-align-top\">Acero inoxidable<\/td>\n<\/tr>\n<tr>\n<th class=\"pl-0 pr-5 text-left vertical-align-top\" scope=\"row\">Fondocassa<\/th>\n<td class=\"vertical-align-top\">A rosca (cristal de zafiro)<\/td>\n<\/tr>\n<tr>\n<th class=\"pl-0 pr-5 text-left vertical-align-top\" scope=\"row\">Impermeable<\/th>\n<td class=\"vertical-align-top\">300 metros <span class=\"align-items-center bg-primary-yellow cursor-pointer d-flex justify-content-center ml-5 rounded-circle text-white water-resistance-description-open-popup\" tabindex=\"0\" role=\"button\" aria-label=\"price information\" data-popin-id=\"water_resistance\" data-popin-title=\"Impermeabilit\u00e0\" data-uw-rm-kbnav=\"role\">i<\/span><\/td>\n<\/tr>\n<tr>\n<th class=\"pl-0 pr-5 text-left vertical-align-top\" scope=\"row\">Bisel<\/th>\n<td class=\"vertical-align-top\">Unidireccional con tope<\/td>\n<\/tr>\n<tr>\n<th class=\"pl-0 pr-5 text-left vertical-align-top\" scope=\"row\">Corona<\/th>\n<td class=\"vertical-align-top\">Tornillo, dos juntas<\/td>\n<\/tr>\n<tr>\n<th class=\"pl-0 pr-5 text-left vertical-align-top\" scope=\"row\">Vidrio<\/th>\n<td class=\"vertical-align-top\">Zafiro convexo, antirreflejos por ambas caras<\/td>\n<\/tr>\n<\/tbody>\n<\/table>\n<\/div>\n<div class=\"content-technical-data mt-15 pb-10\">\n<h3 class=\"font-weight-bold title\">Dimensiones<\/h3>\n<table class=\"mt-10 w-100\">\n<tbody>\n<tr>\n<th class=\"pl-0 pr-5 text-left vertical-align-top\" scope=\"row\">Peso del producto (aprox.)<\/th>\n<td class=\"vertical-align-top\">137,0 g<\/td>\n<\/tr>\n<tr>\n<th class=\"pl-0 pr-5 text-left vertical-align-top\" scope=\"row\">Peso de la cabeza del reloj (aprox.)<\/th>\n<td class=\"vertical-align-top\">114,0 g.<\/td>\n<\/tr>\n<tr>\n<th class=\"pl-0 pr-5 text-left vertical-align-top\" scope=\"row\">Di\u00e1metro<\/th>\n<td class=\"vertical-align-top\">44,0 mm<\/td>\n<\/tr>\n<tr>\n<th class=\"pl-0 pr-5 text-left vertical-align-top\" scope=\"row\">Espesor<\/th>\n<td class=\"vertical-align-top\">15,2 mm<\/td>\n<\/tr>\n<tr>\n<th class=\"pl-0 pr-5 text-left vertical-align-top\" scope=\"row\">Altura (desde el extremo superior del bucle hasta el extremo inferior)<\/th>\n<td class=\"vertical-align-top\">53,0 mm<\/td>\n<\/tr>\n<tr>\n<th class=\"pl-0 pr-5 text-left vertical-align-top\" scope=\"row\">Anchura de la aleta (bucle intermedio)<\/th>\n<td class=\"vertical-align-top\">22,0 mm<\/td>\n<\/tr>\n<\/tbody>\n<\/table>\n<\/div>\n<div class=\"content-technical-data mt-15 pb-10\">\n<h3 class=\"font-weight-bold title\">Correa<\/h3>\n<table class=\"mt-10 w-100\">\n<tbody>\n<tr>\n<th class=\"pl-0 pr-5 text-left vertical-align-top\" scope=\"row\">Material de la correa<\/th>\n<td class=\"vertical-align-top\">Piel de becerro<\/td>\n<\/tr>\n<tr>\n<th class=\"pl-0 pr-5 text-left vertical-align-top\" scope=\"row\">Color de la correa<\/th>\n<td class=\"vertical-align-top\">Verde<\/td>\n<\/tr>\n<tr>\n<th class=\"pl-0 pr-5 text-left vertical-align-top\" scope=\"row\">Tipo de correa<\/th>\n<td class=\"vertical-align-top\">Recto<\/td>\n<\/tr>\n<tr>\n<th class=\"pl-0 pr-5 text-left vertical-align-top\" scope=\"row\">Distancia entre bucles<\/th>\n<td class=\"vertical-align-top\">22\/20 mm<\/td>\n<\/tr>\n<tr>\n<th class=\"pl-0 pr-5 text-left vertical-align-top\" scope=\"row\">Material de la hebilla<\/th>\n<td class=\"vertical-align-top\">Acero inoxidable<\/td>\n<\/tr>\n<tr>\n<th class=\"pl-0 pr-5 text-left vertical-align-top\" scope=\"row\">Clip<\/th>\n<td class=\"vertical-align-top\">Plegable<\/td>\n<\/tr>\n<tr>\n<th class=\"pl-0 pr-5 text-left vertical-align-top\" scope=\"row\">Tama\u00f1o de la hebilla<\/th>\n<td class=\"vertical-align-top\">20 mm<\/td>\n<\/tr>\n<\/tbody>\n<\/table>\n<\/div>\n","protected":false},"excerpt":{"rendered":"<p>Breitling Avenger B01 cron\u00f3grafo ref. AB0147101L1A1 Movimiento Calibre Breitling 01 (Fabricaci\u00f3n) Movimiento Mec\u00e1nica, bobinado autom\u00e1tico Reserva de funcionamiento Aprox. 70 horas Cron\u00f3grafo \u00bc segundo, 30 minutos, 12 horas Alternancia 28 800 a\/h Ruby 45 rub\u00edes Calendario Una ventana en la esfera Caso Material del malet\u00edn Acero inoxidable Fondocassa A rosca (cristal de zafiro) Impermeable 300 [&hellip;]<\/p>\n","protected":false},"featured_media":89947,"template":"","meta":{"_crdt_document":"","advanced_seo_description":"","jetpack_seo_html_title":"","jetpack_seo_noindex":false},"product_brand":[],"product_cat":[2663],"product_tag":[2684],"berocket_brand":[],"woo-feed-brand":[],"class_list":{"0":"post-89951","1":"product","2":"type-product","3":"status-publish","4":"has-post-thumbnail","6":"product_cat-breitling-es","7":"product_tag-vengador","9":"first","10":"instock","11":"sale","12":"taxable","13":"shipping-taxable","14":"purchasable","15":"product-type-simple"},"bundled_by":[],"bundle_stock_status":"instock","bundle_stock_quantity":null,"bundle_virtual":false,"bundle_layout":"","bundle_add_to_cart_form_location":"","bundle_editable_in_cart":false,"bundle_sold_individually_context":"","bundle_item_grouping":"","bundle_min_size":"","bundle_max_size":"","bundle_price":[],"bundled_items":[],"bundle_sell_ids":[],"group_of_quantity":0,"min_quantity":0,"max_quantity":"","exclude_order_quantity_value_rules":"no","exclude_category_quantity_rules":"no","combine_variations":"no","jetpack_sharing_enabled":true,"jetpack_likes_enabled":true,"_links":{"self":[{"href":"https:\/\/watchdeluxe.it\/es\/wp-json\/wp\/v2\/product\/89951","targetHints":{"allow":["GET"]}}],"collection":[{"href":"https:\/\/watchdeluxe.it\/es\/wp-json\/wp\/v2\/product"}],"about":[{"href":"https:\/\/watchdeluxe.it\/es\/wp-json\/wp\/v2\/types\/product"}],"wp:featuredmedia":[{"embeddable":true,"href":"https:\/\/watchdeluxe.it\/es\/wp-json\/wp\/v2\/media\/89947"}],"wp:attachment":[{"href":"https:\/\/watchdeluxe.it\/es\/wp-json\/wp\/v2\/media?parent=89951"}],"wp:term":[{"taxonomy":"product_brand","embeddable":true,"href":"https:\/\/watchdeluxe.it\/es\/wp-json\/wp\/v2\/product_brand?post=89951"},{"taxonomy":"product_cat","embeddable":true,"href":"https:\/\/watchdeluxe.it\/es\/wp-json\/wp\/v2\/product_cat?post=89951"},{"taxonomy":"product_tag","embeddable":true,"href":"https:\/\/watchdeluxe.it\/es\/wp-json\/wp\/v2\/product_tag?post=89951"},{"taxonomy":"berocket_brand","embeddable":true,"href":"https:\/\/watchdeluxe.it\/es\/wp-json\/wp\/v2\/berocket_brand?post=89951"},{"taxonomy":"woo-feed-brand","embeddable":true,"href":"https:\/\/watchdeluxe.it\/es\/wp-json\/wp\/v2\/woo-feed-brand?post=89951"}],"curies":[{"name":"wp","href":"https:\/\/api.w.org\/{rel}","templated":true}]}}