{"id":89605,"date":"2023-03-17T18:55:24","date_gmt":"2023-03-17T17:55:24","guid":{"rendered":"https:\/\/watchdeluxe.it\/prodotto\/hamilton-ventura-oro-edicion-limitada-ref-h24311730\/"},"modified":"2026-04-24T10:10:00","modified_gmt":"2026-04-24T08:10:00","slug":"hamilton-ventura-oro-edicion-limitada-ref-h24311730","status":"publish","type":"product","link":"https:\/\/watchdeluxe.it\/es\/prodotto\/hamilton-ventura-oro-edicion-limitada-ref-h24311730\/","title":{"rendered":"Hamilton Ventura ORO, edici\u00f3n limitada ref. H24311730"},"content":{"rendered":"<p>Hamilton Ventura ORO, edici\u00f3n limitada ref. H24311730<\/p>\n<ul>\n<li class=\"col col-1-2-m watch\">Referencia : H24311730<br \/>\nCalibre : F05.115<br \/>\nColecci\u00f3n: Ventura<br \/>\nMovimiento : Cuarzo<br \/>\nDimensiones de la caja: 33,11 mm x 51,63 mm<br \/>\nColor de la esfera : Negro<br \/>\nMaterial de la caja : Oro<br \/>\nCristal : Zafiro<br \/>\nAnchura del bucle: 17 mm<br \/>\nRevestimiento Bronceado : Mineral<br \/>\nResistencia al agua: 5 bares (50 m)<\/li>\n<li class=\"col col-1-2-m strap\">\n<h4 aria-level=\"2\">Pulsera\/Correa<\/h4>\n<p>Accesorio REF : H6002431011<br \/>\nTipo de correa : Piel de vaca<br \/>\nTipo de hebilla : Mariposa<br \/>\nAncho de la hebilla : 16mm<br \/>\nTop Denotation : Cuero<br \/>\nTop Especies : Vaca<br \/>\nTop Bronceado : Mineral<br \/>\nImitaci\u00f3n superior : Imitaci\u00f3n alig\u00e1tor granulado<br \/>\nEspecie de forro : Becerro<\/li>\n<\/ul>\n","protected":false},"excerpt":{"rendered":"<p>Hamilton Ventura ORO, edici\u00f3n limitada ref. H24311730 Referencia : H24311730 Calibre : F05.115 Colecci\u00f3n: Ventura Movimiento : Cuarzo Dimensiones de la caja: 33,11 mm x 51,63 mm Color de la esfera : Negro Material de la caja : Oro Cristal : Zafiro Anchura del bucle: 17 mm Revestimiento Bronceado : Mineral Resistencia al agua: 5 [&hellip;]<\/p>\n","protected":false},"featured_media":178253,"template":"","meta":{"_crdt_document":"","advanced_seo_description":"","jetpack_seo_html_title":"","jetpack_seo_noindex":false},"product_brand":[],"product_cat":[2309],"product_tag":[],"berocket_brand":[],"woo-feed-brand":[],"class_list":{"0":"post-89605","1":"product","2":"type-product","3":"status-publish","4":"has-post-thumbnail","6":"product_cat-hamilton-es","8":"first","9":"instock","10":"sale","11":"taxable","12":"shipping-taxable","13":"purchasable","14":"product-type-simple"},"bundled_by":[],"bundle_stock_status":"instock","bundle_stock_quantity":1,"bundle_virtual":false,"bundle_layout":"","bundle_add_to_cart_form_location":"","bundle_editable_in_cart":false,"bundle_sold_individually_context":"","bundle_item_grouping":"","bundle_min_size":"","bundle_max_size":"","bundle_price":[],"bundled_items":[],"bundle_sell_ids":[],"group_of_quantity":0,"min_quantity":0,"max_quantity":"","exclude_order_quantity_value_rules":"no","exclude_category_quantity_rules":"no","combine_variations":"no","jetpack_sharing_enabled":true,"jetpack_likes_enabled":true,"_links":{"self":[{"href":"https:\/\/watchdeluxe.it\/es\/wp-json\/wp\/v2\/product\/89605","targetHints":{"allow":["GET"]}}],"collection":[{"href":"https:\/\/watchdeluxe.it\/es\/wp-json\/wp\/v2\/product"}],"about":[{"href":"https:\/\/watchdeluxe.it\/es\/wp-json\/wp\/v2\/types\/product"}],"wp:featuredmedia":[{"embeddable":true,"href":"https:\/\/watchdeluxe.it\/es\/wp-json\/wp\/v2\/media\/178253"}],"wp:attachment":[{"href":"https:\/\/watchdeluxe.it\/es\/wp-json\/wp\/v2\/media?parent=89605"}],"wp:term":[{"taxonomy":"product_brand","embeddable":true,"href":"https:\/\/watchdeluxe.it\/es\/wp-json\/wp\/v2\/product_brand?post=89605"},{"taxonomy":"product_cat","embeddable":true,"href":"https:\/\/watchdeluxe.it\/es\/wp-json\/wp\/v2\/product_cat?post=89605"},{"taxonomy":"product_tag","embeddable":true,"href":"https:\/\/watchdeluxe.it\/es\/wp-json\/wp\/v2\/product_tag?post=89605"},{"taxonomy":"berocket_brand","embeddable":true,"href":"https:\/\/watchdeluxe.it\/es\/wp-json\/wp\/v2\/berocket_brand?post=89605"},{"taxonomy":"woo-feed-brand","embeddable":true,"href":"https:\/\/watchdeluxe.it\/es\/wp-json\/wp\/v2\/woo-feed-brand?post=89605"}],"curies":[{"name":"wp","href":"https:\/\/api.w.org\/{rel}","templated":true}]}}